{"id":19078,"date":"2026-03-29T15:57:17","date_gmt":"2026-03-29T14:57:17","guid":{"rendered":"https:\/\/bigbuy.tupique.com\/produto\/hammer-drill-bosch-professional-gdr-12v-105-2600-rpm-12-v\/"},"modified":"2026-05-11T20:02:48","modified_gmt":"2026-05-11T18:02:48","slug":"hammer-drill-bosch-professional-gdr-12v-105-2600-rpm-12-v","status":"publish","type":"product","link":"https:\/\/bigbuy.tupique.com\/es\/produto\/hammer-drill-bosch-professional-gdr-12v-105-2600-rpm-12-v\/","title":{"rendered":"Perceuse d&#8217;impact BOSCH Professional GDR 12V-105 2600 rpm 12 V"},"content":{"rendered":"<p>Si vous aimez prendre soin de chaque d\u00e9tail de votre maison et d&#8217;\u00eatre \u00e0 la derni\u00e8re mode en mati\u00e8re de produits qui vous rendront la vie plus facile, achetez <b>Perceuse d&#8217;impact BOSCH Professional GDR 12V-105 2600 rpm 12 V<\/b> au meilleur prix.<\/p>\n<p>Le <b>Professional GDR 12V-105<\/b> de <b>BOSCH<\/b> est un <b>perceuse \u00e0 percussion<\/b> con\u00e7u pour les professionnels qui recherchent un outil compact, puissant et polyvalent pour le vissage et le per\u00e7age sur divers mat\u00e9riaux. Il fonctionne en <b>12 V<\/b> avec alimentation par <b>batterie<\/b>, garantissant une mobilit\u00e9 totale sans c\u00e2ble, id\u00e9al pour les chantiers ou zones sans acc\u00e8s direct \u00e0 l\u2019\u00e9lectricit\u00e9. Ce visseuse \u00e0 percussion offre une vitesse allant jusqu\u2019\u00e0 <b>2600 tr\/min<\/b>, assurant une performance efficace pour des applications exigeantes. Sa finition en <b>noir<\/b> refl\u00e8te la robustesse et la qualit\u00e9 caract\u00e9ristiques de la marque BOSCH. Il est livr\u00e9 avec une mallette r\u00e9sistante pour un transport et un stockage s\u00e9curis\u00e9s, ainsi que deux batteries de 2,0 Ah, offrant plus d\u2019autonomie et de flexibilit\u00e9 pour prolonger le travail sans interruption. Son design ergonomique et compact facilite la manipulation dans les espaces restreints et les t\u00e2ches longues, r\u00e9duisant la fatigue de l\u2019utilisateur. De plus, son m\u00e9canisme \u00e0 percussion permet de visser avec plus de force et de rapidit\u00e9 qu\u2019une perceuse classique, particuli\u00e8rement utile pour les vis et fixations tr\u00e8s dures. Cet outil fait partie de la gamme professionnelle BOSCH, reconnue pour sa durabilit\u00e9 et ses performances en environnements exigeants. En r\u00e9sum\u00e9, le <b>BOSCH Professional GDR 12V-105<\/b> se positionne comme une solution efficace et fiable pour les professionnels cherchant \u00e0 allier puissance, mobilit\u00e9 et confort dans une perceuse-visseuse \u00e0 percussion compacte.<\/p>\n<ul>\n<li>Bloc d\u2019Alimentation:\n<ul>\n<li>Batterie<\/li>\n<li>r\u00e9seau \u00e9lectrique<\/li>\n<li>Batterie rechargeable<\/li>\n<\/ul>\n<\/li>\n<li>Type de prise: Prise EU<\/li>\n<li>Inclut:\n<ul>\n<li>Chargeur de batterie<\/li>\n<li>Porte documents<\/li>\n<li>Batterie au lithium rechargeable x 2<\/li>\n<\/ul>\n<\/li>\n<li>Produit \u00e0 brancher: Oui<\/li>\n<li>Type: Tournevis<\/li>\n<li>Couleur:\n<ul>\n<li>Bleu<\/li>\n<li>Noir<\/li>\n<\/ul>\n<\/li>\n<li>diam\u00e8tre approx.: 7 mm<\/li>\n<li>Tension: 12 V<\/li>\n<li>vitesse: 2600 rpm<\/li>\n<li>Amp\u00e9rage: 2 A<\/li>\n<li>Type de batterie: Litio Ion<\/li>\n<\/ul>","protected":false},"excerpt":{"rendered":"<p>Si vous aimez prendre soin de chaque d\u00e9tail de votre maison et d&#8217;\u00eatre \u00e0 la derni\u00e8re mode en mati\u00e8re de produits qui vous rendront la vie plus facile, achetez Perceuse d&#8217;impact BOSCH Professional GDR 12V-105 2600 rpm 12 V au meilleur prix. Le Professional GDR 12V-105 de BOSCH est un perceuse \u00e0 percussion con\u00e7u pour [&hellip;]<\/p>\n","protected":false},"featured_media":19075,"comment_status":"open","ping_status":"closed","template":"","meta":[],"product_brand":[162],"product_cat":[613,239],"product_tag":[59,210],"class_list":{"0":"post-19078","1":"product","2":"type-product","3":"status-publish","4":"has-post-thumbnail","6":"product_brand-brandp_959","7":"product_cat-bricolage-et-materiel","8":"product_cat-maison-jardin","9":"product_tag-tag_1304","10":"product_tag-tag_25","12":"first","13":"instock","14":"taxable","15":"shipping-taxable","16":"purchasable","17":"product-type-simple"},"_links":{"self":[{"href":"https:\/\/bigbuy.tupique.com\/es\/wp-json\/wp\/v2\/product\/19078","targetHints":{"allow":["GET"]}}],"collection":[{"href":"https:\/\/bigbuy.tupique.com\/es\/wp-json\/wp\/v2\/product"}],"about":[{"href":"https:\/\/bigbuy.tupique.com\/es\/wp-json\/wp\/v2\/types\/product"}],"replies":[{"embeddable":true,"href":"https:\/\/bigbuy.tupique.com\/es\/wp-json\/wp\/v2\/comments?post=19078"}],"wp:featuredmedia":[{"embeddable":true,"href":"https:\/\/bigbuy.tupique.com\/es\/wp-json\/wp\/v2\/media\/19075"}],"wp:attachment":[{"href":"https:\/\/bigbuy.tupique.com\/es\/wp-json\/wp\/v2\/media?parent=19078"}],"wp:term":[{"taxonomy":"product_brand","embeddable":true,"href":"https:\/\/bigbuy.tupique.com\/es\/wp-json\/wp\/v2\/product_brand?post=19078"},{"taxonomy":"product_cat","embeddable":true,"href":"https:\/\/bigbuy.tupique.com\/es\/wp-json\/wp\/v2\/product_cat?post=19078"},{"taxonomy":"product_tag","embeddable":true,"href":"https:\/\/bigbuy.tupique.com\/es\/wp-json\/wp\/v2\/product_tag?post=19078"}],"curies":[{"name":"wp","href":"https:\/\/api.w.org\/{rel}","templated":true}]}}