{"id":19059,"date":"2026-03-29T15:56:48","date_gmt":"2026-03-29T14:56:48","guid":{"rendered":"https:\/\/bigbuy.tupique.com\/produto\/perforating-hammer-bosch-professional-gbh-18v-26-f\/"},"modified":"2026-05-11T20:02:48","modified_gmt":"2026-05-11T18:02:48","slug":"perforating-hammer-bosch-professional-gbh-18v-26-f","status":"publish","type":"product","link":"https:\/\/bigbuy.tupique.com\/es\/produto\/perforating-hammer-bosch-professional-gbh-18v-26-f\/","title":{"rendered":"Marteau perforateur BOSCH Professional GBH 18V-26 F"},"content":{"rendered":"<p>Si vous aimez prendre soin de chaque d\u00e9tail de votre maison et d&#8217;\u00eatre \u00e0 la derni\u00e8re mode en mati\u00e8re de produits qui vous rendront la vie plus facile, achetez <b>Marteau perforateur BOSCH Professional GBH 18V-26 F<\/b> au meilleur prix.<\/p>\n<p>Le <b>BOSCH Professional GBH 18V-26 F<\/b> est un <b>marteau perforateur<\/b> sans fil con\u00e7u pour les professionnels qui exigent puissance et pr\u00e9cision dans les travaux de per\u00e7age et de percussion. Il fonctionne avec une <b>source d\u2019alimentation par batterie rechargeable 18 V<\/b>, offrant une excellente mobilit\u00e9 et libert\u00e9 d\u2019utilisation sans c\u00e2ble, id\u00e9al pour les chantiers et espaces sans acc\u00e8s direct au r\u00e9seau \u00e9lectrique. Son design ergonomique int\u00e8gre une <b>poign\u00e9e double<\/b> qui am\u00e9liore la prise en main et le contr\u00f4le lors de t\u00e2ches prolong\u00e9es ou en positions complexes, r\u00e9duisant la fatigue de l\u2019utilisateur. La perceuse se distingue par sa fonction de <b>vibration contr\u00f4l\u00e9e<\/b>, qui diminue significativement l\u2019impact vibratoire sur les mains, assurant plus de confort et de s\u00e9curit\u00e9 pendant l\u2019usage. Avec une puissance de <b>850 W<\/b> et un design compact de couleur <b>bleue<\/b>, ce mod\u00e8le allie robustesse et fonctionnalit\u00e9 avanc\u00e9e. Il est \u00e9quip\u00e9 d\u2019un syst\u00e8me SDS facilitant le changement rapide et s\u00fbr des accessoires, adapt\u00e9 \u00e0 diverses applications telles que le per\u00e7age dans le b\u00e9ton, la ma\u00e7onnerie, le m\u00e9tal ou le bois. L\u2019absence de c\u00e2ble combin\u00e9e \u00e0 la technologie Bosch Professional garantit haute efficacit\u00e9 et polyvalence pour diff\u00e9rents travaux de construction et bricolage. Ce marteau perforateur professionnel est une solution fiable et puissante pour les utilisateurs recherchant performance et autonomie dans leurs outils \u00e9lectriques portables.<\/p>\n<ul>\n<li>Non Inclus: Batterie<\/li>\n<li>Bloc d\u2019Alimentation:\n<ul>\n<li>Batterie<\/li>\n<li>r\u00e9seau \u00e9lectrique<\/li>\n<li>Batterie rechargeable<\/li>\n<\/ul>\n<\/li>\n<li>Inclut: Mandrin de perceuse<\/li>\n<li>Caract\u00e9ristiques:\n<ul>\n<li>Vibration<\/li>\n<li>Double poign\u00e9e<\/li>\n<\/ul>\n<\/li>\n<li>Vibration: 1,5 m\/s\u00b2<\/li>\n<li>Produit \u00e0 brancher: Oui<\/li>\n<li>Type de prise: Prise EU<\/li>\n<li>Couleur: Bleu<\/li>\n<li>Tension: 18 V<\/li>\n<li>puissance: 850 W<\/li>\n<li>Type de batterie: Litio Ion<\/li>\n<li>Type d&#8217;ancrage: SDS Plus<\/li>\n<\/ul>","protected":false},"excerpt":{"rendered":"<p>Si vous aimez prendre soin de chaque d\u00e9tail de votre maison et d&#8217;\u00eatre \u00e0 la derni\u00e8re mode en mati\u00e8re de produits qui vous rendront la vie plus facile, achetez Marteau perforateur BOSCH Professional GBH 18V-26 F au meilleur prix. Le BOSCH Professional GBH 18V-26 F est un marteau perforateur sans fil con\u00e7u pour les professionnels [&hellip;]<\/p>\n","protected":false},"featured_media":19054,"comment_status":"open","ping_status":"closed","template":"","meta":[],"product_brand":[162],"product_cat":[613,239],"product_tag":[59,210],"class_list":{"0":"post-19059","1":"product","2":"type-product","3":"status-publish","4":"has-post-thumbnail","6":"product_brand-brandp_959","7":"product_cat-bricolage-et-materiel","8":"product_cat-maison-jardin","9":"product_tag-tag_1304","10":"product_tag-tag_25","12":"first","13":"instock","14":"taxable","15":"shipping-taxable","16":"purchasable","17":"product-type-simple"},"_links":{"self":[{"href":"https:\/\/bigbuy.tupique.com\/es\/wp-json\/wp\/v2\/product\/19059","targetHints":{"allow":["GET"]}}],"collection":[{"href":"https:\/\/bigbuy.tupique.com\/es\/wp-json\/wp\/v2\/product"}],"about":[{"href":"https:\/\/bigbuy.tupique.com\/es\/wp-json\/wp\/v2\/types\/product"}],"replies":[{"embeddable":true,"href":"https:\/\/bigbuy.tupique.com\/es\/wp-json\/wp\/v2\/comments?post=19059"}],"wp:featuredmedia":[{"embeddable":true,"href":"https:\/\/bigbuy.tupique.com\/es\/wp-json\/wp\/v2\/media\/19054"}],"wp:attachment":[{"href":"https:\/\/bigbuy.tupique.com\/es\/wp-json\/wp\/v2\/media?parent=19059"}],"wp:term":[{"taxonomy":"product_brand","embeddable":true,"href":"https:\/\/bigbuy.tupique.com\/es\/wp-json\/wp\/v2\/product_brand?post=19059"},{"taxonomy":"product_cat","embeddable":true,"href":"https:\/\/bigbuy.tupique.com\/es\/wp-json\/wp\/v2\/product_cat?post=19059"},{"taxonomy":"product_tag","embeddable":true,"href":"https:\/\/bigbuy.tupique.com\/es\/wp-json\/wp\/v2\/product_tag?post=19059"}],"curies":[{"name":"wp","href":"https:\/\/api.w.org\/{rel}","templated":true}]}}