{"id":18956,"date":"2026-03-29T15:44:23","date_gmt":"2026-03-29T14:44:23","guid":{"rendered":"https:\/\/bigbuy.tupique.com\/produto\/scanner-epson-es-c320w\/"},"modified":"2026-05-11T19:59:30","modified_gmt":"2026-05-11T17:59:30","slug":"scanner-epson-es-c320w","status":"publish","type":"product","link":"https:\/\/bigbuy.tupique.com\/es\/produto\/scanner-epson-es-c320w\/","title":{"rendered":"Scanner Epson ES-C320W"},"content":{"rendered":"<p>Si vous \u00eates passionn\u00e9 d&#8217;<b>informatique et d&#8217;\u00e9lectronique<\/b>, si vous \u00eates \u00e0 la pointe de la technologie et qu&#8217;aucun d\u00e9tail ne vous \u00e9chappe, achetez <b>Scanner Epson ES-C320W<\/b> au meilleur prix.<\/p>\n<p>Le <b>scanner Epson ES-C320W<\/b> est un appareil robuste et polyvalent con\u00e7u pour r\u00e9pondre aux besoins de num\u00e9risation dans les bureaux et environnements professionnels exigeant efficacit\u00e9 et connectivit\u00e9 avanc\u00e9e. Ce <b>scanner<\/b> noir offre une r\u00e9solution optique de <b>600 x 600 dpi<\/b>, garantissant une capture d\u00e9taill\u00e9e des documents et supports graphiques jusqu\u2019au format <b>A4 (215,9 x 3048 mm)<\/b>, pour des scans nets et de haute qualit\u00e9. Son syst\u00e8me d\u2019alimentation automatique de documents (<b>ADF<\/b>) d\u2019une capacit\u00e9 de <b>20 feuilles<\/b> optimise le flux de travail en permettant de traiter des lots sans intervention continue, tout en acceptant divers supports, y compris cartes de visite, cartes plastiques et cartes postales, s\u2019adaptant \u00e0 diff\u00e9rentes applications professionnelles. La connectivit\u00e9 sans fil via <b>Wi-Fi 4 (802.11n)<\/b> et la connexion filaire par <b>USB 2.0<\/b> assurent une int\u00e9gration simple et flexible avec plusieurs appareils et r\u00e9seaux, facilitant le transfert rapide et s\u00e9curis\u00e9 des documents. Il int\u00e8gre \u00e9galement la fonction ReadyScan LED comme source lumineuse pour un scan efficace et \u00e0 faible consommation d\u2019\u00e9nergie. Parmi ses fonctionnalit\u00e9s, la possibilit\u00e9 d\u2019envoyer les fichiers scann\u00e9s directement par <b>email, FTP, dossiers r\u00e9seau ou impression<\/b> acc\u00e9l\u00e8re la gestion documentaire sans \u00e9tapes interm\u00e9diaires. La profondeur de couleur d\u2019entr\u00e9e de <b>30 bits<\/b> permet une reproduction fid\u00e8le des couleurs dans les images scann\u00e9es, un atout pour les t\u00e2ches n\u00e9cessitant une pr\u00e9cision chromatique. Son contr\u00f4le par boutons offre une utilisation intuitive et accessible. Avec un cycle de travail quotidien maximal estim\u00e9 \u00e0 <b>3500 pages<\/b>, l\u2019ES-C320W est id\u00e9al pour ceux qui ont besoin d\u2019un \u00e9quipement fiable capable de supporter une charge de travail \u00e9lev\u00e9e sans compromettre la qualit\u00e9 d\u2019image ni la rapidit\u00e9. Ce mod\u00e8le Epson combine des technologies de num\u00e9risation avanc\u00e9es avec une connectivit\u00e9 moderne, se positionnant comme une solution efficace pour la num\u00e9risation compl\u00e8te dans des environnements professionnels exigeants.<\/p>\n<ul>\n<li>Type: Scanner<\/li>\n<li>Produit \u00e0 brancher: Oui<\/li>\n<li>Type de prise: Prise EU<\/li>\n<li>Bloc d\u2019Alimentation:\n<ul>\n<li>r\u00e9seau \u00e9lectrique<\/li>\n<li>CA<\/li>\n<\/ul>\n<\/li>\n<li>Couleur: Noir<\/li>\n<li>Connexions:\n<ul>\n<li>USB 2.0<\/li>\n<li>USB<\/li>\n<\/ul>\n<\/li>\n<li>R\u00e9solution d&#8217;image maximale: 600 x 600 dpi<\/li>\n<li>Tension d&#8217;entr\u00e9e AC: 100 &#8211; 240 V<\/li>\n<li>\u00c9cran integr\u00e9: Non<\/li>\n<li>Taille: A4<\/li>\n<li>Connectivit\u00e9:\n<ul>\n<li>Wi-Fi<\/li>\n<li>WLAN<\/li>\n<li>Wi-Fi 4 (802.11n)<\/li>\n<\/ul>\n<\/li>\n<li>Scanner: 600 x 600 dpi<\/li>\n<li>Entr\u00e9e AC: 100-240 V<\/li>\n<li>Papier:\n<ul>\n<li>A4<\/li>\n<li>B5<\/li>\n<\/ul>\n<\/li>\n<li>Caract\u00e9ristiques: Scanner Double Face<\/li>\n<li>Type de commande: Boutons<\/li>\n<li>Poids: 1,8 kg<\/li>\n<li>Compatible: PC<\/li>\n<\/ul>","protected":false},"excerpt":{"rendered":"<p>Si vous \u00eates passionn\u00e9 d&#8217;informatique et d&#8217;\u00e9lectronique, si vous \u00eates \u00e0 la pointe de la technologie et qu&#8217;aucun d\u00e9tail ne vous \u00e9chappe, achetez Scanner Epson ES-C320W au meilleur prix. Le scanner Epson ES-C320W est un appareil robuste et polyvalent con\u00e7u pour r\u00e9pondre aux besoins de num\u00e9risation dans les bureaux et environnements professionnels exigeant efficacit\u00e9 et [&hellip;]<\/p>\n","protected":false},"featured_media":18942,"comment_status":"open","ping_status":"closed","template":"","meta":[],"product_brand":[632],"product_cat":[65,581,587],"product_tag":[213,106],"class_list":{"0":"post-18956","1":"product","2":"type-product","3":"status-publish","4":"has-post-thumbnail","6":"product_brand-brandp_547","7":"product_cat-informatique-electronique","8":"product_cat-informatique-peripheriques-et-consommables","9":"product_cat-scanners","10":"product_tag-tag_933","11":"product_tag-tag_1295","13":"first","14":"instock","15":"taxable","16":"shipping-taxable","17":"purchasable","18":"product-type-simple"},"_links":{"self":[{"href":"https:\/\/bigbuy.tupique.com\/es\/wp-json\/wp\/v2\/product\/18956","targetHints":{"allow":["GET"]}}],"collection":[{"href":"https:\/\/bigbuy.tupique.com\/es\/wp-json\/wp\/v2\/product"}],"about":[{"href":"https:\/\/bigbuy.tupique.com\/es\/wp-json\/wp\/v2\/types\/product"}],"replies":[{"embeddable":true,"href":"https:\/\/bigbuy.tupique.com\/es\/wp-json\/wp\/v2\/comments?post=18956"}],"wp:featuredmedia":[{"embeddable":true,"href":"https:\/\/bigbuy.tupique.com\/es\/wp-json\/wp\/v2\/media\/18942"}],"wp:attachment":[{"href":"https:\/\/bigbuy.tupique.com\/es\/wp-json\/wp\/v2\/media?parent=18956"}],"wp:term":[{"taxonomy":"product_brand","embeddable":true,"href":"https:\/\/bigbuy.tupique.com\/es\/wp-json\/wp\/v2\/product_brand?post=18956"},{"taxonomy":"product_cat","embeddable":true,"href":"https:\/\/bigbuy.tupique.com\/es\/wp-json\/wp\/v2\/product_cat?post=18956"},{"taxonomy":"product_tag","embeddable":true,"href":"https:\/\/bigbuy.tupique.com\/es\/wp-json\/wp\/v2\/product_tag?post=18956"}],"curies":[{"name":"wp","href":"https:\/\/api.w.org\/{rel}","templated":true}]}}