{"id":18924,"date":"2026-03-29T15:43:40","date_gmt":"2026-03-29T14:43:40","guid":{"rendered":"https:\/\/bigbuy.tupique.com\/produto\/scanner-canon-rs40-30-ppm-40-ppm\/"},"modified":"2026-04-15T01:25:44","modified_gmt":"2026-04-15T00:25:44","slug":"scanner-canon-rs40-30-ppm-40-ppm","status":"publish","type":"product","link":"https:\/\/bigbuy.tupique.com\/es\/produto\/scanner-canon-rs40-30-ppm-40-ppm\/","title":{"rendered":"Scanner Canon RS40 30 ppm 40 ppm"},"content":{"rendered":"<p>Si vous \u00eates passionn\u00e9 d&#8217;<b>informatique et d&#8217;\u00e9lectronique<\/b>, si vous \u00eates \u00e0 la pointe de la technologie et qu&#8217;aucun d\u00e9tail ne vous \u00e9chappe, achetez <b>Scanner Canon RS40 30 ppm 40 ppm<\/b> au meilleur prix.<\/p>\n<p>Le <b>Canon RS40<\/b> est un <b>scanner<\/b> haute efficacit\u00e9 con\u00e7u pour les professionnels et bureaux n\u00e9cessitant un flux continu et rapide de num\u00e9risation. Ce mod\u00e8le offre une <b>r\u00e9solution optique de 600 x 600 dpi<\/b>, garantissant une qualit\u00e9 nette \u00e0 chaque image scann\u00e9e, essentielle pour pr\u00e9server les d\u00e9tails des documents et photos. Sa technologie de capteur <b>CMOS CIS<\/b>, associ\u00e9e \u00e0 des sources lumineuses <b>LED RGB<\/b>, permet des scans pr\u00e9cis avec une reproduction fid\u00e8le des couleurs, id\u00e9ale pour les travaux exigeant d\u2019excellents r\u00e9sultats en couleur et noir et blanc. \u00c9quip\u00e9 d\u2019un chargeur automatique de documents (ADF) pouvant contenir <b>60 feuilles<\/b>, il supporte des \u00e9paisseurs jusqu\u2019\u00e0 <b>1,4 mm<\/b>, permettant une num\u00e9risation ais\u00e9e de cartes et divers documents. Il offre une vitesse de num\u00e9risation rapide, atteignant <b>40 pages par minute en noir et blanc<\/b> et <b>30 pages par minute en couleur<\/b> pour le format A4, facilitant des processus efficaces en environnements \u00e0 forte charge. Sa connectivit\u00e9 inclut <b>USB 2.0<\/b>, compatible avec <b>Mac OS<\/b> et pilotes TWAIN, assurant une int\u00e9gration flexible et stable avec la plupart des syst\u00e8mes de gestion documentaire et applications standards. Son design en <b>blanc et noir<\/b> apporte une apparence professionnelle et sobre, adapt\u00e9e aux espaces de bureau modernes. De plus, le mod\u00e8le dispose d\u2019un \u00e9cran int\u00e9gr\u00e9 pour faciliter l\u2019utilisation directe, am\u00e9liorant l\u2019exp\u00e9rience utilisateur en simplifiant la configuration et le suivi du processus de num\u00e9risation. Avec des dimensions optimis\u00e9es pour l\u2019espace, le Canon RS40 permet une manipulation simple des documents d\u2019une \u00e9paisseur minimale de <b>0,04 mm<\/b> jusqu\u2019aux cartes \u00e9paisses, \u00e9largissant sa polyvalence. En r\u00e9sum\u00e9, ce scanner multifonction offre une solution robuste et efficace combinant qualit\u00e9, rapidit\u00e9, compatibilit\u00e9 et facilit\u00e9 d\u2019usage pour les professionnels souhaitant maximiser leur productivit\u00e9 en num\u00e9risation quotidienne.<\/p>\n<ul>\n<li>Produit \u00e0 brancher: Oui<\/li>\n<li>Type de prise: Prise EU<\/li>\n<li>Type: Scanner<\/li>\n<li>Bloc d\u2019Alimentation:\n<ul>\n<li>r\u00e9seau \u00e9lectrique<\/li>\n<li>CA<\/li>\n<\/ul>\n<\/li>\n<li>Couleur:\n<ul>\n<li>Blanc<\/li>\n<li>Noir<\/li>\n<\/ul>\n<\/li>\n<li>Caract\u00e9ristiques:\n<ul>\n<li>\u00c9cran integr\u00e9<\/li>\n<li>Scanner Double Face<\/li>\n<\/ul>\n<\/li>\n<li>Connexions:\n<ul>\n<li>USB 2.0<\/li>\n<li>USB<\/li>\n<\/ul>\n<\/li>\n<li>R\u00e9solution d&#8217;image maximale: 600 x 600 dpi<\/li>\n<li>vitesse:\n<ul>\n<li>30 ppm<\/li>\n<li>40 ppm<\/li>\n<\/ul>\n<\/li>\n<li>Tension d&#8217;entr\u00e9e AC: 100 &#8211; 240 V<\/li>\n<li>Scanner: 600 x 600 dpi<\/li>\n<li>Compatible:\n<ul>\n<li>Mac OS<\/li>\n<li>TWAIN<\/li>\n<\/ul>\n<\/li>\n<li>Entr\u00e9e AC: 100-240 V<\/li>\n<li>Fr\u00e9quence d&#8217;entr\u00e9e AC: 50-60 Hz<\/li>\n<li>Capacit\u00e9: 60 Volets<\/li>\n<li>Poids: 30 g<\/li>\n<\/ul>","protected":false},"excerpt":{"rendered":"<p>Si vous \u00eates passionn\u00e9 d&#8217;informatique et d&#8217;\u00e9lectronique, si vous \u00eates \u00e0 la pointe de la technologie et qu&#8217;aucun d\u00e9tail ne vous \u00e9chappe, achetez Scanner Canon RS40 30 ppm 40 ppm au meilleur prix. Le Canon RS40 est un scanner haute efficacit\u00e9 con\u00e7u pour les professionnels et bureaux n\u00e9cessitant un flux continu et rapide de num\u00e9risation. [&hellip;]<\/p>\n","protected":false},"featured_media":18919,"comment_status":"open","ping_status":"closed","template":"","meta":[],"product_brand":[637],"product_cat":[65,581,587],"product_tag":[213,106],"class_list":{"0":"post-18924","1":"product","2":"type-product","3":"status-publish","4":"has-post-thumbnail","6":"product_brand-brandp_539","7":"product_cat-informatique-electronique","8":"product_cat-informatique-peripheriques-et-consommables","9":"product_cat-scanners","10":"product_tag-tag_933","11":"product_tag-tag_1295","13":"first","14":"instock","15":"taxable","16":"shipping-taxable","17":"purchasable","18":"product-type-simple"},"_links":{"self":[{"href":"https:\/\/bigbuy.tupique.com\/es\/wp-json\/wp\/v2\/product\/18924","targetHints":{"allow":["GET"]}}],"collection":[{"href":"https:\/\/bigbuy.tupique.com\/es\/wp-json\/wp\/v2\/product"}],"about":[{"href":"https:\/\/bigbuy.tupique.com\/es\/wp-json\/wp\/v2\/types\/product"}],"replies":[{"embeddable":true,"href":"https:\/\/bigbuy.tupique.com\/es\/wp-json\/wp\/v2\/comments?post=18924"}],"wp:featuredmedia":[{"embeddable":true,"href":"https:\/\/bigbuy.tupique.com\/es\/wp-json\/wp\/v2\/media\/18919"}],"wp:attachment":[{"href":"https:\/\/bigbuy.tupique.com\/es\/wp-json\/wp\/v2\/media?parent=18924"}],"wp:term":[{"taxonomy":"product_brand","embeddable":true,"href":"https:\/\/bigbuy.tupique.com\/es\/wp-json\/wp\/v2\/product_brand?post=18924"},{"taxonomy":"product_cat","embeddable":true,"href":"https:\/\/bigbuy.tupique.com\/es\/wp-json\/wp\/v2\/product_cat?post=18924"},{"taxonomy":"product_tag","embeddable":true,"href":"https:\/\/bigbuy.tupique.com\/es\/wp-json\/wp\/v2\/product_tag?post=18924"}],"curies":[{"name":"wp","href":"https:\/\/api.w.org\/{rel}","templated":true}]}}