{"id":189135,"date":"2026-04-15T13:07:34","date_gmt":"2026-04-15T12:07:34","guid":{"rendered":"https:\/\/bigbuy.tupique.com\/produto\/scanner-kodak-e1030\/"},"modified":"2026-04-16T09:25:11","modified_gmt":"2026-04-16T08:25:11","slug":"scanner-kodak-e1030","status":"publish","type":"product","link":"https:\/\/bigbuy.tupique.com\/es\/produto\/scanner-kodak-e1030\/","title":{"rendered":"Scanner Kodak E1030"},"content":{"rendered":"<p>Si vous \u00eates passionn\u00e9 d&#8217;<b>informatique et d&#8217;\u00e9lectronique<\/b>, si vous \u00eates \u00e0 la pointe de la technologie et qu&#8217;aucun d\u00e9tail ne vous \u00e9chappe, achetez <b>Scanner Kodak E1030<\/b> au meilleur prix.<\/p>\n<p>Le <b>scanner Kodak E1030<\/b> est un appareil con\u00e7u pour les professionnels et bureaux n\u00e9cessitant un \u00e9quipement efficace et polyvalent pour la num\u00e9risation de documents. Il s\u2019agit d\u2019un <b>scanner avec chargeur automatique de documents (ADF)<\/b> permettant de traiter rapidement des volumes allant jusqu\u2019\u00e0 <b>4 000 pages par jour<\/b>, id\u00e9al pour un flux de travail intensif. Il offre une <b>r\u00e9solution optique de 600 x 600 dpi<\/b>, garantissant des images nettes et de haute qualit\u00e9, adapt\u00e9es \u00e0 la num\u00e9risation de documents, photos et cartes d\u2019une \u00e9paisseur maximale de <b>1,25 mm<\/b>. Il peut capturer des formats papier jusqu\u2019au <b>A4 (216 x 3000 mm)<\/b>, couvrant des documents standards et formats longs, offrant une grande flexibilit\u00e9. Ce mod\u00e8le int\u00e8gre un <b>capteur CMOS CIS<\/b> et une source lumineuse LED RGB, technologies assurant des couleurs pr\u00e9cises et uniformes, avec une profondeur de couleur de <b>24 bits<\/b>. Son design se distingue par une <b>finition noir et blanc<\/b> et un \u00e9cran LED int\u00e9gr\u00e9 de <b>1,5 pouce<\/b>, facilitant la navigation et la configuration directement sur l\u2019appareil sans ordinateur. Pour la connectivit\u00e9, il comprend un port <b>USB 3.2 Gen 1<\/b> garantissant un transfert de donn\u00e9es rapide et stable, optimisant la productivit\u00e9. De plus, le scanner supporte une large gamme de grammages papier, de <b>27 \u00e0 433 g\/m\u00b2<\/b>, s\u2019adaptant \u00e0 divers types de documents et mat\u00e9riaux. En r\u00e9sum\u00e9, le Kodak E1030 allie robustesse et pr\u00e9cision dans un format compact, adapt\u00e9 aux utilisateurs devant num\u00e9riser de gros volumes de documents avec qualit\u00e9 et fiabilit\u00e9. Ce scanner constitue une solution technique solide et efficace pour les environnements professionnels exigeants en gestion documentaire.<\/p>\n<ul>\n<li>Type: Scanner<\/li>\n<li>Produit \u00e0 brancher: Oui<\/li>\n<li>Capacit\u00e9: 80 Volets<\/li>\n<li>Type de prise: Prise EU<\/li>\n<li>Bloc d\u2019Alimentation: r\u00e9seau \u00e9lectrique<\/li>\n<li>Couleur:\n<ul>\n<li>Blanc<\/li>\n<li>Noir<\/li>\n<\/ul>\n<\/li>\n<li>Taille: A4<\/li>\n<li>Caract\u00e9ristiques: \u00c9cran integr\u00e9<\/li>\n<li>Connexions: USB 3.2<\/li>\n<li>R\u00e9solution d&#8217;image maximale: 600 x 600 dpi<\/li>\n<li>Ecran: 1,5&#8221;<\/li>\n<li>vitesse: 30 ppm<\/li>\n<li>Technologie:\n<ul>\n<li>LED<\/li>\n<li>LCD<\/li>\n<\/ul>\n<\/li>\n<li>Tension d&#8217;entr\u00e9e AC: 100 &#8211; 240 V<\/li>\n<li>Tension: 5 V<\/li>\n<\/ul>","protected":false},"excerpt":{"rendered":"<p>Si vous \u00eates passionn\u00e9 d&#8217;informatique et d&#8217;\u00e9lectronique, si vous \u00eates \u00e0 la pointe de la technologie et qu&#8217;aucun d\u00e9tail ne vous \u00e9chappe, achetez Scanner Kodak E1030 au meilleur prix. Le scanner Kodak E1030 est un appareil con\u00e7u pour les professionnels et bureaux n\u00e9cessitant un \u00e9quipement efficace et polyvalent pour la num\u00e9risation de documents. Il s\u2019agit [&hellip;]<\/p>\n","protected":false},"featured_media":189134,"comment_status":"open","ping_status":"closed","template":"","meta":[],"product_brand":[636],"product_cat":[65,581,587],"product_tag":[213,106],"class_list":{"0":"post-189135","1":"product","2":"type-product","3":"status-publish","4":"has-post-thumbnail","6":"product_brand-brandp_1699","7":"product_cat-informatique-electronique","8":"product_cat-informatique-peripheriques-et-consommables","9":"product_cat-scanners","10":"product_tag-tag_933","11":"product_tag-tag_1295","13":"first","14":"instock","15":"taxable","16":"shipping-taxable","17":"purchasable","18":"product-type-simple"},"_links":{"self":[{"href":"https:\/\/bigbuy.tupique.com\/es\/wp-json\/wp\/v2\/product\/189135","targetHints":{"allow":["GET"]}}],"collection":[{"href":"https:\/\/bigbuy.tupique.com\/es\/wp-json\/wp\/v2\/product"}],"about":[{"href":"https:\/\/bigbuy.tupique.com\/es\/wp-json\/wp\/v2\/types\/product"}],"replies":[{"embeddable":true,"href":"https:\/\/bigbuy.tupique.com\/es\/wp-json\/wp\/v2\/comments?post=189135"}],"wp:featuredmedia":[{"embeddable":true,"href":"https:\/\/bigbuy.tupique.com\/es\/wp-json\/wp\/v2\/media\/189134"}],"wp:attachment":[{"href":"https:\/\/bigbuy.tupique.com\/es\/wp-json\/wp\/v2\/media?parent=189135"}],"wp:term":[{"taxonomy":"product_brand","embeddable":true,"href":"https:\/\/bigbuy.tupique.com\/es\/wp-json\/wp\/v2\/product_brand?post=189135"},{"taxonomy":"product_cat","embeddable":true,"href":"https:\/\/bigbuy.tupique.com\/es\/wp-json\/wp\/v2\/product_cat?post=189135"},{"taxonomy":"product_tag","embeddable":true,"href":"https:\/\/bigbuy.tupique.com\/es\/wp-json\/wp\/v2\/product_tag?post=189135"}],"curies":[{"name":"wp","href":"https:\/\/api.w.org\/{rel}","templated":true}]}}