{"id":18882,"date":"2026-03-29T15:42:45","date_gmt":"2026-03-29T14:42:45","guid":{"rendered":"https:\/\/bigbuy.tupique.com\/produto\/monitor-elo-touch-systems-et1517l-7cwb-15-lcd-50-60-hz\/"},"modified":"2026-04-15T01:25:40","modified_gmt":"2026-04-15T00:25:40","slug":"monitor-elo-touch-systems-et1517l-7cwb-15-lcd-50-60-hz","status":"publish","type":"product","link":"https:\/\/bigbuy.tupique.com\/es\/produto\/monitor-elo-touch-systems-et1517l-7cwb-15-lcd-50-60-hz\/","title":{"rendered":"\u00c9cran Elo Touch Systems ET1517L-7CWB 15&#8243; LCD 50-60 Hz"},"content":{"rendered":"<p>Si vous \u00eates passionn\u00e9 d&#8217;<b>informatique et d&#8217;\u00e9lectronique<\/b>, si vous \u00eates \u00e0 la pointe de la technologie et qu&#8217;aucun d\u00e9tail ne vous \u00e9chappe, achetez <b>\u00c9cran Elo Touch Systems ET1517L-7CWB 15&#8243; LCD 50-60 Hz<\/b> au meilleur prix.<\/p>\n<p>Le <b>moniteur<\/b> <b>ET1517L-7CWB<\/b> de <b>Elo Touch Systems<\/b> est un appareil con\u00e7u pour les environnements professionnels n\u00e9cessitant pr\u00e9cision et fiabilit\u00e9 dans les interfaces tactiles. Il dispose d\u2019un <b>\u00e9cran LCD de 15 pouces<\/b> au format classique <b>4:3<\/b>, id\u00e9al pour les points de vente, kiosques interactifs ou environnements industriels o\u00f9 robustesse et facilit\u00e9 d\u2019utilisation sont essentielles. Sa r\u00e9solution native de <b>1024 x 768 pixels<\/b> offre une image nette, combin\u00e9e \u00e0 une luminosit\u00e9 de <b>200 cd\/m\u00b2<\/b> garantissant une bonne visibilit\u00e9 en conditions d\u2019\u00e9clairage standard. La technologie LED assure une efficacit\u00e9 \u00e9nerg\u00e9tique et un \u00e9clairage uniforme, tandis que son <b>temps de r\u00e9ponse de 8 ms<\/b> garantit une r\u00e9activit\u00e9 visuelle adapt\u00e9e aux t\u00e2ches interactives sans retard perceptible. La couleur de l\u2019appareil est <b>noir<\/b>, facilitant son int\u00e9gration esth\u00e9tique dans des environnements formels ou commerciaux. De plus, l\u2019int\u00e9gration d\u2019un \u00e9cran tactile permet une interaction directe et naturelle, am\u00e9liorant l\u2019exp\u00e9rience utilisateur et r\u00e9duisant le besoin de p\u00e9riph\u00e9riques suppl\u00e9mentaires. La structure et le design du moniteur sont pens\u00e9s pour offrir durabilit\u00e9 et adaptabilit\u00e9 \u00e0 diverses configurations professionnelles. En r\u00e9sum\u00e9, le <b>moniteur tactile ET1517L-7CWB<\/b> combine qualit\u00e9 d\u2019image, technologie tactile avanc\u00e9e et construction solide, constituant une solution fiable et fonctionnelle pour des applications sp\u00e9cialis\u00e9es o\u00f9 le contr\u00f4le tactile est prioritaire.<\/p>\n<ul>\n<li>Produit \u00e0 brancher: Oui<\/li>\n<li>Type de prise: Prise EU<\/li>\n<li>Diagonale de l&#8217;\u00e9cran (cm): 38,1 cm<\/li>\n<li>Technologie: LCD<\/li>\n<li>Classification \u00e9nerg\u00e9tique: E<\/li>\n<li>Type: \u00c9cran<\/li>\n<li>R\u00e9solution: LED<\/li>\n<li>Bloc d\u2019Alimentation: r\u00e9seau \u00e9lectrique<\/li>\n<li>Couleur: Noir<\/li>\n<li>Temps de r\u00e9ponse: 8 ms<\/li>\n<li>VESA: 7,5 x 7,5 cm<\/li>\n<li>Brille: 200 cd\/m\u00b2<\/li>\n<li>R\u00e9solution (px): 1024 x 768 px<\/li>\n<li>Tension: 100-240 V<\/li>\n<li>Ecran: 15&#8243;<\/li>\n<li>Rapport d&#8217;aspect: 4:3<\/li>\n<li>Connexions: VGA D-sub<\/li>\n<li>Caract\u00e9ristiques: Ecran tactile<\/li>\n<li>Fr\u00e9quence: 50-60 Hz<\/li>\n<\/ul>","protected":false},"excerpt":{"rendered":"<p>Si vous \u00eates passionn\u00e9 d&#8217;informatique et d&#8217;\u00e9lectronique, si vous \u00eates \u00e0 la pointe de la technologie et qu&#8217;aucun d\u00e9tail ne vous \u00e9chappe, achetez \u00c9cran Elo Touch Systems ET1517L-7CWB 15&#8243; LCD 50-60 Hz au meilleur prix. Le moniteur ET1517L-7CWB de Elo Touch Systems est un appareil con\u00e7u pour les environnements professionnels n\u00e9cessitant pr\u00e9cision et fiabilit\u00e9 dans [&hellip;]<\/p>\n","protected":false},"featured_media":18879,"comment_status":"open","ping_status":"closed","template":"","meta":[],"product_brand":[980],"product_cat":[65,581,616],"product_tag":[213,106],"class_list":{"0":"post-18882","1":"product","2":"type-product","3":"status-publish","4":"has-post-thumbnail","6":"product_brand-brandp_4775","7":"product_cat-informatique-electronique","8":"product_cat-informatique-peripheriques-et-consommables","9":"product_cat-moniteurs","10":"product_tag-tag_933","11":"product_tag-tag_1295","13":"first","14":"instock","15":"taxable","16":"shipping-taxable","17":"purchasable","18":"product-type-simple"},"_links":{"self":[{"href":"https:\/\/bigbuy.tupique.com\/es\/wp-json\/wp\/v2\/product\/18882","targetHints":{"allow":["GET"]}}],"collection":[{"href":"https:\/\/bigbuy.tupique.com\/es\/wp-json\/wp\/v2\/product"}],"about":[{"href":"https:\/\/bigbuy.tupique.com\/es\/wp-json\/wp\/v2\/types\/product"}],"replies":[{"embeddable":true,"href":"https:\/\/bigbuy.tupique.com\/es\/wp-json\/wp\/v2\/comments?post=18882"}],"wp:featuredmedia":[{"embeddable":true,"href":"https:\/\/bigbuy.tupique.com\/es\/wp-json\/wp\/v2\/media\/18879"}],"wp:attachment":[{"href":"https:\/\/bigbuy.tupique.com\/es\/wp-json\/wp\/v2\/media?parent=18882"}],"wp:term":[{"taxonomy":"product_brand","embeddable":true,"href":"https:\/\/bigbuy.tupique.com\/es\/wp-json\/wp\/v2\/product_brand?post=18882"},{"taxonomy":"product_cat","embeddable":true,"href":"https:\/\/bigbuy.tupique.com\/es\/wp-json\/wp\/v2\/product_cat?post=18882"},{"taxonomy":"product_tag","embeddable":true,"href":"https:\/\/bigbuy.tupique.com\/es\/wp-json\/wp\/v2\/product_tag?post=18882"}],"curies":[{"name":"wp","href":"https:\/\/api.w.org\/{rel}","templated":true}]}}