{"id":188224,"date":"2026-04-15T09:41:55","date_gmt":"2026-04-15T08:41:55","guid":{"rendered":"https:\/\/bigbuy.tupique.com\/produto\/smartphone-xiaomi-redmi-note-15-pro-677-octa-core-8-gb-ram-256-gb-bleu\/"},"modified":"2026-05-11T19:55:53","modified_gmt":"2026-05-11T17:55:53","slug":"smartphone-xiaomi-redmi-note-15-pro-677-octa-core-8-gb-ram-256-gb-bleu","status":"publish","type":"product","link":"https:\/\/bigbuy.tupique.com\/es\/produto\/smartphone-xiaomi-redmi-note-15-pro-677-octa-core-8-gb-ram-256-gb-bleu\/","title":{"rendered":"Smartphone Xiaomi REDMI NOTE 15 PRO 6,77&#8243; Octa Core 8 GB RAM 256 GB Bleu"},"content":{"rendered":"<p>Si vous \u00eates passionn\u00e9 d&#8217;<b>informatique et d&#8217;\u00e9lectronique<\/b>, si vous \u00eates \u00e0 la pointe de la technologie et qu&#8217;aucun d\u00e9tail ne vous \u00e9chappe, achetez <b>Smartphone Xiaomi REDMI NOTE 15 PRO 6,77&#8243; Octa Core 8 GB RAM 256 GB Bleu<\/b> au meilleur prix.<\/p>\n<p>Le <b>REDMI NOTE 15 PRO<\/b> de Xiaomi est un <b>smartphone<\/b> qui associe performance avanc\u00e9e et grande capacit\u00e9 de stockage, pr\u00e9sent\u00e9 dans une \u00e9l\u00e9gante finition <b>bleue<\/b> alliant modernit\u00e9 et praticit\u00e9. Il dispose de <b>8 Go de RAM<\/b> pour ex\u00e9cuter plusieurs applications et processus simultan\u00e9ment avec fluidit\u00e9, id\u00e9al pour les utilisateurs recherchant une grande r\u00e9activit\u00e9 et une gestion efficace du multit\u00e2che au quotidien. Sa <b>capacit\u00e9 de stockage de 256 Go<\/b> offre suffisamment d\u2019espace pour g\u00e9rer fichiers, applications, photos et vid\u00e9os sans se soucier de la m\u00e9moire, r\u00e9pondant ainsi aux besoins des utilisateurs intensifs. C\u00f4t\u00e9 connectivit\u00e9, le <b>REDMI NOTE 15 PRO<\/b> est compatible <b>Wi-Fi<\/b> et <b>4G<\/b>, garantissant un acc\u00e8s Internet stable et rapide, que ce soit en r\u00e9seau sans fil ou en d\u00e9placement, ainsi qu\u2019un <b>port USB-C<\/b> pratique pour une charge et un transfert de donn\u00e9es rapides. Ce mod\u00e8le est \u00e9quip\u00e9 d\u2019un processeur allant jusqu\u2019\u00e0 2 GHz, assurant un \u00e9quilibre optimal entre consommation d\u2019\u00e9nergie et r\u00e9activit\u00e9 pour toutes les t\u00e2ches quotidiennes, de la gestion des r\u00e9seaux sociaux \u00e0 la lecture de contenus multim\u00e9dias. Xiaomi confirme avec ce mod\u00e8le sa position de r\u00e9f\u00e9rence pour les appareils offrant des fonctionnalit\u00e9s \u00e9quilibr\u00e9es et un excellent rapport qualit\u00e9-prix dans le segment concurrentiel du milieu de gamme.<\/p>\n<ul>\n<li>Type:\n<ul>\n<li>Smartphone<\/li>\n<li>LPDDR4X<\/li>\n<\/ul>\n<\/li>\n<li>Produit \u00e0 brancher: Oui<\/li>\n<li>Type de prise: Prise EU<\/li>\n<li>Bloc d\u2019Alimentation: r\u00e9seau \u00e9lectrique<\/li>\n<li>Technologie: AMOLED<\/li>\n<li>Capacit\u00e9 de la batterie: 6500 mAh<\/li>\n<li>Ecran: 6,77&#8243;<\/li>\n<li>Syst\u00e8me d&#8217;exploitation: Android<\/li>\n<li>puissance: 45 W<\/li>\n<li>Connectivit\u00e9:\n<ul>\n<li>NFC<\/li>\n<li>Wi-Fi<\/li>\n<li>4G<\/li>\n<\/ul>\n<\/li>\n<li>Connexions: USB-C<\/li>\n<li>Processeur: Octa Core<\/li>\n<li>M\u00e9moire RAM: 8 GB RAM<\/li>\n<li>M\u00e9moire interne: 256 GB<\/li>\n<li>Couleur: Bleu<\/li>\n<li>Classification \u00e9nerg\u00e9tique: B<\/li>\n<li>vitesse: 2 GHz<\/li>\n<li>Design: Courbe<\/li>\n<li>Cam\u00e9ra\/Appareil Photo:\n<ul>\n<li>8 MP<\/li>\n<li>Frontal<\/li>\n<li>Triple<\/li>\n<li>32 Mp<\/li>\n<\/ul>\n<\/li>\n<li>Caract\u00e9ristiques:\n<ul>\n<li>Syst\u00e8me de reconnaissance faciale<\/li>\n<li>Gorilla Glass<\/li>\n<\/ul>\n<\/li>\n<li>Ouverture: F\/1,7<\/li>\n<li>Famille de processeurs: MediaTek<\/li>\n<\/ul>","protected":false},"excerpt":{"rendered":"<p>Si vous \u00eates passionn\u00e9 d&#8217;informatique et d&#8217;\u00e9lectronique, si vous \u00eates \u00e0 la pointe de la technologie et qu&#8217;aucun d\u00e9tail ne vous \u00e9chappe, achetez Smartphone Xiaomi REDMI NOTE 15 PRO 6,77&#8243; Octa Core 8 GB RAM 256 GB Bleu au meilleur prix. Le REDMI NOTE 15 PRO de Xiaomi est un smartphone qui associe performance avanc\u00e9e [&hellip;]<\/p>\n","protected":false},"featured_media":188219,"comment_status":"open","ping_status":"closed","template":"","meta":[],"product_brand":[525],"product_cat":[575,65,960],"product_tag":[213,566,106],"class_list":{"0":"post-188224","1":"product","2":"type-product","3":"status-publish","4":"has-post-thumbnail","6":"product_brand-brandp_1269","7":"product_cat-electronique-telephonie-et-tablettes","8":"product_cat-informatique-electronique","9":"product_cat-telephones-portables","10":"product_tag-tag_933","11":"product_tag-tag_547","12":"product_tag-tag_1295","14":"first","15":"instock","16":"taxable","17":"shipping-taxable","18":"purchasable","19":"product-type-simple"},"_links":{"self":[{"href":"https:\/\/bigbuy.tupique.com\/es\/wp-json\/wp\/v2\/product\/188224","targetHints":{"allow":["GET"]}}],"collection":[{"href":"https:\/\/bigbuy.tupique.com\/es\/wp-json\/wp\/v2\/product"}],"about":[{"href":"https:\/\/bigbuy.tupique.com\/es\/wp-json\/wp\/v2\/types\/product"}],"replies":[{"embeddable":true,"href":"https:\/\/bigbuy.tupique.com\/es\/wp-json\/wp\/v2\/comments?post=188224"}],"wp:featuredmedia":[{"embeddable":true,"href":"https:\/\/bigbuy.tupique.com\/es\/wp-json\/wp\/v2\/media\/188219"}],"wp:attachment":[{"href":"https:\/\/bigbuy.tupique.com\/es\/wp-json\/wp\/v2\/media?parent=188224"}],"wp:term":[{"taxonomy":"product_brand","embeddable":true,"href":"https:\/\/bigbuy.tupique.com\/es\/wp-json\/wp\/v2\/product_brand?post=188224"},{"taxonomy":"product_cat","embeddable":true,"href":"https:\/\/bigbuy.tupique.com\/es\/wp-json\/wp\/v2\/product_cat?post=188224"},{"taxonomy":"product_tag","embeddable":true,"href":"https:\/\/bigbuy.tupique.com\/es\/wp-json\/wp\/v2\/product_tag?post=188224"}],"curies":[{"name":"wp","href":"https:\/\/api.w.org\/{rel}","templated":true}]}}