{"id":188212,"date":"2026-04-15T09:41:26","date_gmt":"2026-04-15T08:41:26","guid":{"rendered":"https:\/\/bigbuy.tupique.com\/produto\/mitigeur-grohe-metal\/"},"modified":"2026-04-16T18:30:46","modified_gmt":"2026-04-16T17:30:46","slug":"mitigeur-grohe-metal","status":"publish","type":"product","link":"https:\/\/bigbuy.tupique.com\/es\/produto\/mitigeur-grohe-metal\/","title":{"rendered":"Mitigeur Grohe M\u00e9tal"},"content":{"rendered":"<p>Si vous aimez prendre soin de chaque d\u00e9tail de votre maison et d&#8217;\u00eatre \u00e0 la derni\u00e8re mode en mati\u00e8re de produits qui vous rendront la vie plus facile, achetez <b>Mitigeur Grohe M\u00e9tal<\/b> au meilleur prix.<\/p>\n<p>Le <b>Mitigeur Monocommande<\/b> de la marque <b>Grohe<\/b> est une solution fonctionnelle et \u00e9l\u00e9gante con\u00e7ue pour \u00e9quiper les lavabos avec un m\u00e9canisme simple et efficace. Il pr\u00e9sente une <b>finition chrom\u00e9e<\/b> qui apporte non seulement une brillance durable et r\u00e9sistante \u00e0 la corrosion, mais facilite aussi le nettoyage, conservant une esth\u00e9tique moderne et soign\u00e9e dans votre salle de bain. Il est fabriqu\u00e9 en <b>m\u00e9tal<\/b>, garantissant une structure solide et durable, capable de supporter un usage quotidien sans perdre son int\u00e9grit\u00e9 ni son aspect. Sa couleur <b>grise<\/b> s\u2019adapte \u00e0 tous les styles de d\u00e9coration, des environnements contemporains aux designs classiques, offrant polyvalence et harmonie visuelle. Ce levier unique permet un contr\u00f4le pr\u00e9cis et rapide de la temp\u00e9rature et du d\u00e9bit d\u2019eau d\u2019un seul geste, am\u00e9liorant l\u2019exp\u00e9rience utilisateur et optimisant la consommation. Sa taille compacte, indiqu\u00e9e comme <b>Taille S<\/b>, le rend particuli\u00e8rement adapt\u00e9 aux espaces r\u00e9duits ou aux lavabos o\u00f9 l\u2019on recherche fonctionnalit\u00e9 sans sacrifier le design. Gr\u00e2ce \u00e0 la r\u00e9putation de <b>Grohe<\/b> dans le secteur de la robinetterie, ce produit allie qualit\u00e9 technique et finition esth\u00e9tique raffin\u00e9e, assurant une installation fiable et une longue dur\u00e9e de vie. C\u2019est une option recommand\u00e9e pour ceux qui cherchent un <b>mitigeur monocommande<\/b> alliant efficacit\u00e9 et style avec des mat\u00e9riaux r\u00e9sistants et un design chrom\u00e9 haut de gamme.<\/p>\n<ul>\n<li>Couleur: Gris<\/li>\n<li>Mati\u00e8re: M\u00e9tal<\/li>\n<li>Finition: Chrome<\/li>\n<\/ul>","protected":false},"excerpt":{"rendered":"<p>Si vous aimez prendre soin de chaque d\u00e9tail de votre maison et d&#8217;\u00eatre \u00e0 la derni\u00e8re mode en mati\u00e8re de produits qui vous rendront la vie plus facile, achetez Mitigeur Grohe M\u00e9tal au meilleur prix. Le Mitigeur Monocommande de la marque Grohe est une solution fonctionnelle et \u00e9l\u00e9gante con\u00e7ue pour \u00e9quiper les lavabos avec un [&hellip;]<\/p>\n","protected":false},"featured_media":188211,"comment_status":"open","ping_status":"closed","template":"","meta":[],"product_brand":[848],"product_cat":[613,239],"product_tag":[59,210],"class_list":{"0":"post-188212","1":"product","2":"type-product","3":"status-publish","4":"has-post-thumbnail","6":"product_brand-brandp_3107","7":"product_cat-bricolage-et-materiel","8":"product_cat-maison-jardin","9":"product_tag-tag_1304","10":"product_tag-tag_25","12":"first","13":"instock","14":"taxable","15":"shipping-taxable","16":"purchasable","17":"product-type-simple"},"_links":{"self":[{"href":"https:\/\/bigbuy.tupique.com\/es\/wp-json\/wp\/v2\/product\/188212","targetHints":{"allow":["GET"]}}],"collection":[{"href":"https:\/\/bigbuy.tupique.com\/es\/wp-json\/wp\/v2\/product"}],"about":[{"href":"https:\/\/bigbuy.tupique.com\/es\/wp-json\/wp\/v2\/types\/product"}],"replies":[{"embeddable":true,"href":"https:\/\/bigbuy.tupique.com\/es\/wp-json\/wp\/v2\/comments?post=188212"}],"wp:featuredmedia":[{"embeddable":true,"href":"https:\/\/bigbuy.tupique.com\/es\/wp-json\/wp\/v2\/media\/188211"}],"wp:attachment":[{"href":"https:\/\/bigbuy.tupique.com\/es\/wp-json\/wp\/v2\/media?parent=188212"}],"wp:term":[{"taxonomy":"product_brand","embeddable":true,"href":"https:\/\/bigbuy.tupique.com\/es\/wp-json\/wp\/v2\/product_brand?post=188212"},{"taxonomy":"product_cat","embeddable":true,"href":"https:\/\/bigbuy.tupique.com\/es\/wp-json\/wp\/v2\/product_cat?post=188212"},{"taxonomy":"product_tag","embeddable":true,"href":"https:\/\/bigbuy.tupique.com\/es\/wp-json\/wp\/v2\/product_tag?post=188212"}],"curies":[{"name":"wp","href":"https:\/\/api.w.org\/{rel}","templated":true}]}}