{"id":188210,"date":"2026-04-15T09:41:23","date_gmt":"2026-04-15T08:41:23","guid":{"rendered":"https:\/\/bigbuy.tupique.com\/produto\/mitigeur-grohe-start-edge-metal\/"},"modified":"2026-05-11T20:02:40","modified_gmt":"2026-05-11T18:02:40","slug":"mitigeur-grohe-start-edge-metal","status":"publish","type":"product","link":"https:\/\/bigbuy.tupique.com\/es\/produto\/mitigeur-grohe-start-edge-metal\/","title":{"rendered":"Mitigeur Grohe Start Edge M\u00e9tal"},"content":{"rendered":"<p>Si vous aimez prendre soin de chaque d\u00e9tail de votre maison et d&#8217;\u00eatre \u00e0 la derni\u00e8re mode en mati\u00e8re de produits qui vous rendront la vie plus facile, achetez <b>Mitigeur Grohe Start Edge M\u00e9tal<\/b> au meilleur prix.<\/p>\n<p>Le <b>mitigeur monocommande Start Edge<\/b> de Grohe est un produit con\u00e7u pour offrir fonctionnalit\u00e9 et durabilit\u00e9 dans la salle de bain, alliant un design moderne \u00e0 des mat\u00e9riaux de haute qualit\u00e9. Fabriqu\u00e9 en <b>m\u00e9tal<\/b> avec une <b>finition chrom\u00e9e<\/b> qui lui conf\u00e8re non seulement un aspect \u00e9l\u00e9gant et contemporain en ton <b>gris<\/b>, mais assure \u00e9galement une r\u00e9sistance \u00e0 la corrosion et un entretien facile. Ce mitigeur monocommande permet un contr\u00f4le pr\u00e9cis et confortable du d\u00e9bit et de la temp\u00e9rature de l\u2019eau via un seul levier, facilitant son usage quotidien. Sa construction avec des composants robustes garantit une performance fiable et une longue dur\u00e9e de vie, tandis que son esth\u00e9tique sobre s\u2019adapte parfaitement aux salles de bains r\u00e9sidentielles ainsi qu\u2019aux espaces au design minimaliste ou industriel. De plus, la finition chrom\u00e9e apporte une touche de brillance qui se d\u00e9marque dans tout environnement, assurant que le mitigeur conserve son aspect d\u2019origine malgr\u00e9 une utilisation prolong\u00e9e. Le mod\u00e8le Start Edge de Grohe r\u00e9pond aux attentes des utilisateurs recherchant qualit\u00e9 et fonctionnalit\u00e9 dans les accessoires de salle de bain, int\u00e9grant des \u00e9l\u00e9ments alliant praticit\u00e9 et style de mani\u00e8re \u00e9quilibr\u00e9e. En r\u00e9sum\u00e9, ce mitigeur monocommande est une solution efficace et r\u00e9sistante pour l\u2019\u00e9quipement de lavabo, combinant l\u2019expertise reconnue de Grohe \u00e0 un design adapt\u00e9 aux besoins actuels.<\/p>\n<ul>\n<li>Design: Chrome<\/li>\n<li>Type: Mitigeur<\/li>\n<li>Couleur: Gris<\/li>\n<li>Mati\u00e8re: M\u00e9tal<\/li>\n<li>Finition: Chrome<\/li>\n<\/ul>","protected":false},"excerpt":{"rendered":"<p>Si vous aimez prendre soin de chaque d\u00e9tail de votre maison et d&#8217;\u00eatre \u00e0 la derni\u00e8re mode en mati\u00e8re de produits qui vous rendront la vie plus facile, achetez Mitigeur Grohe Start Edge M\u00e9tal au meilleur prix. Le mitigeur monocommande Start Edge de Grohe est un produit con\u00e7u pour offrir fonctionnalit\u00e9 et durabilit\u00e9 dans la [&hellip;]<\/p>\n","protected":false},"featured_media":188206,"comment_status":"open","ping_status":"closed","template":"","meta":[],"product_brand":[848],"product_cat":[613,239],"product_tag":[59,210],"class_list":{"0":"post-188210","1":"product","2":"type-product","3":"status-publish","4":"has-post-thumbnail","6":"product_brand-brandp_3107","7":"product_cat-bricolage-et-materiel","8":"product_cat-maison-jardin","9":"product_tag-tag_1304","10":"product_tag-tag_25","12":"first","13":"instock","14":"taxable","15":"shipping-taxable","16":"purchasable","17":"product-type-simple"},"_links":{"self":[{"href":"https:\/\/bigbuy.tupique.com\/es\/wp-json\/wp\/v2\/product\/188210","targetHints":{"allow":["GET"]}}],"collection":[{"href":"https:\/\/bigbuy.tupique.com\/es\/wp-json\/wp\/v2\/product"}],"about":[{"href":"https:\/\/bigbuy.tupique.com\/es\/wp-json\/wp\/v2\/types\/product"}],"replies":[{"embeddable":true,"href":"https:\/\/bigbuy.tupique.com\/es\/wp-json\/wp\/v2\/comments?post=188210"}],"wp:featuredmedia":[{"embeddable":true,"href":"https:\/\/bigbuy.tupique.com\/es\/wp-json\/wp\/v2\/media\/188206"}],"wp:attachment":[{"href":"https:\/\/bigbuy.tupique.com\/es\/wp-json\/wp\/v2\/media?parent=188210"}],"wp:term":[{"taxonomy":"product_brand","embeddable":true,"href":"https:\/\/bigbuy.tupique.com\/es\/wp-json\/wp\/v2\/product_brand?post=188210"},{"taxonomy":"product_cat","embeddable":true,"href":"https:\/\/bigbuy.tupique.com\/es\/wp-json\/wp\/v2\/product_cat?post=188210"},{"taxonomy":"product_tag","embeddable":true,"href":"https:\/\/bigbuy.tupique.com\/es\/wp-json\/wp\/v2\/product_tag?post=188210"}],"curies":[{"name":"wp","href":"https:\/\/api.w.org\/{rel}","templated":true}]}}