{"id":18813,"date":"2026-03-29T15:41:21","date_gmt":"2026-03-29T14:41:21","guid":{"rendered":"https:\/\/bigbuy.tupique.com\/produto\/dryer-lg-rh10v9av2wr\/"},"modified":"2026-04-15T01:25:30","modified_gmt":"2026-04-15T00:25:30","slug":"dryer-lg-rh10v9av2wr","status":"publish","type":"product","link":"https:\/\/bigbuy.tupique.com\/es\/produto\/dryer-lg-rh10v9av2wr\/","title":{"rendered":"S\u00e9cheuse LG RH10V9AV2WR"},"content":{"rendered":"<p>Si vous recherchez des \u00e9lectrom\u00e9nagers pour votre maison aux meilleurs prix, ne manquez pas <b>S\u00e9cheuse LG RH10V9AV2WR<\/b> et une large s\u00e9lection de petits \u00e9lectrom\u00e9nagers de qualit\u00e9 !<\/p>\n<p>La <b>s\u00e9cheuse LG mod\u00e8le RH10V9AV2WR<\/b> se distingue par sa technologie avanc\u00e9e de <b>pompe \u00e0 chaleur<\/b>, qui permet un s\u00e9chage efficace tout en ma\u00eetrisant la consommation d\u2019\u00e9nergie, id\u00e9al pour pr\u00e9server la qualit\u00e9 des v\u00eatements sans les exposer \u00e0 des temp\u00e9ratures \u00e9lev\u00e9es pouvant les ab\u00eemer. Cet appareil <b>pose libre<\/b> offre une capacit\u00e9 g\u00e9n\u00e9reuse de <b>10 kg<\/b>, adapt\u00e9e aux grandes quantit\u00e9s de linge, facilitant la gestion dans les foyers \u00e0 forte demande de lavage et s\u00e9chage. Son design en <b>blanc<\/b> avec une structure \u00e0 <b>finition acier<\/b> allie simplicit\u00e9 et robustesse, tandis que sa <b>largeur de 60 cm<\/b> s\u2019int\u00e8gre parfaitement dans un espace domestique standard, assurant une installation ais\u00e9e dans les zones de lavage courantes. Elle dispose d\u2019un <b>\u00e9cran int\u00e9gr\u00e9<\/b> qui facilite la s\u00e9lection et le contr\u00f4le des cycles adapt\u00e9s \u00e0 diff\u00e9rents types de tissus, offrant confort d\u2019utilisation et pr\u00e9cision dans le s\u00e9chage. Cette s\u00e9cheuse, issue de la r\u00e9putation LG, propose une solution pratique et technologique qui optimise le temps et prot\u00e8ge le linge, constituant une option id\u00e9ale pour les utilisateurs recherchant fiabilit\u00e9 et efficacit\u00e9 \u00e9nerg\u00e9tique dans un appareil de s\u00e9chage. En r\u00e9sum\u00e9, le mod\u00e8le RH10V9AV2WR est une alternative \u00e9quilibr\u00e9e pour ceux qui valorisent performance et fonctionnalit\u00e9 sans renoncer \u00e0 un design simple et pratique.<\/p>\n<ul>\n<li>Type:\n<ul>\n<li>Pompe \u00e0 chaleur<\/li>\n<li>S\u00e9cheuse<\/li>\n<\/ul>\n<\/li>\n<li>Couleur:\n<ul>\n<li>Blanc<\/li>\n<li>Noir<\/li>\n<li>Transparent<\/li>\n<\/ul>\n<\/li>\n<li>Connectivit\u00e9: Wi-Fi<\/li>\n<li>Capacit\u00e9: 10 kg<\/li>\n<li>Classification \u00e9nerg\u00e9tique:\n<ul>\n<li>A+++<\/li>\n<li>C<\/li>\n<\/ul>\n<\/li>\n<li>Langue: Espagnol<\/li>\n<li>Produit \u00e0 brancher: Oui<\/li>\n<li>Type de prise: Prise EU<\/li>\n<li>Bloc d\u2019Alimentation: r\u00e9seau \u00e9lectrique<\/li>\n<li>Largeur: 60 cm<\/li>\n<li>Caract\u00e9ristiques: \u00c9cran integr\u00e9<\/li>\n<li>\u00c9lev\u00e9: 85 cm<\/li>\n<li>Profondeur: 660 mm<\/li>\n<li>Niveau sonore: 62 dB<\/li>\n<li>Mati\u00e8re: Acier<\/li>\n<li>Type de charge: Frontal<\/li>\n<\/ul>","protected":false},"excerpt":{"rendered":"<p><span class=\"unit-info\">101.8990 &euro; \/ 1 kg<\/span><\/p>","protected":false},"featured_media":169772,"comment_status":"open","ping_status":"closed","template":"","meta":[],"product_brand":[662],"product_cat":[239,240,751],"product_tag":[],"class_list":{"0":"post-18813","1":"product","2":"type-product","3":"status-publish","4":"has-post-thumbnail","6":"product_brand-brandp_559","7":"product_cat-maison-jardin","8":"product_cat-nettoyage-aspirateur-et-repassage","9":"product_cat-seche-linge-fers-a-repasser-sechoirs","11":"first","12":"instock","13":"taxable","14":"shipping-taxable","15":"purchasable","16":"product-type-simple"},"_links":{"self":[{"href":"https:\/\/bigbuy.tupique.com\/es\/wp-json\/wp\/v2\/product\/18813","targetHints":{"allow":["GET"]}}],"collection":[{"href":"https:\/\/bigbuy.tupique.com\/es\/wp-json\/wp\/v2\/product"}],"about":[{"href":"https:\/\/bigbuy.tupique.com\/es\/wp-json\/wp\/v2\/types\/product"}],"replies":[{"embeddable":true,"href":"https:\/\/bigbuy.tupique.com\/es\/wp-json\/wp\/v2\/comments?post=18813"}],"wp:featuredmedia":[{"embeddable":true,"href":"https:\/\/bigbuy.tupique.com\/es\/wp-json\/wp\/v2\/media\/169772"}],"wp:attachment":[{"href":"https:\/\/bigbuy.tupique.com\/es\/wp-json\/wp\/v2\/media?parent=18813"}],"wp:term":[{"taxonomy":"product_brand","embeddable":true,"href":"https:\/\/bigbuy.tupique.com\/es\/wp-json\/wp\/v2\/product_brand?post=18813"},{"taxonomy":"product_cat","embeddable":true,"href":"https:\/\/bigbuy.tupique.com\/es\/wp-json\/wp\/v2\/product_cat?post=18813"},{"taxonomy":"product_tag","embeddable":true,"href":"https:\/\/bigbuy.tupique.com\/es\/wp-json\/wp\/v2\/product_tag?post=18813"}],"curies":[{"name":"wp","href":"https:\/\/api.w.org\/{rel}","templated":true}]}}