{"id":188106,"date":"2026-04-15T09:28:26","date_gmt":"2026-04-15T08:28:26","guid":{"rendered":"https:\/\/bigbuy.tupique.com\/produto\/ensemble-de-serviettes-today-essential-celadon-vert-clair-50-x-90-cm-10-unites\/"},"modified":"2026-05-11T20:02:50","modified_gmt":"2026-05-11T18:02:50","slug":"ensemble-de-serviettes-today-essential-celadon-vert-clair-50-x-90-cm-10-unites","status":"publish","type":"product","link":"https:\/\/bigbuy.tupique.com\/es\/produto\/ensemble-de-serviettes-today-essential-celadon-vert-clair-50-x-90-cm-10-unites\/","title":{"rendered":"Ensemble de Serviettes TODAY Essential Celadon Vert clair 50 x 90 cm (10 Unit\u00e9s)"},"content":{"rendered":"<p>Si vous aimez prendre soin de chaque d\u00e9tail de votre maison et d&#8217;\u00eatre \u00e0 la derni\u00e8re mode en mati\u00e8re de produits qui vous rendront la vie plus facile, achetez <b>Ensemble de Serviettes TODAY Essential Celadon Vert clair 50 x 90 cm (10 Unit\u00e9s)<\/b> au meilleur prix.<\/p>\n<p>Le <b>Set de Serviettes Essential Celadon<\/b> de la marque <b>TODAY<\/b> est un ensemble soigneusement con\u00e7u pour offrir une excellente exp\u00e9rience de soin personnel et domestique. Il comprend 10 serviettes de main, chacune d\u2019une <b>taille approximative de 50 x 90 cm<\/b>, id\u00e9ale pour un usage quotidien, apportant confort et fonctionnalit\u00e9 dans la salle de bain, la salle de sport ou en voyage. Elles sont fabriqu\u00e9es en <b>100 % coton<\/b>, une mati\u00e8re naturelle reconnue pour sa grande capacit\u00e9 d\u2019absorption, sa douceur et sa durabilit\u00e9, garantissant une agr\u00e9able sensation au toucher et une r\u00e9sistance apr\u00e8s plusieurs lavages. De plus, elles ont un <b>grammage de 450 g\/m\u00b2<\/b>, gage de qualit\u00e9 et de densit\u00e9, offrant une \u00e9paisseur suffisante pour une haute absorption sans perdre en l\u00e9g\u00e8ret\u00e9 ni rapidit\u00e9 de s\u00e9chage. Leur couleur principale est un \u00e9l\u00e9gant <b>vert c\u00e9ladon<\/b>, avec des nuances \u00e9galement d\u00e9crites comme vert clair ou \u00ab vert \u00bb, qui apportent une touche de fra\u00eecheur et d\u2019harmonie chromatique, facilitant l\u2019association avec diff\u00e9rents styles d\u00e9coratifs, qu\u2019ils soient modernes ou classiques. Ce set se distingue par la qualit\u00e9 garantie par la marque TODAY, qui se positionne dans un segment \u00e9quilibrant valeur et fonctionnalit\u00e9, id\u00e9al pour ceux qui souhaitent renouveler leurs textiles de bain avec des pi\u00e8ces confortables et faciles d\u2019entretien. L\u2019ensemble est pratique pour \u00e9quiper un foyer ou comme cadeau lors d\u2019occasions sp\u00e9ciales, en pensant \u00e0 l\u2019utilit\u00e9 quotidienne et \u00e0 l\u2019esth\u00e9tique douce offerte par la finition c\u00e9ladon. En r\u00e9sum\u00e9, le <b>Set de Serviettes Essential Celadon<\/b> combine qualit\u00e9, taille adapt\u00e9e et couleur polyvalente, constituant une option fiable et \u00e9quilibr\u00e9e pour un usage quotidien.<\/p>\n<ul>\n<li>Composition: 100 % coton<\/li>\n<li>Couleur: Vert clair<\/li>\n<li>Dimensions approx.: 50 x 90 cm<\/li>\n<li>Unit\u00e9s: 10 Unit\u00e9s<\/li>\n<\/ul>","protected":false},"excerpt":{"rendered":"<p>Si vous aimez prendre soin de chaque d\u00e9tail de votre maison et d&#8217;\u00eatre \u00e0 la derni\u00e8re mode en mati\u00e8re de produits qui vous rendront la vie plus facile, achetez Ensemble de Serviettes TODAY Essential Celadon Vert clair 50 x 90 cm (10 Unit\u00e9s) au meilleur prix. Le Set de Serviettes Essential Celadon de la marque [&hellip;]<\/p>\n","protected":false},"featured_media":188102,"comment_status":"open","ping_status":"closed","template":"","meta":[],"product_brand":[1535],"product_cat":[1532,239,1791],"product_tag":[59],"class_list":{"0":"post-188106","1":"product","2":"type-product","3":"status-publish","4":"has-post-thumbnail","6":"product_brand-brandp_6093","7":"product_cat-linge-de-maison","8":"product_cat-maison-jardin","9":"product_cat-serviettes","10":"product_tag-tag_1304","12":"first","13":"instock","14":"taxable","15":"shipping-taxable","16":"purchasable","17":"product-type-simple"},"_links":{"self":[{"href":"https:\/\/bigbuy.tupique.com\/es\/wp-json\/wp\/v2\/product\/188106","targetHints":{"allow":["GET"]}}],"collection":[{"href":"https:\/\/bigbuy.tupique.com\/es\/wp-json\/wp\/v2\/product"}],"about":[{"href":"https:\/\/bigbuy.tupique.com\/es\/wp-json\/wp\/v2\/types\/product"}],"replies":[{"embeddable":true,"href":"https:\/\/bigbuy.tupique.com\/es\/wp-json\/wp\/v2\/comments?post=188106"}],"wp:featuredmedia":[{"embeddable":true,"href":"https:\/\/bigbuy.tupique.com\/es\/wp-json\/wp\/v2\/media\/188102"}],"wp:attachment":[{"href":"https:\/\/bigbuy.tupique.com\/es\/wp-json\/wp\/v2\/media?parent=188106"}],"wp:term":[{"taxonomy":"product_brand","embeddable":true,"href":"https:\/\/bigbuy.tupique.com\/es\/wp-json\/wp\/v2\/product_brand?post=188106"},{"taxonomy":"product_cat","embeddable":true,"href":"https:\/\/bigbuy.tupique.com\/es\/wp-json\/wp\/v2\/product_cat?post=188106"},{"taxonomy":"product_tag","embeddable":true,"href":"https:\/\/bigbuy.tupique.com\/es\/wp-json\/wp\/v2\/product_tag?post=188106"}],"curies":[{"name":"wp","href":"https:\/\/api.w.org\/{rel}","templated":true}]}}