{"id":188000,"date":"2026-04-15T09:12:00","date_gmt":"2026-04-15T08:12:00","guid":{"rendered":"https:\/\/bigbuy.tupique.com\/produto\/aspirateur-balai-shark-iw3612eu\/"},"modified":"2026-04-15T09:12:00","modified_gmt":"2026-04-15T08:12:00","slug":"aspirateur-balai-shark-iw3612eu","status":"publish","type":"product","link":"https:\/\/bigbuy.tupique.com\/es\/produto\/aspirateur-balai-shark-iw3612eu\/","title":{"rendered":"Aspirateur balai Shark IW3612EU"},"content":{"rendered":"<p>Si vous \u00eates \u00e0 la recherche de nouvelles tendances sur le march\u00e9, nous vous pr\u00e9sentons <b>Aspirateur balai Shark IW3612EU<\/b> !<\/p>\n<p>L\u2019<b>aspirateur balai<\/b> Shark se distingue par son design polyvalent et efficace, con\u00e7u pour r\u00e9pondre aux besoins du nettoyage quotidien \u00e0 la maison. Dot\u00e9 d\u2019une \u00e9l\u00e9gante <b>couleur blanche et grise<\/b>, ce mod\u00e8le est id\u00e9al pour ceux qui recherchent un \u00e9quilibre entre fonctionnalit\u00e9 et style moderne. Sa double <b>source d\u2019alimentation<\/b> permet une utilisation aussi bien sur <b>batterie rechargeable<\/b> \u2014 offrant une <b>autonomie d\u2019environ 1 heure<\/b> \u2014 que sur <b>secteur<\/b>, offrant ainsi une flexibilit\u00e9 pour nettoyer de grandes surfaces sans se soucier de la charge. Avec une g\u00e9n\u00e9reuse <b>capacit\u00e9 de r\u00e9servoir de 2 litres<\/b>, la fr\u00e9quence de vidage est r\u00e9duite et la collecte de la poussi\u00e8re et des d\u00e9bris solides sur sols durs et tapis est facilit\u00e9e. Cet aspirateur est exclusivement con\u00e7u pour le <b>nettoyage \u00e0 sec<\/b>, convenant pour garder toutes les surfaces propres et sans poussi\u00e8re en toute simplicit\u00e9. Gr\u00e2ce \u00e0 la qualit\u00e9 reconnue de Shark, ce mod\u00e8le allie praticit\u00e9, autonomie et grande capacit\u00e9 dans un outil essentiel pour l\u2019entretien domestique.<\/p>\n<ul>\n<li>Type de prise: Prise EU<\/li>\n<li>Produit \u00e0 brancher: Oui<\/li>\n<li>Type:\n<ul>\n<li>Aspirateur balai<\/li>\n<li>Sec<\/li>\n<\/ul>\n<\/li>\n<li>Couleur:\n<ul>\n<li>Gris<\/li>\n<li>Blanc<\/li>\n<\/ul>\n<\/li>\n<li>Indice de r\u00e9parabilit\u00e9: 8.3<\/li>\n<li>Bloc d\u2019Alimentation:\n<ul>\n<li>r\u00e9seau \u00e9lectrique<\/li>\n<li>Batterie<\/li>\n<\/ul>\n<\/li>\n<li>Capacit\u00e9: 2 L<\/li>\n<li>Temps de charge approx.: 5 heures<\/li>\n<li>Autonomie approx.: 1 heure<\/li>\n<li>Vitesse: 3 vitesses<\/li>\n<\/ul>","protected":false},"excerpt":{"rendered":"<p><span class=\"unit-info\">182.9950 &euro; \/ 1 l<\/span><\/p>","protected":false},"featured_media":187990,"comment_status":"open","ping_status":"closed","template":"","meta":[],"product_brand":[1078],"product_cat":[762,239,240],"product_tag":[56,210],"class_list":{"0":"post-188000","1":"product","2":"type-product","3":"status-publish","4":"has-post-thumbnail","6":"product_brand-brandp_5354","7":"product_cat-aspirateurs-et-robots","8":"product_cat-maison-jardin","9":"product_cat-nettoyage-aspirateur-et-repassage","10":"product_tag-tag_930","11":"product_tag-tag_25","13":"first","14":"instock","15":"taxable","16":"shipping-taxable","17":"purchasable","18":"product-type-simple"},"_links":{"self":[{"href":"https:\/\/bigbuy.tupique.com\/es\/wp-json\/wp\/v2\/product\/188000","targetHints":{"allow":["GET"]}}],"collection":[{"href":"https:\/\/bigbuy.tupique.com\/es\/wp-json\/wp\/v2\/product"}],"about":[{"href":"https:\/\/bigbuy.tupique.com\/es\/wp-json\/wp\/v2\/types\/product"}],"replies":[{"embeddable":true,"href":"https:\/\/bigbuy.tupique.com\/es\/wp-json\/wp\/v2\/comments?post=188000"}],"wp:featuredmedia":[{"embeddable":true,"href":"https:\/\/bigbuy.tupique.com\/es\/wp-json\/wp\/v2\/media\/187990"}],"wp:attachment":[{"href":"https:\/\/bigbuy.tupique.com\/es\/wp-json\/wp\/v2\/media?parent=188000"}],"wp:term":[{"taxonomy":"product_brand","embeddable":true,"href":"https:\/\/bigbuy.tupique.com\/es\/wp-json\/wp\/v2\/product_brand?post=188000"},{"taxonomy":"product_cat","embeddable":true,"href":"https:\/\/bigbuy.tupique.com\/es\/wp-json\/wp\/v2\/product_cat?post=188000"},{"taxonomy":"product_tag","embeddable":true,"href":"https:\/\/bigbuy.tupique.com\/es\/wp-json\/wp\/v2\/product_tag?post=188000"}],"curies":[{"name":"wp","href":"https:\/\/api.w.org\/{rel}","templated":true}]}}