{"id":187602,"date":"2026-04-15T08:11:50","date_gmt":"2026-04-15T07:11:50","guid":{"rendered":"https:\/\/bigbuy.tupique.com\/produto\/memoire-ram-crucial-ct16g56c46s5-16-gb-ddr5-sdram-ddr5-5600-mhz\/"},"modified":"2026-04-15T08:11:50","modified_gmt":"2026-04-15T07:11:50","slug":"memoire-ram-crucial-ct16g56c46s5-16-gb-ddr5-sdram-ddr5-5600-mhz","status":"publish","type":"product","link":"https:\/\/bigbuy.tupique.com\/es\/produto\/memoire-ram-crucial-ct16g56c46s5-16-gb-ddr5-sdram-ddr5-5600-mhz\/","title":{"rendered":"M\u00e9moire RAM Crucial CT16G56C46S5 16 GB DDR5 SDRAM DDR5 5600 MHz"},"content":{"rendered":"<p>Si vous \u00eates passionn\u00e9 d&#8217;<b>informatique et d&#8217;\u00e9lectronique<\/b>, si vous \u00eates \u00e0 la pointe de la technologie et qu&#8217;aucun d\u00e9tail ne vous \u00e9chappe, achetez <b>M\u00e9moire RAM Crucial CT16G56C46S5 16 GB DDR5 SDRAM DDR5 5600 MHz<\/b> au meilleur prix.<\/p>\n<ul>\n<li>Type:\n<ul>\n<li>M\u00e9moire (RAM)<\/li>\n<li>DDR5<\/li>\n<\/ul>\n<\/li>\n<li>Facteur de forme: SO-DIMM<\/li>\n<li>Connexions: SO-DIMM<\/li>\n<li>Latence: CL46<\/li>\n<li>Couleur: Noir<\/li>\n<li>Type de m\u00e9moire:\n<ul>\n<li>DDR5 SDRAM<\/li>\n<li>DDR5<\/li>\n<\/ul>\n<\/li>\n<li>M\u00e9moire RAM: 16 GB RAM<\/li>\n<li>Capacit\u00e9: 16 GB<\/li>\n<li>Compatible: Ordinateur Portable<\/li>\n<li>Tension: 1,1 V<\/li>\n<li>Format: 1 x 16 GB<\/li>\n<li>vitesse: 5600 MHz<\/li>\n<\/ul>","protected":false},"excerpt":{"rendered":"<p>Si vous \u00eates passionn\u00e9 d&#8217;informatique et d&#8217;\u00e9lectronique, si vous \u00eates \u00e0 la pointe de la technologie et qu&#8217;aucun d\u00e9tail ne vous \u00e9chappe, achetez M\u00e9moire RAM Crucial CT16G56C46S5 16 GB DDR5 SDRAM DDR5 5600 MHz au meilleur prix. Type: M\u00e9moire (RAM) DDR5 Facteur de forme: SO-DIMM Connexions: SO-DIMM Latence: CL46 Couleur: Noir Type de m\u00e9moire: DDR5 [&hellip;]<\/p>\n","protected":false},"featured_media":187582,"comment_status":"open","ping_status":"closed","template":"","meta":[],"product_brand":[1100],"product_cat":[65,584,593],"product_tag":[106],"class_list":{"0":"post-187602","1":"product","2":"type-product","3":"status-publish","4":"has-post-thumbnail","6":"product_brand-brandp_594","7":"product_cat-informatique-electronique","8":"product_cat-informatique-reseaux-et-composants","9":"product_cat-memoires-ram","10":"product_tag-tag_1295","12":"first","13":"instock","14":"taxable","15":"shipping-taxable","16":"purchasable","17":"product-type-simple"},"_links":{"self":[{"href":"https:\/\/bigbuy.tupique.com\/es\/wp-json\/wp\/v2\/product\/187602","targetHints":{"allow":["GET"]}}],"collection":[{"href":"https:\/\/bigbuy.tupique.com\/es\/wp-json\/wp\/v2\/product"}],"about":[{"href":"https:\/\/bigbuy.tupique.com\/es\/wp-json\/wp\/v2\/types\/product"}],"replies":[{"embeddable":true,"href":"https:\/\/bigbuy.tupique.com\/es\/wp-json\/wp\/v2\/comments?post=187602"}],"wp:featuredmedia":[{"embeddable":true,"href":"https:\/\/bigbuy.tupique.com\/es\/wp-json\/wp\/v2\/media\/187582"}],"wp:attachment":[{"href":"https:\/\/bigbuy.tupique.com\/es\/wp-json\/wp\/v2\/media?parent=187602"}],"wp:term":[{"taxonomy":"product_brand","embeddable":true,"href":"https:\/\/bigbuy.tupique.com\/es\/wp-json\/wp\/v2\/product_brand?post=187602"},{"taxonomy":"product_cat","embeddable":true,"href":"https:\/\/bigbuy.tupique.com\/es\/wp-json\/wp\/v2\/product_cat?post=187602"},{"taxonomy":"product_tag","embeddable":true,"href":"https:\/\/bigbuy.tupique.com\/es\/wp-json\/wp\/v2\/product_tag?post=187602"}],"curies":[{"name":"wp","href":"https:\/\/api.w.org\/{rel}","templated":true}]}}