{"id":18755,"date":"2026-03-29T15:39:58","date_gmt":"2026-03-29T14:39:58","guid":{"rendered":"https:\/\/bigbuy.tupique.com\/produto\/mens-watch-sector-r3273903007-silver-o-45-mm\/"},"modified":"2026-04-15T01:25:13","modified_gmt":"2026-04-15T00:25:13","slug":"mens-watch-sector-r3273903007-silver-o-45-mm","status":"publish","type":"product","link":"https:\/\/bigbuy.tupique.com\/es\/produto\/mens-watch-sector-r3273903007-silver-o-45-mm\/","title":{"rendered":"Montre Homme Sector R3273903007 Argent\u00e9 (\u00d8 45 mm)"},"content":{"rendered":"<p>Si vous aimez suivre les derni\u00e8res tendances en mati\u00e8re de mode et accessoires, achetez <b>Montre Homme Sector R3273903007 Argent\u00e9 (\u00d8 45 mm)<\/b> au meilleur prix.<\/p>\n<ul>\n<li>Inclut: Le coffret de la marque est inclus<\/li>\n<li>Genre: Homme<\/li>\n<li>Liens suppl\u00e9mentaires: Non<\/li>\n<li>Type de montre: Montre-bracelet<\/li>\n<li>diam\u00e8tre approx.: 45 mm<\/li>\n<li>Fonctions: Chronographe<\/li>\n<li>Imperm\u00e9abilit\u00e9: 10 atm<\/li>\n<li>Type de mouvement: Quartz<\/li>\n<li>Diam\u00e8tre du bo\u00eetier de la montre: \u00d8 45 mm<\/li>\n<li>Mod\u00e8le: 350<\/li>\n<li>Ann\u00e9e: 2017<\/li>\n<li>Mat\u00e9riau du bracelet: Acier inoxydable<\/li>\n<li>Materiau du bo\u00eetier: Acier inoxydable<\/li>\n<li>Couleur: Argent\u00e9<\/li>\n<li>Type de garantie: Du fabriquant<\/li>\n<li>Taille: 45 mm<\/li>\n<li>Fonctionne \u00e0 piles: 1 CR2<\/li>\n<li>Poids approx.: 200 gr<\/li>\n<\/ul>","protected":false},"excerpt":{"rendered":"<p><span class=\"unit-info\">7199.7778 &euro; \/ 1 m<\/span><\/p>","protected":false},"featured_media":18752,"comment_status":"open","ping_status":"closed","template":"","meta":[],"product_brand":[989],"product_cat":[544,574,545],"product_tag":[103],"class_list":{"0":"post-18755","1":"product","2":"type-product","3":"status-publish","4":"has-post-thumbnail","6":"product_brand-brandp_878","7":"product_cat-mode-accessoires","8":"product_cat-montres-homme","9":"product_cat-montres-bracelets","10":"product_tag-tag_1261","12":"first","13":"instock","14":"taxable","15":"shipping-taxable","16":"purchasable","17":"product-type-simple"},"_links":{"self":[{"href":"https:\/\/bigbuy.tupique.com\/es\/wp-json\/wp\/v2\/product\/18755","targetHints":{"allow":["GET"]}}],"collection":[{"href":"https:\/\/bigbuy.tupique.com\/es\/wp-json\/wp\/v2\/product"}],"about":[{"href":"https:\/\/bigbuy.tupique.com\/es\/wp-json\/wp\/v2\/types\/product"}],"replies":[{"embeddable":true,"href":"https:\/\/bigbuy.tupique.com\/es\/wp-json\/wp\/v2\/comments?post=18755"}],"wp:featuredmedia":[{"embeddable":true,"href":"https:\/\/bigbuy.tupique.com\/es\/wp-json\/wp\/v2\/media\/18752"}],"wp:attachment":[{"href":"https:\/\/bigbuy.tupique.com\/es\/wp-json\/wp\/v2\/media?parent=18755"}],"wp:term":[{"taxonomy":"product_brand","embeddable":true,"href":"https:\/\/bigbuy.tupique.com\/es\/wp-json\/wp\/v2\/product_brand?post=18755"},{"taxonomy":"product_cat","embeddable":true,"href":"https:\/\/bigbuy.tupique.com\/es\/wp-json\/wp\/v2\/product_cat?post=18755"},{"taxonomy":"product_tag","embeddable":true,"href":"https:\/\/bigbuy.tupique.com\/es\/wp-json\/wp\/v2\/product_tag?post=18755"}],"curies":[{"name":"wp","href":"https:\/\/api.w.org\/{rel}","templated":true}]}}