{"id":187200,"date":"2026-04-15T06:39:54","date_gmt":"2026-04-15T05:39:54","guid":{"rendered":"https:\/\/bigbuy.tupique.com\/produto\/ensemble-de-poupees-sylvanian-families-el-escondite-del-huevo-5802-14-x-9-x-16-cm-14-pieces\/"},"modified":"2026-04-16T21:30:41","modified_gmt":"2026-04-16T20:30:41","slug":"ensemble-de-poupees-sylvanian-families-el-escondite-del-huevo-5802-14-x-9-x-16-cm-14-pieces","status":"publish","type":"product","link":"https:\/\/bigbuy.tupique.com\/es\/produto\/ensemble-de-poupees-sylvanian-families-el-escondite-del-huevo-5802-14-x-9-x-16-cm-14-pieces\/","title":{"rendered":"Ensemble de poup\u00e9es Sylvanian Families El escondite del huevo &#8211; 5802 14 x 9 x 16 cm 14 Pi\u00e8ces"},"content":{"rendered":"<p>Les enfants m\u00e9ritent ce qu\u2019il y a de mieux, nous vous pr\u00e9sentons donc <b>Ensemble de poup\u00e9es Sylvanian Families El escondite del huevo &#8211; 5802 14 x 9 x 16 cm 14 Pi\u00e8ces<\/b>, id\u00e9al pour ceux qui cherchent des produits de qualit\u00e9 pour les plus petits ! Procurez-vous <b>Sylvanian Families<\/b> et bien d\u2019autres marques et licences aux meilleurs prix !<\/p>\n<p>Le <b>set de figurines<\/b> <b>Le cache-cache de l\u2019\u0153uf &#8211; 5802<\/b> de <b>Sylvanian Families<\/b> est un ensemble de jeu complet con\u00e7u pour stimuler l\u2019imagination et le jeu symbolique d\u00e8s le plus jeune \u00e2ge. Ce set, recommand\u00e9 pour les enfants de plus de <b>3 ans<\/b>, comprend <b>14 pi\u00e8ces<\/b> en <b>plastique<\/b> r\u00e9sistant, avec des figurines et accessoires en <b>blanc et multicolore<\/b> qui attirent facilement l\u2019attention des petits. Les dimensions compactes du set, <b>14 x 9 x 16 cm<\/b> pour un poids l\u00e9ger de <b>70 grammes<\/b>, permettent de le transporter et de le ranger ais\u00e9ment, pour jouer \u00e0 la maison ou en d\u00e9placement. Tous les \u00e9l\u00e9ments respectent la r\u00e9glementation europ\u00e9enne et poss\u00e8dent le <b>certificat CE<\/b>, garantissant la s\u00e9curit\u00e9 d\u2019utilisation pour les enfants. De plus, le produit est adapt\u00e9 \u00e0 un public <b>multilingue<\/b>, ce qui en fait un choix inclusif et accessible dans divers contextes. Gr\u00e2ce \u00e0 sa conception pens\u00e9e pour les enfants, ce set favorise le d\u00e9veloppement des comp\u00e9tences sociales et cr\u00e9atives \u00e0 travers le jeu collaboratif, inspir\u00e9 par les histoires attachantes des Sylvanian Families. Un choix id\u00e9al pour ceux qui recherchent un jouet s\u00fbr, \u00e9ducatif et polyvalent dans l\u2019univers des figurines \u00e0 collectionner.<\/p>\n<ul>\n<li>Couleur:\n<ul>\n<li>Blanc<\/li>\n<li>Multicouleur<\/li>\n<\/ul>\n<\/li>\n<li>Dimensions approx.: 14 x 9 x 16 cm<\/li>\n<li>Type: Enfant<\/li>\n<li>Mati\u00e8re: Plastique<\/li>\n<li>Genre: Enfant<\/li>\n<li>\u00c2ge recommand\u00e9: + 3 ans<\/li>\n<li>Langue: Multilingue<\/li>\n<li>Piles incluses: Non<\/li>\n<li>Nombre de pi\u00e8ces: 14 Pi\u00e8ces<\/li>\n<li>Certificat: CE<\/li>\n<\/ul>","protected":false},"excerpt":{"rendered":"<p>Les enfants m\u00e9ritent ce qu\u2019il y a de mieux, nous vous pr\u00e9sentons donc Ensemble de poup\u00e9es Sylvanian Families El escondite del huevo &#8211; 5802 14 x 9 x 16 cm 14 Pi\u00e8ces, id\u00e9al pour ceux qui cherchent des produits de qualit\u00e9 pour les plus petits ! Procurez-vous Sylvanian Families et bien d\u2019autres marques et licences [&hellip;]<\/p>\n","protected":false},"featured_media":187194,"comment_status":"open","ping_status":"closed","template":"","meta":[],"product_brand":[1769],"product_cat":[159,157,158],"product_tag":[57,59,215],"class_list":{"0":"post-187200","1":"product","2":"type-product","3":"status-publish","4":"has-post-thumbnail","6":"product_brand-brandp_5597","7":"product_cat-autres-jouets","8":"product_cat-jouets-deguisements","9":"product_cat-jouets-et-jeux","10":"product_tag-tag_1275","11":"product_tag-tag_1304","12":"product_tag-tag_427","14":"first","15":"instock","16":"taxable","17":"shipping-taxable","18":"purchasable","19":"product-type-simple"},"_links":{"self":[{"href":"https:\/\/bigbuy.tupique.com\/es\/wp-json\/wp\/v2\/product\/187200","targetHints":{"allow":["GET"]}}],"collection":[{"href":"https:\/\/bigbuy.tupique.com\/es\/wp-json\/wp\/v2\/product"}],"about":[{"href":"https:\/\/bigbuy.tupique.com\/es\/wp-json\/wp\/v2\/types\/product"}],"replies":[{"embeddable":true,"href":"https:\/\/bigbuy.tupique.com\/es\/wp-json\/wp\/v2\/comments?post=187200"}],"wp:featuredmedia":[{"embeddable":true,"href":"https:\/\/bigbuy.tupique.com\/es\/wp-json\/wp\/v2\/media\/187194"}],"wp:attachment":[{"href":"https:\/\/bigbuy.tupique.com\/es\/wp-json\/wp\/v2\/media?parent=187200"}],"wp:term":[{"taxonomy":"product_brand","embeddable":true,"href":"https:\/\/bigbuy.tupique.com\/es\/wp-json\/wp\/v2\/product_brand?post=187200"},{"taxonomy":"product_cat","embeddable":true,"href":"https:\/\/bigbuy.tupique.com\/es\/wp-json\/wp\/v2\/product_cat?post=187200"},{"taxonomy":"product_tag","embeddable":true,"href":"https:\/\/bigbuy.tupique.com\/es\/wp-json\/wp\/v2\/product_tag?post=187200"}],"curies":[{"name":"wp","href":"https:\/\/api.w.org\/{rel}","templated":true}]}}