{"id":187037,"date":"2026-04-15T06:01:03","date_gmt":"2026-04-15T05:01:03","guid":{"rendered":"https:\/\/bigbuy.tupique.com\/produto\/jeu-de-societe-mattel-scrabble-voyage\/"},"modified":"2026-04-16T19:41:21","modified_gmt":"2026-04-16T18:41:21","slug":"jeu-de-societe-mattel-scrabble-voyage","status":"publish","type":"product","link":"https:\/\/bigbuy.tupique.com\/es\/produto\/jeu-de-societe-mattel-scrabble-voyage\/","title":{"rendered":"Jeu de soci\u00e9t\u00e9 Mattel Scrabble Voyage"},"content":{"rendered":"<p>Les enfants m\u00e9ritent ce qu\u2019il y a de mieux, nous vous pr\u00e9sentons donc <b>Jeu de soci\u00e9t\u00e9 Mattel Scrabble Voyage<\/b>, id\u00e9al pour ceux qui cherchent des produits de qualit\u00e9 pour les plus petits ! Procurez-vous <b>Mattel<\/b> et bien d\u2019autres marques et licences aux meilleurs prix !<\/p>\n<p>Le <b>Scrabble Voyage<\/b> de Mattel est un <b>jeu de soci\u00e9t\u00e9<\/b> compact et pratique, sp\u00e9cialement con\u00e7u pour t\u2019accompagner en toute occasion, id\u00e9al aussi bien pour les voyages que pour des parties improvis\u00e9es \u00e0 la maison. Cette \u00e9dition propose un <b>plateau \u00e0 grille textur\u00e9e<\/b> qui maintient les lettres en place m\u00eame en d\u00e9placement, dans le train, l\u2019avion ou lors d\u2019activit\u00e9s en plein air, garantissant ainsi une exp\u00e9rience de jeu stable et fluide. Fabriqu\u00e9 en <b>plastique r\u00e9sistant<\/b> avec une finition verte, l\u2019ensemble est pens\u00e9 pour r\u00e9sister \u00e0 une utilisation intensive, comme le requi\u00e8rent souvent les jeux portables. Le jeu est enti\u00e8rement en <b>fran\u00e7ais<\/b>, parfait pour ceux qui souhaitent pratiquer la langue ou partager des moments ludiques en famille ou entre amis francophones. Il inclut la <b>certification CE<\/b>, assurant le respect des normes europ\u00e9ennes de s\u00e9curit\u00e9 pour les jouets. Bien que les attributs indiquent une <b>tranche d\u2019\u00e2ge recommand\u00e9e de plus de 3 ans et plus de 10 ans<\/b>, la nature du Scrabble et la n\u00e9cessit\u00e9 de savoir lire et former des mots le destinent principalement aux joueurs \u00e0 partir de 10 ans, offrant ainsi un d\u00e9fi intellectuel adapt\u00e9. Id\u00e9al pour des parties \u00e0 <b>2 joueurs<\/b>, il constitue un loisir social et \u00e9ducatif qui stimule le vocabulaire et la vivacit\u00e9 d\u2019esprit. La version est en \u00e9tat <b>original et non ouverte<\/b>, ce qui en fait \u00e9galement un excellent cadeau pour les amateurs de jeux classiques. Fabriqu\u00e9 en Chine et pr\u00e9sent\u00e9 dans un format compact, Scrabble Voyage est parfait pour ceux qui souhaitent allier plaisir et apprentissage linguistique partout. En somme, cette \u00e9dition transportable du Scrabble associe praticit\u00e9 et d\u00e9fi classique, permettant de profiter du jeu embl\u00e9matique dans tous les environnements.<\/p>\n<ul>\n<li>Type: Jeu de soci\u00e9t\u00e9<\/li>\n<li>Langue:\n<ul>\n<li>Fran\u00e7ais<\/li>\n<li>Multilingue<\/li>\n<\/ul>\n<\/li>\n<li>Nombre de joueurs:\n<ul>\n<li>2 Joueurs<\/li>\n<li>+2 Joueurs<\/li>\n<\/ul>\n<\/li>\n<li>Certificat: CE<\/li>\n<li>Mati\u00e8re: Plastique<\/li>\n<li>Emballage: original (sin abrir)<\/li>\n<li>\u00c2ge recommand\u00e9:\n<ul>\n<li>+ 3 ans<\/li>\n<li>+ 10 Ans<\/li>\n<\/ul>\n<\/li>\n<li>Genre: Unisexe<\/li>\n<\/ul>","protected":false},"excerpt":{"rendered":"<p>Les enfants m\u00e9ritent ce qu\u2019il y a de mieux, nous vous pr\u00e9sentons donc Jeu de soci\u00e9t\u00e9 Mattel Scrabble Voyage, id\u00e9al pour ceux qui cherchent des produits de qualit\u00e9 pour les plus petits ! Procurez-vous Mattel et bien d\u2019autres marques et licences aux meilleurs prix ! Le Scrabble Voyage de Mattel est un jeu de soci\u00e9t\u00e9 [&hellip;]<\/p>\n","protected":false},"featured_media":187033,"comment_status":"open","ping_status":"closed","template":"","meta":[],"product_brand":[1762],"product_cat":[620,157,158],"product_tag":[57,59],"class_list":{"0":"post-187037","1":"product","2":"type-product","3":"status-publish","4":"has-post-thumbnail","6":"product_brand-brandp_1916","7":"product_cat-jeux-de-societe-pour-enfants","8":"product_cat-jouets-deguisements","9":"product_cat-jouets-et-jeux","10":"product_tag-tag_1275","11":"product_tag-tag_1304","13":"first","14":"instock","15":"taxable","16":"shipping-taxable","17":"purchasable","18":"product-type-simple"},"_links":{"self":[{"href":"https:\/\/bigbuy.tupique.com\/es\/wp-json\/wp\/v2\/product\/187037","targetHints":{"allow":["GET"]}}],"collection":[{"href":"https:\/\/bigbuy.tupique.com\/es\/wp-json\/wp\/v2\/product"}],"about":[{"href":"https:\/\/bigbuy.tupique.com\/es\/wp-json\/wp\/v2\/types\/product"}],"replies":[{"embeddable":true,"href":"https:\/\/bigbuy.tupique.com\/es\/wp-json\/wp\/v2\/comments?post=187037"}],"wp:featuredmedia":[{"embeddable":true,"href":"https:\/\/bigbuy.tupique.com\/es\/wp-json\/wp\/v2\/media\/187033"}],"wp:attachment":[{"href":"https:\/\/bigbuy.tupique.com\/es\/wp-json\/wp\/v2\/media?parent=187037"}],"wp:term":[{"taxonomy":"product_brand","embeddable":true,"href":"https:\/\/bigbuy.tupique.com\/es\/wp-json\/wp\/v2\/product_brand?post=187037"},{"taxonomy":"product_cat","embeddable":true,"href":"https:\/\/bigbuy.tupique.com\/es\/wp-json\/wp\/v2\/product_cat?post=187037"},{"taxonomy":"product_tag","embeddable":true,"href":"https:\/\/bigbuy.tupique.com\/es\/wp-json\/wp\/v2\/product_tag?post=187037"}],"curies":[{"name":"wp","href":"https:\/\/api.w.org\/{rel}","templated":true}]}}