{"id":186726,"date":"2026-04-15T04:47:34","date_gmt":"2026-04-15T03:47:34","guid":{"rendered":"https:\/\/bigbuy.tupique.com\/produto\/aspirateur-balai-shark-iz380eut\/"},"modified":"2026-05-11T19:57:12","modified_gmt":"2026-05-11T17:57:12","slug":"aspirateur-balai-shark-iz380eut","status":"publish","type":"product","link":"https:\/\/bigbuy.tupique.com\/es\/produto\/aspirateur-balai-shark-iz380eut\/","title":{"rendered":"Aspirateur balai Shark IZ380EUT"},"content":{"rendered":"<p>Si vous \u00eates \u00e0 la recherche de nouvelles tendances sur le march\u00e9, nous vous pr\u00e9sentons <b>Aspirateur balai Shark IZ380EUT<\/b> !<\/p>\n<p>Le <b>aspirateur balai Shark IZ380EUT<\/b> est un appareil con\u00e7u pour offrir un nettoyage efficace et confortable dans toute maison, particuli\u00e8rement recommand\u00e9 pour les utilisateurs recherchant une prise en main facile et une autonomie prolong\u00e9e. Ce mod\u00e8le fonctionne avec une <b>alimentation par batterie<\/b>, offrant jusqu\u2019\u00e0 <b>50 minutes d\u2019autonomie<\/b>, permettant des nettoyages complets sans interruptions fr\u00e9quentes pour la recharge. Son design int\u00e8gre une <b>buse \u00e9troite<\/b>, pens\u00e9e pour atteindre les zones difficiles et les recoins o\u00f9 poussi\u00e8re et salet\u00e9 s\u2019accumulent, apportant pr\u00e9cision et polyvalence lors du nettoyage de diff\u00e9rentes surfaces. En tant qu\u2019<b>aspirateur balai<\/b>, il combine l\u00e9g\u00e8ret\u00e9 et maniabilit\u00e9 avec une performance suffisante pour garder les espaces exempts de poussi\u00e8re, poils d\u2019animaux et petites particules, sans les inconv\u00e9nients habituels des aspirateurs filaires. La puissance de sa batterie de <b>21,6V<\/b> assure une aspiration constante et efficace, adapt\u00e9e \u00e0 un usage quotidien dans les foyers avec animaux, compl\u00e9tant sa fonctionnalit\u00e9 en s\u2019adaptant aussi bien aux sols durs qu\u2019aux tapis \u00e0 poils courts. La marque Shark est reconnue pour son innovation dans les solutions de nettoyage facilitant l\u2019entretien de la maison, et ce mod\u00e8le refl\u00e8te cette r\u00e9putation en offrant un \u00e9quilibre optimal entre autonomie, efficacit\u00e9 et confort d\u2019utilisation. En r\u00e9sum\u00e9, le Shark IZ380EUT repr\u00e9sente une option pratique et fonctionnelle pour ceux qui appr\u00e9cient un aspirateur balai agile et durable, id\u00e9al pour les t\u00e2ches de nettoyage g\u00e9n\u00e9ral n\u00e9cessitant l\u2019acc\u00e8s \u00e0 des espaces difficiles.<\/p>\n<ul>\n<li>Produit \u00e0 brancher: Oui<\/li>\n<li>Type:\n<ul>\n<li>Aspirateur balai<\/li>\n<li>Sec<\/li>\n<\/ul>\n<\/li>\n<li>Type de prise: Prise EU<\/li>\n<li>Bloc d\u2019Alimentation:\n<ul>\n<li>r\u00e9seau \u00e9lectrique<\/li>\n<li>Batterie<\/li>\n<\/ul>\n<\/li>\n<li>Couleur:\n<ul>\n<li>m\u00e9tallique<\/li>\n<li>M\u00e9tallis\u00e9<\/li>\n<\/ul>\n<\/li>\n<li>Caract\u00e9ristiques: Buse \u00e9troite<\/li>\n<li>Fonctionne \u00e0 piles: 1 Litio Ion, incluidas<\/li>\n<li>Autonomie approx.: 50 minutes<\/li>\n<\/ul>","protected":false},"excerpt":{"rendered":"<p>Si vous \u00eates \u00e0 la recherche de nouvelles tendances sur le march\u00e9, nous vous pr\u00e9sentons Aspirateur balai Shark IZ380EUT ! Le aspirateur balai Shark IZ380EUT est un appareil con\u00e7u pour offrir un nettoyage efficace et confortable dans toute maison, particuli\u00e8rement recommand\u00e9 pour les utilisateurs recherchant une prise en main facile et une autonomie prolong\u00e9e. Ce [&hellip;]<\/p>\n","protected":false},"featured_media":186722,"comment_status":"open","ping_status":"closed","template":"","meta":[],"product_brand":[1078],"product_cat":[762,239,240],"product_tag":[56,210],"class_list":{"0":"post-186726","1":"product","2":"type-product","3":"status-publish","4":"has-post-thumbnail","6":"product_brand-brandp_5354","7":"product_cat-aspirateurs-et-robots","8":"product_cat-maison-jardin","9":"product_cat-nettoyage-aspirateur-et-repassage","10":"product_tag-tag_930","11":"product_tag-tag_25","13":"first","14":"instock","15":"taxable","16":"shipping-taxable","17":"purchasable","18":"product-type-simple"},"_links":{"self":[{"href":"https:\/\/bigbuy.tupique.com\/es\/wp-json\/wp\/v2\/product\/186726","targetHints":{"allow":["GET"]}}],"collection":[{"href":"https:\/\/bigbuy.tupique.com\/es\/wp-json\/wp\/v2\/product"}],"about":[{"href":"https:\/\/bigbuy.tupique.com\/es\/wp-json\/wp\/v2\/types\/product"}],"replies":[{"embeddable":true,"href":"https:\/\/bigbuy.tupique.com\/es\/wp-json\/wp\/v2\/comments?post=186726"}],"wp:featuredmedia":[{"embeddable":true,"href":"https:\/\/bigbuy.tupique.com\/es\/wp-json\/wp\/v2\/media\/186722"}],"wp:attachment":[{"href":"https:\/\/bigbuy.tupique.com\/es\/wp-json\/wp\/v2\/media?parent=186726"}],"wp:term":[{"taxonomy":"product_brand","embeddable":true,"href":"https:\/\/bigbuy.tupique.com\/es\/wp-json\/wp\/v2\/product_brand?post=186726"},{"taxonomy":"product_cat","embeddable":true,"href":"https:\/\/bigbuy.tupique.com\/es\/wp-json\/wp\/v2\/product_cat?post=186726"},{"taxonomy":"product_tag","embeddable":true,"href":"https:\/\/bigbuy.tupique.com\/es\/wp-json\/wp\/v2\/product_tag?post=186726"}],"curies":[{"name":"wp","href":"https:\/\/api.w.org\/{rel}","templated":true}]}}