{"id":186285,"date":"2026-04-15T02:57:59","date_gmt":"2026-04-15T01:57:59","guid":{"rendered":"https:\/\/bigbuy.tupique.com\/produto\/ecran-lg-24ba850-b-full-hd-238\/"},"modified":"2026-04-15T02:57:59","modified_gmt":"2026-04-15T01:57:59","slug":"ecran-lg-24ba850-b-full-hd-238","status":"publish","type":"product","link":"https:\/\/bigbuy.tupique.com\/es\/produto\/ecran-lg-24ba850-b-full-hd-238\/","title":{"rendered":"\u00c9cran LG 24BA850-B Full HD 23,8&#8243;"},"content":{"rendered":"<p>Si vous \u00eates passionn\u00e9 d&#8217;<b>informatique et d&#8217;\u00e9lectronique<\/b>, si vous \u00eates \u00e0 la pointe de la technologie et qu&#8217;aucun d\u00e9tail ne vous \u00e9chappe, achetez <b>\u00c9cran LG 24BA850-B Full HD 23,8&#8243;<\/b> au meilleur prix.<\/p>\n<p>Le <b>moniteur LG 24BA850-B<\/b> est un appareil professionnel con\u00e7u pour offrir une exp\u00e9rience visuelle confortable et polyvalente dans les environnements de travail et multim\u00e9dia. \u00c9quip\u00e9 d\u2019un \u00e9cran <b>IPS de 23,8 pouces<\/b>, il offre de larges angles de vision et des couleurs pr\u00e9cises, id\u00e9ales pour les t\u00e2ches n\u00e9cessitant une fid\u00e9lit\u00e9 colorim\u00e9trique et du d\u00e9tail. Sa technologie <b>Flicker Free<\/b> aide \u00e0 r\u00e9duire la fatigue oculaire lors de sessions prolong\u00e9es, garantissant un usage plus sain et confortable. Ce moniteur se distingue par sa r\u00e9solution <b>Full HD (1920&#215;1080 pixels)<\/b>, qui assure des images nettes et d\u00e9finies pour une grande vari\u00e9t\u00e9 d\u2019applications, du travail bureautique \u00e0 la consommation de contenus audiovisuels. Avec un temps de r\u00e9ponse de <b>5 ms<\/b>, il garantit une fluidit\u00e9 adapt\u00e9e aux mouvements pour \u00e9viter les flous, utile lors de pr\u00e9sentations dynamiques ou d\u2019\u00e9ditions multim\u00e9dia basiques. Son design noir allie sobri\u00e9t\u00e9 et professionnalisme, tandis que les r\u00e9glages ergonomiques tels que l\u2019inclinaison, la rotation, le pivot et le r\u00e9glage en hauteur jusqu\u2019\u00e0 <b>150 mm<\/b> permettent d\u2019adapter l\u2019affichage \u00e0 la posture de l\u2019utilisateur pour un confort accru lors de longues journ\u00e9es. La connectivit\u00e9 est un autre point fort, int\u00e9grant un ensemble complet de ports comprenant <b>1 HDMI 2.0, 2 DisplayPort 1.4 avec fonction Daisy Chain<\/b> pour faciliter la connexion en cha\u00eene de plusieurs moniteurs, ainsi qu\u2019un port <b>USB-C avec une puissance de charge de 90W<\/b> permettant d\u2019alimenter des appareils et de transmettre des donn\u00e9es via un seul c\u00e2ble. Il int\u00e8gre \u00e9galement un port <b>RJ45<\/b> pour r\u00e9seau filaire, <b>4 ports USB 3.0<\/b> pour connecter des p\u00e9riph\u00e9riques, ainsi qu\u2019une webcam int\u00e9gr\u00e9e avec microphone, parfaits pour les visioconf\u00e9rences. Des haut-parleurs int\u00e9gr\u00e9s compl\u00e8tent l\u2019ensemble, \u00e9vitant le recours \u00e0 un syst\u00e8me audio externe. Ce mod\u00e8le constitue une solution compl\u00e8te et professionnelle pour les utilisateurs recherchant un moniteur r\u00e9glable, avec une bonne qualit\u00e9 d\u2019image et une connectivit\u00e9 avanc\u00e9e, adapt\u00e9 aux environnements de bureau ou de t\u00e9l\u00e9travail.<\/p>\n<ul>\n<li>Diagonale de l&#8217;\u00e9cran (cm):\n<ul>\n<li>60,5 cm<\/li>\n<li>61 cm<\/li>\n<\/ul>\n<\/li>\n<li>Type:\n<ul>\n<li>\u00c9cran<\/li>\n<li>Axe<\/li>\n<\/ul>\n<\/li>\n<li>Produit \u00e0 brancher: Oui<\/li>\n<li>Type de prise: Prise EU<\/li>\n<li>Bloc d\u2019Alimentation: r\u00e9seau \u00e9lectrique<\/li>\n<li>Couleur: Noir<\/li>\n<li>Temps de r\u00e9ponse: 5 ms<\/li>\n<li>VESA: 10 x 10 cm<\/li>\n<li>Brille:\n<ul>\n<li>250 cd\/m2<\/li>\n<li>250 ANSI<\/li>\n<\/ul>\n<\/li>\n<li>Tension:\n<ul>\n<li>100-240 V<\/li>\n<li>100 &#8211; 240 V<\/li>\n<\/ul>\n<\/li>\n<li>Ecran: 23,8&#8243;<\/li>\n<li>puissance: 4 W<\/li>\n<li>Classification \u00e9nerg\u00e9tique: D<\/li>\n<li>R\u00e9solution: Full HD<\/li>\n<li>Rapport d&#8217;aspect: 16:9<\/li>\n<li>Connexions:\n<ul>\n<li>HDMI<\/li>\n<li>DisplayPort<\/li>\n<li>HDMI 2.0<\/li>\n<li>USB<\/li>\n<li>USB-C<\/li>\n<li>DisplayPort x 2<\/li>\n<li>Jack 3.5 mm<\/li>\n<li>USB A x 4<\/li>\n<li>DisplayPort 1.4<\/li>\n<\/ul>\n<\/li>\n<li>Caract\u00e9ristiques:\n<ul>\n<li>Plaque Tournante<\/li>\n<li>R\u00e9glable<\/li>\n<li>Inclinaison r\u00e9glable<\/li>\n<li>D\u00e9montable<\/li>\n<li>Haut-parleurs int\u00e9gr\u00e9s<\/li>\n<li>\u00c9cran plat<\/li>\n<\/ul>\n<\/li>\n<li>R\u00e9solution (px): 1920 x 1080 px<\/li>\n<li>Technologie:\n<ul>\n<li>IPS<\/li>\n<li>Flicker free<\/li>\n<\/ul>\n<\/li>\n<li>Fr\u00e9quence:\n<ul>\n<li>100 Hz<\/li>\n<li>50 &#8211; 60 Hz<\/li>\n<\/ul>\n<\/li>\n<li>Fr\u00e9quence d&#8217;entr\u00e9e AC: 50-60 Hz<\/li>\n<li>Ecran tactile: Non<\/li>\n<li>Inclut: Sortie d&#8217;\u00e9couteurs<\/li>\n<li>Angle: 178\u00ba<\/li>\n<li>Montage: VESA<\/li>\n<li>Rotation: -45\u00ba \/ 45\u00b0<\/li>\n<\/ul>","protected":false},"excerpt":{"rendered":"<p>Si vous \u00eates passionn\u00e9 d&#8217;informatique et d&#8217;\u00e9lectronique, si vous \u00eates \u00e0 la pointe de la technologie et qu&#8217;aucun d\u00e9tail ne vous \u00e9chappe, achetez \u00c9cran LG 24BA850-B Full HD 23,8&#8243; au meilleur prix. Le moniteur LG 24BA850-B est un appareil professionnel con\u00e7u pour offrir une exp\u00e9rience visuelle confortable et polyvalente dans les environnements de travail et [&hellip;]<\/p>\n","protected":false},"featured_media":186278,"comment_status":"open","ping_status":"closed","template":"","meta":[],"product_brand":[662],"product_cat":[65,581,616],"product_tag":[213,106],"class_list":{"0":"post-186285","1":"product","2":"type-product","3":"status-publish","4":"has-post-thumbnail","6":"product_brand-brandp_559","7":"product_cat-informatique-electronique","8":"product_cat-informatique-peripheriques-et-consommables","9":"product_cat-moniteurs","10":"product_tag-tag_933","11":"product_tag-tag_1295","13":"first","14":"instock","15":"taxable","16":"shipping-taxable","17":"purchasable","18":"product-type-simple"},"_links":{"self":[{"href":"https:\/\/bigbuy.tupique.com\/es\/wp-json\/wp\/v2\/product\/186285","targetHints":{"allow":["GET"]}}],"collection":[{"href":"https:\/\/bigbuy.tupique.com\/es\/wp-json\/wp\/v2\/product"}],"about":[{"href":"https:\/\/bigbuy.tupique.com\/es\/wp-json\/wp\/v2\/types\/product"}],"replies":[{"embeddable":true,"href":"https:\/\/bigbuy.tupique.com\/es\/wp-json\/wp\/v2\/comments?post=186285"}],"wp:featuredmedia":[{"embeddable":true,"href":"https:\/\/bigbuy.tupique.com\/es\/wp-json\/wp\/v2\/media\/186278"}],"wp:attachment":[{"href":"https:\/\/bigbuy.tupique.com\/es\/wp-json\/wp\/v2\/media?parent=186285"}],"wp:term":[{"taxonomy":"product_brand","embeddable":true,"href":"https:\/\/bigbuy.tupique.com\/es\/wp-json\/wp\/v2\/product_brand?post=186285"},{"taxonomy":"product_cat","embeddable":true,"href":"https:\/\/bigbuy.tupique.com\/es\/wp-json\/wp\/v2\/product_cat?post=186285"},{"taxonomy":"product_tag","embeddable":true,"href":"https:\/\/bigbuy.tupique.com\/es\/wp-json\/wp\/v2\/product_tag?post=186285"}],"curies":[{"name":"wp","href":"https:\/\/api.w.org\/{rel}","templated":true}]}}