{"id":18574,"date":"2026-03-29T15:25:49","date_gmt":"2026-03-29T14:25:49","guid":{"rendered":"https:\/\/bigbuy.tupique.com\/produto\/gaming-chair-playseat-rc-00312-black\/"},"modified":"2026-04-16T20:42:13","modified_gmt":"2026-04-16T19:42:13","slug":"gaming-chair-playseat-rc-00312-black","status":"publish","type":"product","link":"https:\/\/bigbuy.tupique.com\/es\/produto\/gaming-chair-playseat-rc-00312-black\/","title":{"rendered":"Chaise de jeu Playseat RC.00312 Noir"},"content":{"rendered":"<p>Vous voulez donner une touche d&#8217;originalit\u00e9 \u00e0 votre maison ? Vous y arriverez gr\u00e2ce au <b>Chaise de jeu Playseat RC.00312 Noir<\/b>.<\/p>\n<ul>\n<li>Type: Chaise de jeu<\/li>\n<li>Couleur: Noir<\/li>\n<li>Caract\u00e9ristiques:\n<ul>\n<li>Hauteur r\u00e9glable<\/li>\n<li>Universel<\/li>\n<\/ul>\n<\/li>\n<li>Langue: Anglais<\/li>\n<li>Poids Max. support\u00e9: 122 kg<\/li>\n<\/ul>","protected":false},"excerpt":{"rendered":"<p>Vous voulez donner une touche d&#8217;originalit\u00e9 \u00e0 votre maison ? Vous y arriverez gr\u00e2ce au Chaise de jeu Playseat RC.00312 Noir. Type: Chaise de jeu Couleur: Noir Caract\u00e9ristiques: Hauteur r\u00e9glable Universel Langue: Anglais Poids Max. support\u00e9: 122 kg<\/p>","protected":false},"featured_media":194200,"comment_status":"open","ping_status":"closed","template":"","meta":[],"product_brand":[867],"product_cat":[739,65,737],"product_tag":[59,572],"class_list":{"0":"post-18574","1":"product","2":"type-product","3":"status-publish","4":"has-post-thumbnail","6":"product_brand-brandp_7085","7":"product_cat-accessoires-gaming","8":"product_cat-informatique-electronique","9":"product_cat-informatique-gaming","10":"product_tag-tag_1304","11":"product_tag-tag_29","13":"first","14":"instock","15":"taxable","16":"shipping-taxable","17":"purchasable","18":"product-type-simple"},"_links":{"self":[{"href":"https:\/\/bigbuy.tupique.com\/es\/wp-json\/wp\/v2\/product\/18574","targetHints":{"allow":["GET"]}}],"collection":[{"href":"https:\/\/bigbuy.tupique.com\/es\/wp-json\/wp\/v2\/product"}],"about":[{"href":"https:\/\/bigbuy.tupique.com\/es\/wp-json\/wp\/v2\/types\/product"}],"replies":[{"embeddable":true,"href":"https:\/\/bigbuy.tupique.com\/es\/wp-json\/wp\/v2\/comments?post=18574"}],"wp:featuredmedia":[{"embeddable":true,"href":"https:\/\/bigbuy.tupique.com\/es\/wp-json\/wp\/v2\/media\/194200"}],"wp:attachment":[{"href":"https:\/\/bigbuy.tupique.com\/es\/wp-json\/wp\/v2\/media?parent=18574"}],"wp:term":[{"taxonomy":"product_brand","embeddable":true,"href":"https:\/\/bigbuy.tupique.com\/es\/wp-json\/wp\/v2\/product_brand?post=18574"},{"taxonomy":"product_cat","embeddable":true,"href":"https:\/\/bigbuy.tupique.com\/es\/wp-json\/wp\/v2\/product_cat?post=18574"},{"taxonomy":"product_tag","embeddable":true,"href":"https:\/\/bigbuy.tupique.com\/es\/wp-json\/wp\/v2\/product_tag?post=18574"}],"curies":[{"name":"wp","href":"https:\/\/api.w.org\/{rel}","templated":true}]}}