{"id":185726,"date":"2026-04-15T00:48:38","date_gmt":"2026-04-14T23:48:38","guid":{"rendered":"https:\/\/bigbuy.tupique.com\/produto\/pot-eda-anthracite-plastique\/"},"modified":"2026-04-16T15:05:38","modified_gmt":"2026-04-16T14:05:38","slug":"pot-eda-anthracite-plastique","status":"publish","type":"product","link":"https:\/\/bigbuy.tupique.com\/es\/produto\/pot-eda-anthracite-plastique\/","title":{"rendered":"Pot EDA Anthracite Plastique"},"content":{"rendered":"<p>Si vous aimez prendre soin de chaque d\u00e9tail de votre maison et d&#8217;\u00eatre \u00e0 la derni\u00e8re mode en mati\u00e8re de produits qui vous rendront la vie plus facile, achetez <b>Pot EDA Anthracite Plastique<\/b> au meilleur prix.<\/p>\n<ul>\n<li>Type: Pot<\/li>\n<li>Couleur: Anthracite<\/li>\n<li>Mat\u00e9riel: Plastique<\/li>\n<li>Caract\u00e9ristiques:\n<ul>\n<li>R\u00e9sistant aux UV<\/li>\n<li>Double paroi<\/li>\n<li>Ajour\u00e9<\/li>\n<li>Avec r\u00e9serve d&#8217;eau<\/li>\n<\/ul>\n<\/li>\n<li>Capacit\u00e9: 46 L<\/li>\n<li>Dimensions approx.: 78,5 x 29,5 x 60 cm<\/li>\n<li>Type d&#8217;installation: Sol<\/li>\n<\/ul>","protected":false},"excerpt":{"rendered":"<p><span class=\"unit-info\">2.5867 &euro; \/ 1 l<\/span><\/p>","protected":false},"featured_media":185721,"comment_status":"open","ping_status":"closed","template":"","meta":[],"product_brand":[1436],"product_cat":[759,760,239],"product_tag":[59],"class_list":{"0":"post-185726","1":"product","2":"type-product","3":"status-publish","4":"has-post-thumbnail","6":"product_brand-brandp_6034","7":"product_cat-jardin-et-terrasse","8":"product_cat-jardinage","9":"product_cat-maison-jardin","10":"product_tag-tag_1304","12":"first","13":"instock","14":"taxable","15":"shipping-taxable","16":"purchasable","17":"product-type-simple"},"_links":{"self":[{"href":"https:\/\/bigbuy.tupique.com\/es\/wp-json\/wp\/v2\/product\/185726","targetHints":{"allow":["GET"]}}],"collection":[{"href":"https:\/\/bigbuy.tupique.com\/es\/wp-json\/wp\/v2\/product"}],"about":[{"href":"https:\/\/bigbuy.tupique.com\/es\/wp-json\/wp\/v2\/types\/product"}],"replies":[{"embeddable":true,"href":"https:\/\/bigbuy.tupique.com\/es\/wp-json\/wp\/v2\/comments?post=185726"}],"wp:featuredmedia":[{"embeddable":true,"href":"https:\/\/bigbuy.tupique.com\/es\/wp-json\/wp\/v2\/media\/185721"}],"wp:attachment":[{"href":"https:\/\/bigbuy.tupique.com\/es\/wp-json\/wp\/v2\/media?parent=185726"}],"wp:term":[{"taxonomy":"product_brand","embeddable":true,"href":"https:\/\/bigbuy.tupique.com\/es\/wp-json\/wp\/v2\/product_brand?post=185726"},{"taxonomy":"product_cat","embeddable":true,"href":"https:\/\/bigbuy.tupique.com\/es\/wp-json\/wp\/v2\/product_cat?post=185726"},{"taxonomy":"product_tag","embeddable":true,"href":"https:\/\/bigbuy.tupique.com\/es\/wp-json\/wp\/v2\/product_tag?post=185726"}],"curies":[{"name":"wp","href":"https:\/\/api.w.org\/{rel}","templated":true}]}}