{"id":185706,"date":"2026-04-15T00:46:58","date_gmt":"2026-04-14T23:46:58","guid":{"rendered":"https:\/\/bigbuy.tupique.com\/produto\/jeux-de-cartes-mattel-uno-extreme\/"},"modified":"2026-05-11T20:02:36","modified_gmt":"2026-05-11T18:02:36","slug":"jeux-de-cartes-mattel-uno-extreme","status":"publish","type":"product","link":"https:\/\/bigbuy.tupique.com\/es\/produto\/jeux-de-cartes-mattel-uno-extreme\/","title":{"rendered":"Jeux de cartes Mattel UNO Extreme"},"content":{"rendered":"<p>Les enfants m\u00e9ritent ce qu\u2019il y a de mieux, nous vous pr\u00e9sentons donc <b>Jeux de cartes Mattel UNO Extreme<\/b>, id\u00e9al pour ceux qui cherchent des produits de qualit\u00e9 pour les plus petits ! Procurez-vous <b>Mattel<\/b> et bien d\u2019autres marques et licences aux meilleurs prix !<\/p>\n<p>Le <b>Jeu de Cartes Uno Extreme<\/b> de <b>Mattel<\/b>, mod\u00e8le <b>GXY75<\/b>, est une version modernis\u00e9e et dynamique du jeu de cartes familial classique, sp\u00e9cialement con\u00e7u pour les plus de 7 ans. Ce jeu se distingue par son <b>distributeur al\u00e9atoire de cartes<\/b> innovant qui les distribue rapidement et efficacement, \u00e9vitant les interruptions dues aux cartes volantes ou mal distribu\u00e9es, ce qui maintient la fluidit\u00e9 et le rythme de la partie. Fabriqu\u00e9es en <b>mati\u00e8re plastique<\/b>, ses cartes sont r\u00e9sistantes et durables, id\u00e9ales pour un usage fr\u00e9quent, m\u00eame par les plus jeunes. Ce produit est destin\u00e9 \u00e0 un public enfant et adolescent, recommand\u00e9 d\u00e8s 3 ans, avec un design attrayant en <b>couleurs multicolores et rouge vif<\/b> facilitant la distinction des cartes et am\u00e9liorant l\u2019exp\u00e9rience visuelle. De plus, toutes les instructions et cartes sont en <b>langue fran\u00e7aise<\/b>, offrant une valeur p\u00e9dagogique pour ceux qui souhaitent se familiariser avec cette langue tout en profitant d\u2019une activit\u00e9 ludique. Gr\u00e2ce \u00e0 son format compact et son style classique de jeu de cartes, il est parfait pour les r\u00e9unions familiales, les jeux de table ou les voyages, garantissant un divertissement s\u00fbr et \u00e9ducatif. En r\u00e9sum\u00e9, le <b>Mattel Uno Extreme<\/b> combine la tradition du jeu original avec des am\u00e9liorations fonctionnelles qui optimisent l\u2019interaction et le plaisir, conservant l\u2019essence d\u2019Uno avec une approche plus dynamique adapt\u00e9e aux nouvelles g\u00e9n\u00e9rations.<\/p>\n<ul>\n<li>Langue: Fran\u00e7ais<\/li>\n<li>\u00c2ge recommand\u00e9: + 7 Ans<\/li>\n<li>Type: Jeux de cartes<\/li>\n<li>Nombre de joueurs: 2 Joueurs<\/li>\n<\/ul>","protected":false},"excerpt":{"rendered":"<p>Les enfants m\u00e9ritent ce qu\u2019il y a de mieux, nous vous pr\u00e9sentons donc Jeux de cartes Mattel UNO Extreme, id\u00e9al pour ceux qui cherchent des produits de qualit\u00e9 pour les plus petits ! Procurez-vous Mattel et bien d\u2019autres marques et licences aux meilleurs prix ! Le Jeu de Cartes Uno Extreme de Mattel, mod\u00e8le GXY75, [&hellip;]<\/p>\n","protected":false},"featured_media":185703,"comment_status":"open","ping_status":"closed","template":"","meta":[],"product_brand":[1762],"product_cat":[620,157,158],"product_tag":[59],"class_list":{"0":"post-185706","1":"product","2":"type-product","3":"status-publish","4":"has-post-thumbnail","6":"product_brand-brandp_1916","7":"product_cat-jeux-de-societe-pour-enfants","8":"product_cat-jouets-deguisements","9":"product_cat-jouets-et-jeux","10":"product_tag-tag_1304","12":"first","13":"instock","14":"taxable","15":"shipping-taxable","16":"purchasable","17":"product-type-simple"},"_links":{"self":[{"href":"https:\/\/bigbuy.tupique.com\/es\/wp-json\/wp\/v2\/product\/185706","targetHints":{"allow":["GET"]}}],"collection":[{"href":"https:\/\/bigbuy.tupique.com\/es\/wp-json\/wp\/v2\/product"}],"about":[{"href":"https:\/\/bigbuy.tupique.com\/es\/wp-json\/wp\/v2\/types\/product"}],"replies":[{"embeddable":true,"href":"https:\/\/bigbuy.tupique.com\/es\/wp-json\/wp\/v2\/comments?post=185706"}],"wp:featuredmedia":[{"embeddable":true,"href":"https:\/\/bigbuy.tupique.com\/es\/wp-json\/wp\/v2\/media\/185703"}],"wp:attachment":[{"href":"https:\/\/bigbuy.tupique.com\/es\/wp-json\/wp\/v2\/media?parent=185706"}],"wp:term":[{"taxonomy":"product_brand","embeddable":true,"href":"https:\/\/bigbuy.tupique.com\/es\/wp-json\/wp\/v2\/product_brand?post=185706"},{"taxonomy":"product_cat","embeddable":true,"href":"https:\/\/bigbuy.tupique.com\/es\/wp-json\/wp\/v2\/product_cat?post=185706"},{"taxonomy":"product_tag","embeddable":true,"href":"https:\/\/bigbuy.tupique.com\/es\/wp-json\/wp\/v2\/product_tag?post=185706"}],"curies":[{"name":"wp","href":"https:\/\/api.w.org\/{rel}","templated":true}]}}