{"id":185562,"date":"2026-04-15T00:14:59","date_gmt":"2026-04-14T23:14:59","guid":{"rendered":"https:\/\/bigbuy.tupique.com\/produto\/jouet-peluche-jemini-little-bear-brown-plush-32-cm\/"},"modified":"2026-04-16T19:06:11","modified_gmt":"2026-04-16T18:06:11","slug":"jouet-peluche-jemini-little-bear-brown-plush-32-cm","status":"publish","type":"product","link":"https:\/\/bigbuy.tupique.com\/es\/produto\/jouet-peluche-jemini-little-bear-brown-plush-32-cm\/","title":{"rendered":"Jouet Peluche Jemini Little Bear Brown plush 32 cm"},"content":{"rendered":"<p>Les enfants m\u00e9ritent ce qu\u2019il y a de mieux, nous vous pr\u00e9sentons donc <b>Jouet Peluche Jemini Little Bear Brown plush 32 cm<\/b>, id\u00e9al pour ceux qui cherchent des produits de qualit\u00e9 pour les plus petits ! Procurez-vous <b>Jemini<\/b> aux meilleurs prix !<\/p>\n<ul>\n<li>Type:\n<ul>\n<li>Enfant<\/li>\n<li>Jouet Peluche<\/li>\n<\/ul>\n<\/li>\n<li>Caract\u00e9ristiques:\n<ul>\n<li>Individuel<\/li>\n<li>Lavable en machine 30\u00baC<\/li>\n<\/ul>\n<\/li>\n<li>Composition: Polyester<\/li>\n<li>Dimensions approx.: 32 cm<\/li>\n<li>\u00c2ge recommand\u00e9: + 1 an<\/li>\n<li>Genre: Unisexe<\/li>\n<li>\u00c9lev\u00e9: 160 cm<\/li>\n<\/ul>","protected":false},"excerpt":{"rendered":"<p>Les enfants m\u00e9ritent ce qu\u2019il y a de mieux, nous vous pr\u00e9sentons donc Jouet Peluche Jemini Little Bear Brown plush 32 cm, id\u00e9al pour ceux qui cherchent des produits de qualit\u00e9 pour les plus petits ! Procurez-vous Jemini aux meilleurs prix ! Type: Enfant Jouet Peluche Caract\u00e9ristiques: Individuel Lavable en machine 30\u00baC Composition: Polyester Dimensions [&hellip;]<\/p>\n","protected":false},"featured_media":185561,"comment_status":"open","ping_status":"closed","template":"","meta":[],"product_brand":[1763],"product_cat":[157,158,967],"product_tag":[57,59],"class_list":{"0":"post-185562","1":"product","2":"type-product","3":"status-publish","4":"has-post-thumbnail","6":"product_brand-brandp_5590","7":"product_cat-jouets-deguisements","8":"product_cat-jouets-et-jeux","9":"product_cat-poupees-et-peluches","10":"product_tag-tag_1275","11":"product_tag-tag_1304","13":"first","14":"instock","15":"taxable","16":"shipping-taxable","17":"purchasable","18":"product-type-simple"},"_links":{"self":[{"href":"https:\/\/bigbuy.tupique.com\/es\/wp-json\/wp\/v2\/product\/185562","targetHints":{"allow":["GET"]}}],"collection":[{"href":"https:\/\/bigbuy.tupique.com\/es\/wp-json\/wp\/v2\/product"}],"about":[{"href":"https:\/\/bigbuy.tupique.com\/es\/wp-json\/wp\/v2\/types\/product"}],"replies":[{"embeddable":true,"href":"https:\/\/bigbuy.tupique.com\/es\/wp-json\/wp\/v2\/comments?post=185562"}],"wp:featuredmedia":[{"embeddable":true,"href":"https:\/\/bigbuy.tupique.com\/es\/wp-json\/wp\/v2\/media\/185561"}],"wp:attachment":[{"href":"https:\/\/bigbuy.tupique.com\/es\/wp-json\/wp\/v2\/media?parent=185562"}],"wp:term":[{"taxonomy":"product_brand","embeddable":true,"href":"https:\/\/bigbuy.tupique.com\/es\/wp-json\/wp\/v2\/product_brand?post=185562"},{"taxonomy":"product_cat","embeddable":true,"href":"https:\/\/bigbuy.tupique.com\/es\/wp-json\/wp\/v2\/product_cat?post=185562"},{"taxonomy":"product_tag","embeddable":true,"href":"https:\/\/bigbuy.tupique.com\/es\/wp-json\/wp\/v2\/product_tag?post=185562"}],"curies":[{"name":"wp","href":"https:\/\/api.w.org\/{rel}","templated":true}]}}