{"id":185558,"date":"2026-04-15T00:14:44","date_gmt":"2026-04-14T23:14:44","guid":{"rendered":"https:\/\/bigbuy.tupique.com\/produto\/jouet-educatif-vtech-baby-the-baby-loulous\/"},"modified":"2026-04-16T22:06:05","modified_gmt":"2026-04-16T21:06:05","slug":"jouet-educatif-vtech-baby-the-baby-loulous","status":"publish","type":"product","link":"https:\/\/bigbuy.tupique.com\/es\/produto\/jouet-educatif-vtech-baby-the-baby-loulous\/","title":{"rendered":"Jouet \u00e9ducatif Vtech Baby The Baby Loulous"},"content":{"rendered":"<p>Les enfants m\u00e9ritent ce qu\u2019il y a de mieux, nous vous pr\u00e9sentons donc <b>Jouet \u00e9ducatif Vtech Baby The Baby Loulous<\/b>, id\u00e9al pour ceux qui cherchent des produits de qualit\u00e9 pour les plus petits ! Procurez-vous <b>Vtech Baby<\/b> et bien d\u2019autres marques et licences aux meilleurs prix !<\/p>\n<p>Le <b>jouet \u00e9ducatif<\/b> <b>The Baby Loulous<\/b> de la marque <b>Vtech Baby<\/b> est sp\u00e9cialement con\u00e7u pour les enfants de <b>6 \u00e0 36 mois<\/b>, s\u2019adaptant aux premi\u00e8res \u00e9tapes du d\u00e9veloppement infantile. Ce jouet interactif comprend une <b>roue de la fortune<\/b> que les tout-petits peuvent facilement faire tourner, activant des sons et m\u00e9lodies favorisant la stimulation auditive et sensorielle. Il dispose de <b>trois \u00e9toiles lumineuses<\/b> qui clignotent en synchronisation avec les sons pour capter l\u2019attention du b\u00e9b\u00e9, stimulant sa concentration et sa curiosit\u00e9. De plus, il int\u00e8gre <b>trois boutons avec des figures d\u2019animaux<\/b> \u2014 \u00e9l\u00e9phant, z\u00e8bre et lion \u2014 qui enseignent aux enfants le nom, la couleur et d\u2019autres objets associ\u00e9s, ainsi que les premiers chiffres, facilitant l\u2019apprentissage pr\u00e9coce du vocabulaire et des notions de base. Fabriqu\u00e9 en <b>plastique multicolore<\/b> r\u00e9sistant et s\u00fbr pour les enfants, ce jouet est con\u00e7u pour d\u00e9velopper les habilet\u00e9s motrices fines et cognitives. Sa combinaison de stimulations visuelles, auditives et tactiles en fait une ressource compl\u00e8te dans la cat\u00e9gorie des jouets \u00e9ducatifs pour b\u00e9b\u00e9s. Recommand\u00e9 d\u00e8s la naissance, bien que cibl\u00e9 \u00e0 partir de 6 mois, il accompagne l\u2019enfant \u00e0 diff\u00e9rentes phases de sa croissance avec un produit polyvalent et adapt\u00e9 \u00e0 ses besoins. Son design ergonomique et les mat\u00e9riaux utilis\u00e9s garantissent durabilit\u00e9 et facilit\u00e9 de nettoyage, des aspects importants pour les produits destin\u00e9s aux jeunes enfants. En r\u00e9sum\u00e9, <b>The Baby Loulous de Vtech Baby<\/b> est un jouet \u00e9ducatif alliant plaisir et apprentissage, id\u00e9al pour d\u00e9velopper les premi\u00e8res comp\u00e9tences des tout-petits.<\/p>\n<ul>\n<li>Langue: Fran\u00e7ais<\/li>\n<li>Fonctions:\n<ul>\n<li>Son<\/li>\n<li>Musique<\/li>\n<\/ul>\n<\/li>\n<li>Type:\n<ul>\n<li>Jouet \u00e9ducatif<\/li>\n<li>Enfant<\/li>\n<\/ul>\n<\/li>\n<li>\u00c2ge recommand\u00e9:\n<ul>\n<li>Enfants<\/li>\n<li>+ 0 Ans<\/li>\n<li>+ 6 Mois<\/li>\n<\/ul>\n<\/li>\n<li>Pays \/ r\u00e9gion de fabrication: Chine<\/li>\n<li>Mat\u00e9riel: Plastique<\/li>\n<li>Nombre de batteries: 2<\/li>\n<li>Type de batterie: AAA<\/li>\n<li>Piles incluses: Oui<\/li>\n<li>Genre: Unisexe<\/li>\n<li>Batterie: Piles Alcalines<\/li>\n<li>Largeur: 15 cm<\/li>\n<li>Emballage: Carton<\/li>\n<\/ul>","protected":false},"excerpt":{"rendered":"<p>Les enfants m\u00e9ritent ce qu\u2019il y a de mieux, nous vous pr\u00e9sentons donc Jouet \u00e9ducatif Vtech Baby The Baby Loulous, id\u00e9al pour ceux qui cherchent des produits de qualit\u00e9 pour les plus petits ! Procurez-vous Vtech Baby et bien d\u2019autres marques et licences aux meilleurs prix ! Le jouet \u00e9ducatif The Baby Loulous de la [&hellip;]<\/p>\n","protected":false},"featured_media":185557,"comment_status":"open","ping_status":"closed","template":"","meta":[],"product_brand":[120],"product_cat":[1376,157,158],"product_tag":[59],"class_list":{"0":"post-185558","1":"product","2":"type-product","3":"status-publish","4":"has-post-thumbnail","6":"product_brand-brandp_5949","7":"product_cat-jeux-educatifs","8":"product_cat-jouets-deguisements","9":"product_cat-jouets-et-jeux","10":"product_tag-tag_1304","12":"first","13":"instock","14":"taxable","15":"shipping-taxable","16":"purchasable","17":"product-type-simple"},"_links":{"self":[{"href":"https:\/\/bigbuy.tupique.com\/es\/wp-json\/wp\/v2\/product\/185558","targetHints":{"allow":["GET"]}}],"collection":[{"href":"https:\/\/bigbuy.tupique.com\/es\/wp-json\/wp\/v2\/product"}],"about":[{"href":"https:\/\/bigbuy.tupique.com\/es\/wp-json\/wp\/v2\/types\/product"}],"replies":[{"embeddable":true,"href":"https:\/\/bigbuy.tupique.com\/es\/wp-json\/wp\/v2\/comments?post=185558"}],"wp:featuredmedia":[{"embeddable":true,"href":"https:\/\/bigbuy.tupique.com\/es\/wp-json\/wp\/v2\/media\/185557"}],"wp:attachment":[{"href":"https:\/\/bigbuy.tupique.com\/es\/wp-json\/wp\/v2\/media?parent=185558"}],"wp:term":[{"taxonomy":"product_brand","embeddable":true,"href":"https:\/\/bigbuy.tupique.com\/es\/wp-json\/wp\/v2\/product_brand?post=185558"},{"taxonomy":"product_cat","embeddable":true,"href":"https:\/\/bigbuy.tupique.com\/es\/wp-json\/wp\/v2\/product_cat?post=185558"},{"taxonomy":"product_tag","embeddable":true,"href":"https:\/\/bigbuy.tupique.com\/es\/wp-json\/wp\/v2\/product_tag?post=185558"}],"curies":[{"name":"wp","href":"https:\/\/api.w.org\/{rel}","templated":true}]}}