{"id":18548,"date":"2026-03-29T15:25:09","date_gmt":"2026-03-29T14:25:09","guid":{"rendered":"https:\/\/bigbuy.tupique.com\/produto\/electric-paint-sprayer-gun-wagner-4\/"},"modified":"2026-04-16T21:45:36","modified_gmt":"2026-04-16T20:45:36","slug":"electric-paint-sprayer-gun-wagner-4","status":"publish","type":"product","link":"https:\/\/bigbuy.tupique.com\/es\/produto\/electric-paint-sprayer-gun-wagner-4\/","title":{"rendered":"Pistolet \u00e0 peinture \u00e9lectrique Wagner"},"content":{"rendered":"<p>Si vous aimez prendre soin de chaque d\u00e9tail de votre maison et d&#8217;\u00eatre \u00e0 la derni\u00e8re mode en mati\u00e8re de produits qui vous rendront la vie plus facile, achetez <b>Pistolet \u00e0 peinture \u00e9lectrique Wagner<\/b> au meilleur prix.<\/p>\n<ul>\n<li>puissance: 600 W<\/li>\n<li>Pression: 110 BAR<\/li>\n<li>Port\u00e9e: 15 m\u00b2<\/li>\n<li>Capacit\u00e9: 1,5 L<\/li>\n<li>Couleur: Noir<\/li>\n<\/ul>","protected":false},"excerpt":{"rendered":"<p>Si vous aimez prendre soin de chaque d\u00e9tail de votre maison et d&#8217;\u00eatre \u00e0 la derni\u00e8re mode en mati\u00e8re de produits qui vous rendront la vie plus facile, achetez Pistolet \u00e0 peinture \u00e9lectrique Wagner au meilleur prix. puissance: 600 W Pression: 110 BAR Port\u00e9e: 15 m\u00b2 Capacit\u00e9: 1,5 L Couleur: Noir<\/p>","protected":false},"featured_media":18547,"comment_status":"open","ping_status":"closed","template":"","meta":[],"product_brand":[862],"product_cat":[613,239],"product_tag":[59,210],"class_list":{"0":"post-18548","1":"product","2":"type-product","3":"status-publish","4":"has-post-thumbnail","6":"product_brand-brandp_8475","7":"product_cat-bricolage-et-materiel","8":"product_cat-maison-jardin","9":"product_tag-tag_1304","10":"product_tag-tag_25","12":"first","13":"instock","14":"taxable","15":"shipping-taxable","16":"purchasable","17":"product-type-simple"},"_links":{"self":[{"href":"https:\/\/bigbuy.tupique.com\/es\/wp-json\/wp\/v2\/product\/18548","targetHints":{"allow":["GET"]}}],"collection":[{"href":"https:\/\/bigbuy.tupique.com\/es\/wp-json\/wp\/v2\/product"}],"about":[{"href":"https:\/\/bigbuy.tupique.com\/es\/wp-json\/wp\/v2\/types\/product"}],"replies":[{"embeddable":true,"href":"https:\/\/bigbuy.tupique.com\/es\/wp-json\/wp\/v2\/comments?post=18548"}],"wp:featuredmedia":[{"embeddable":true,"href":"https:\/\/bigbuy.tupique.com\/es\/wp-json\/wp\/v2\/media\/18547"}],"wp:attachment":[{"href":"https:\/\/bigbuy.tupique.com\/es\/wp-json\/wp\/v2\/media?parent=18548"}],"wp:term":[{"taxonomy":"product_brand","embeddable":true,"href":"https:\/\/bigbuy.tupique.com\/es\/wp-json\/wp\/v2\/product_brand?post=18548"},{"taxonomy":"product_cat","embeddable":true,"href":"https:\/\/bigbuy.tupique.com\/es\/wp-json\/wp\/v2\/product_cat?post=18548"},{"taxonomy":"product_tag","embeddable":true,"href":"https:\/\/bigbuy.tupique.com\/es\/wp-json\/wp\/v2\/product_tag?post=18548"}],"curies":[{"name":"wp","href":"https:\/\/api.w.org\/{rel}","templated":true}]}}