{"id":183693,"date":"2026-04-14T15:53:46","date_gmt":"2026-04-14T14:53:46","guid":{"rendered":"https:\/\/bigbuy.tupique.com\/produto\/nas-network-storage-qnap-ts-216g-white-black-arm-cortex-a55\/"},"modified":"2026-05-11T19:59:46","modified_gmt":"2026-05-11T17:59:46","slug":"nas-network-storage-qnap-ts-216g-white-black-arm-cortex-a55","status":"publish","type":"product","link":"https:\/\/bigbuy.tupique.com\/es\/produto\/nas-network-storage-qnap-ts-216g-white-black-arm-cortex-a55\/","title":{"rendered":"Stockage en R\u00e9seau NAS Qnap TS-216G Blanc Noir ARM Cortex-A55"},"content":{"rendered":"<p>Si vous \u00eates passionn\u00e9 d&#8217;<b>informatique et d&#8217;\u00e9lectronique<\/b>, si vous \u00eates \u00e0 la pointe de la technologie et qu&#8217;aucun d\u00e9tail ne vous \u00e9chappe, achetez <b>Stockage en R\u00e9seau NAS Qnap TS-216G Blanc Noir ARM Cortex-A55<\/b> au meilleur prix.<\/p>\n<p>Le <b>Qnap TS-216G<\/b> est un appareil de <b>stockage en r\u00e9seau NAS<\/b> con\u00e7u pour les utilisateurs et petites entreprises qui recherchent une solution robuste et efficace pour g\u00e9rer leurs donn\u00e9es. Ce mod\u00e8le int\u00e8gre un puissant <b>processeur ARM Cortex A55 quadric\u0153ur \u00e0 2,0 GHz<\/b> avec architecture 64 bits, incluant une unit\u00e9 \u00e0 virgule flottante, un moteur de chiffrement et une Neural Processing Unit (NPU), offrant des performances optimis\u00e9es pour le stockage, le chiffrement des donn\u00e9es et la transcodification acc\u00e9l\u00e9r\u00e9e par mat\u00e9riel. \u00c9quip\u00e9 de <b>4 Go de m\u00e9moire DDR4 non extensible<\/b>, il assure des op\u00e9rations fluides et r\u00e9serve une partie de cette RAM comme m\u00e9moire graphique partag\u00e9e. Le stockage interne comprend une m\u00e9moire flash de 4 Go pour la protection du syst\u00e8me d\u2019exploitation via un double d\u00e9marrage, et dispose de deux baies pour disques SATA 3,5 pouces compatibles avec des disques durs et SSD 2,5 pouces, tous \u00e9changeables \u00e0 chaud. Le syst\u00e8me supporte plusieurs formats de fichiers sur unit\u00e9s internes et externes, dont EXT3, EXT4, NTFS, FAT32, HFS+ et exFAT (optionnel), et permet de configurer divers types de RAID adapt\u00e9s aux besoins, de JBOD \u00e0 RAID 1, 5 et 10, garantissant flexibilit\u00e9 et s\u00e9curit\u00e9 du stockage. C\u00f4t\u00e9 connectivit\u00e9, le TS-216G offre un port RJ45 standard et un port 2,5 GbE pour des connexions r\u00e9seau rapides et stables, avec des fonctions avanc\u00e9es comme Wake-on-LAN et Jumbo Frame qui am\u00e9liorent les performances et la gestion \u00e0 distance. Il dispose aussi de trois ports USB (deux USB 2.0 et un USB 3.2 Gen 1), facilitant l\u2019extension et la connexion de p\u00e9riph\u00e9riques. Son design en tour avec montage en rack 1U int\u00e8gre des voyants LED pour l\u2019\u00e9tat syst\u00e8me, la connectivit\u00e9 LAN, USB et disques durs, ainsi que des boutons d\u2019alimentation, de r\u00e9initialisation et de copie USB, un ventilateur de 70 mm pour le refroidissement et un syst\u00e8me d\u2019alerte sonore. L\u2019appareil supporte une large plage de temp\u00e9ratures de fonctionnement (0 \u00e0 40 \u00baC) et des conditions d\u2019humidit\u00e9, avec une consommation \u00e9nerg\u00e9tique efficace incluant un mode veille pour les disques durs. Compact et l\u00e9ger, il mesure 165 x 102 x 220,6 mm pour seulement 1,45 kg, facilitant son int\u00e9gration dans divers environnements. Le TS-216G est une option solide pour ceux qui recherchent une unit\u00e9 NAS avec technologie avanc\u00e9e, gestion \u00e9volutive du stockage et connectivit\u00e9 rapide r\u00e9pondant aux besoins domestiques et professionnels.<\/p>\n<ul>\n<li>Produit \u00e0 brancher: Oui<\/li>\n<li>Type de prise: Prise EU<\/li>\n<li>Bloc d\u2019Alimentation:\n<ul>\n<li>r\u00e9seau \u00e9lectrique<\/li>\n<li>Int\u00e9rieur<\/li>\n<\/ul>\n<\/li>\n<li>Type:\n<ul>\n<li>DDR4<\/li>\n<li>NAS<\/li>\n<li>HDD<\/li>\n<li>HDD\/SSD<\/li>\n<\/ul>\n<\/li>\n<li>Couleur:\n<ul>\n<li>Blanc<\/li>\n<li>Noir<\/li>\n<\/ul>\n<\/li>\n<li>Caract\u00e9ristiques:\n<ul>\n<li>\u00c9cran integr\u00e9<\/li>\n<li>Interrupteur marche\/arr\u00eat<\/li>\n<li>Vibromasseur<\/li>\n<\/ul>\n<\/li>\n<li>Connexions:\n<ul>\n<li>USB 2.0<\/li>\n<li>RJ45 x 2<\/li>\n<li>Ethernet LAN<\/li>\n<li>Sata II<\/li>\n<li>UDIMM<\/li>\n<li>USB<\/li>\n<li>RJ45<\/li>\n<li>USB 3.2<\/li>\n<\/ul>\n<\/li>\n<li>M\u00e9moire RAM: 4 GB RAM<\/li>\n<li>Tension:\n<ul>\n<li>100-240 V<\/li>\n<li>100 &#8211; 240 V<\/li>\n<\/ul>\n<\/li>\n<li>Fr\u00e9quence: 50-60 Hz<\/li>\n<li>Disque dur: 16 GB<\/li>\n<li>Compatible:\n<ul>\n<li>HDD\/SSD<\/li>\n<li>2,5&#8243;-3,5&#8243;<\/li>\n<\/ul>\n<\/li>\n<li>vitesse:\n<ul>\n<li>2 GHz<\/li>\n<li>10\/100\/1000\/2500 Mbps<\/li>\n<\/ul>\n<\/li>\n<li>Ventillateur: 1<\/li>\n<li>Connectivit\u00e9: Ethernet LAN<\/li>\n<li>Batterie au lithium rechargeable: 65 mAh<\/li>\n<li>Connecteurs: Kensington<\/li>\n<li>Processeur: ARM Cortex-A55<\/li>\n<li>Temp\u00e9rature approximative: &#8211; 20\u00baC \/ 70\u00b0C<\/li>\n<li>Nombre de Baies: 3,5&#8221; x 2<\/li>\n<li>Noyaux: 4 Noyaux<\/li>\n<\/ul>","protected":false},"excerpt":{"rendered":"<p>Si vous \u00eates passionn\u00e9 d&#8217;informatique et d&#8217;\u00e9lectronique, si vous \u00eates \u00e0 la pointe de la technologie et qu&#8217;aucun d\u00e9tail ne vous \u00e9chappe, achetez Stockage en R\u00e9seau NAS Qnap TS-216G Blanc Noir ARM Cortex-A55 au meilleur prix. Le Qnap TS-216G est un appareil de stockage en r\u00e9seau NAS con\u00e7u pour les utilisateurs et petites entreprises qui [&hellip;]<\/p>\n","protected":false},"featured_media":183687,"comment_status":"open","ping_status":"closed","template":"","meta":[],"product_brand":[646],"product_cat":[588,65,584],"product_tag":[106],"class_list":{"0":"post-183693","1":"product","2":"type-product","3":"status-publish","4":"has-post-thumbnail","6":"product_brand-brandp_4747","7":"product_cat-disques-durs","8":"product_cat-informatique-electronique","9":"product_cat-informatique-reseaux-et-composants","10":"product_tag-tag_1295","12":"first","13":"instock","14":"taxable","15":"shipping-taxable","16":"purchasable","17":"product-type-simple"},"_links":{"self":[{"href":"https:\/\/bigbuy.tupique.com\/es\/wp-json\/wp\/v2\/product\/183693","targetHints":{"allow":["GET"]}}],"collection":[{"href":"https:\/\/bigbuy.tupique.com\/es\/wp-json\/wp\/v2\/product"}],"about":[{"href":"https:\/\/bigbuy.tupique.com\/es\/wp-json\/wp\/v2\/types\/product"}],"replies":[{"embeddable":true,"href":"https:\/\/bigbuy.tupique.com\/es\/wp-json\/wp\/v2\/comments?post=183693"}],"wp:featuredmedia":[{"embeddable":true,"href":"https:\/\/bigbuy.tupique.com\/es\/wp-json\/wp\/v2\/media\/183687"}],"wp:attachment":[{"href":"https:\/\/bigbuy.tupique.com\/es\/wp-json\/wp\/v2\/media?parent=183693"}],"wp:term":[{"taxonomy":"product_brand","embeddable":true,"href":"https:\/\/bigbuy.tupique.com\/es\/wp-json\/wp\/v2\/product_brand?post=183693"},{"taxonomy":"product_cat","embeddable":true,"href":"https:\/\/bigbuy.tupique.com\/es\/wp-json\/wp\/v2\/product_cat?post=183693"},{"taxonomy":"product_tag","embeddable":true,"href":"https:\/\/bigbuy.tupique.com\/es\/wp-json\/wp\/v2\/product_tag?post=183693"}],"curies":[{"name":"wp","href":"https:\/\/api.w.org\/{rel}","templated":true}]}}