{"id":18363,"date":"2026-03-29T15:20:55","date_gmt":"2026-03-29T14:20:55","guid":{"rendered":"https:\/\/bigbuy.tupique.com\/produto\/video-encoder-axis-m7116-uk\/"},"modified":"2026-04-15T00:50:45","modified_gmt":"2026-04-14T23:50:45","slug":"video-encoder-axis-m7116-uk","status":"publish","type":"product","link":"https:\/\/bigbuy.tupique.com\/es\/produto\/video-encoder-axis-m7116-uk\/","title":{"rendered":"Codificateur de Vid\u00e9o Axis M7116 UK"},"content":{"rendered":"<p>Si vous \u00eates passionn\u00e9 d&#8217;<b>informatique et d&#8217;\u00e9lectronique<\/b>, si vous \u00eates \u00e0 la pointe de la technologie et qu&#8217;aucun d\u00e9tail ne vous \u00e9chappe, achetez <b>Codificateur de Vid\u00e9o Axis M7116 UK<\/b> au meilleur prix.<\/p>\n<ul>\n<li>Couleur: Gris<\/li>\n<li>Connexions: microSDHC<\/li>\n<li>Cartes M\u00e9moire Compatibles:\n<ul>\n<li>MicroSD (TransFlash)<\/li>\n<li>MicroSD (TransFlash),MicroSDHC,MicroSDXC<\/li>\n<\/ul>\n<\/li>\n<li>Cha\u00eenes: 16<\/li>\n<\/ul>","protected":false},"excerpt":{"rendered":"<p>Si vous \u00eates passionn\u00e9 d&#8217;informatique et d&#8217;\u00e9lectronique, si vous \u00eates \u00e0 la pointe de la technologie et qu&#8217;aucun d\u00e9tail ne vous \u00e9chappe, achetez Codificateur de Vid\u00e9o Axis M7116 UK au meilleur prix. Couleur: Gris Connexions: microSDHC Cartes M\u00e9moire Compatibles: MicroSD (TransFlash) MicroSD (TransFlash),MicroSDHC,MicroSDXC Cha\u00eenes: 16<\/p>","protected":false},"featured_media":18360,"comment_status":"open","ping_status":"closed","template":"","meta":[],"product_brand":[645],"product_cat":[580,239,579],"product_tag":[567,210],"class_list":{"0":"post-18363","1":"product","2":"type-product","3":"status-publish","4":"has-post-thumbnail","6":"product_brand-brandp_4776","7":"product_cat-cameras-de-surveillance-video","8":"product_cat-maison-jardin","9":"product_cat-securite-a-la-maison","10":"product_tag-tag_556","11":"product_tag-tag_25","13":"first","14":"instock","15":"taxable","16":"shipping-taxable","17":"purchasable","18":"product-type-simple"},"_links":{"self":[{"href":"https:\/\/bigbuy.tupique.com\/es\/wp-json\/wp\/v2\/product\/18363","targetHints":{"allow":["GET"]}}],"collection":[{"href":"https:\/\/bigbuy.tupique.com\/es\/wp-json\/wp\/v2\/product"}],"about":[{"href":"https:\/\/bigbuy.tupique.com\/es\/wp-json\/wp\/v2\/types\/product"}],"replies":[{"embeddable":true,"href":"https:\/\/bigbuy.tupique.com\/es\/wp-json\/wp\/v2\/comments?post=18363"}],"wp:featuredmedia":[{"embeddable":true,"href":"https:\/\/bigbuy.tupique.com\/es\/wp-json\/wp\/v2\/media\/18360"}],"wp:attachment":[{"href":"https:\/\/bigbuy.tupique.com\/es\/wp-json\/wp\/v2\/media?parent=18363"}],"wp:term":[{"taxonomy":"product_brand","embeddable":true,"href":"https:\/\/bigbuy.tupique.com\/es\/wp-json\/wp\/v2\/product_brand?post=18363"},{"taxonomy":"product_cat","embeddable":true,"href":"https:\/\/bigbuy.tupique.com\/es\/wp-json\/wp\/v2\/product_cat?post=18363"},{"taxonomy":"product_tag","embeddable":true,"href":"https:\/\/bigbuy.tupique.com\/es\/wp-json\/wp\/v2\/product_tag?post=18363"}],"curies":[{"name":"wp","href":"https:\/\/api.w.org\/{rel}","templated":true}]}}