{"id":18359,"date":"2026-03-29T15:20:50","date_gmt":"2026-03-29T14:20:50","guid":{"rendered":"https:\/\/bigbuy.tupique.com\/produto\/thermal-transfer-ribbon-zebra-ribbon-74941-12-units\/"},"modified":"2026-04-15T00:50:44","modified_gmt":"2026-04-14T23:50:44","slug":"thermal-transfer-ribbon-zebra-ribbon-74941-12-units","status":"publish","type":"product","link":"https:\/\/bigbuy.tupique.com\/es\/produto\/thermal-transfer-ribbon-zebra-ribbon-74941-12-units\/","title":{"rendered":"Ruban de transfert thermique Zebra Ribbon 74941 (12 Unit\u00e9s)"},"content":{"rendered":"<p>Si vous \u00eates passionn\u00e9 d&#8217;<b>informatique et d&#8217;\u00e9lectronique<\/b>, si vous \u00eates \u00e0 la pointe de la technologie et qu&#8217;aucun d\u00e9tail ne vous \u00e9chappe, achetez <b>Ruban de transfert thermique Zebra Ribbon 74941 (12 Unit\u00e9s)<\/b> au meilleur prix.<\/p>\n<ul>\n<li>Type: Bande thermique<\/li>\n<li>Couleur:\n<ul>\n<li>Blanc<\/li>\n<li>Noir<\/li>\n<\/ul>\n<\/li>\n<li>Taille: 64 mm x 74 m<\/li>\n<li>Mati\u00e8re: R\u00e9sine<\/li>\n<li>Unit\u00e9s: 12 Unit\u00e9s<\/li>\n<\/ul>","protected":false},"excerpt":{"rendered":"<p><span class=\"unit-info\">36.0825 &euro; \/ 1 unit<\/span><\/p>","protected":false},"featured_media":18358,"comment_status":"open","ping_status":"closed","template":"","meta":[],"product_brand":[812],"product_cat":[963,157,962],"product_tag":[],"class_list":{"0":"post-18359","1":"product","2":"type-product","3":"status-publish","4":"has-post-thumbnail","6":"product_brand-brandp_590","7":"product_cat-etiquettes-adhesives","8":"product_cat-jouets-deguisements","9":"product_cat-materiel-scolaire","11":"first","12":"instock","13":"taxable","14":"shipping-taxable","15":"purchasable","16":"product-type-simple"},"_links":{"self":[{"href":"https:\/\/bigbuy.tupique.com\/es\/wp-json\/wp\/v2\/product\/18359","targetHints":{"allow":["GET"]}}],"collection":[{"href":"https:\/\/bigbuy.tupique.com\/es\/wp-json\/wp\/v2\/product"}],"about":[{"href":"https:\/\/bigbuy.tupique.com\/es\/wp-json\/wp\/v2\/types\/product"}],"replies":[{"embeddable":true,"href":"https:\/\/bigbuy.tupique.com\/es\/wp-json\/wp\/v2\/comments?post=18359"}],"wp:featuredmedia":[{"embeddable":true,"href":"https:\/\/bigbuy.tupique.com\/es\/wp-json\/wp\/v2\/media\/18358"}],"wp:attachment":[{"href":"https:\/\/bigbuy.tupique.com\/es\/wp-json\/wp\/v2\/media?parent=18359"}],"wp:term":[{"taxonomy":"product_brand","embeddable":true,"href":"https:\/\/bigbuy.tupique.com\/es\/wp-json\/wp\/v2\/product_brand?post=18359"},{"taxonomy":"product_cat","embeddable":true,"href":"https:\/\/bigbuy.tupique.com\/es\/wp-json\/wp\/v2\/product_cat?post=18359"},{"taxonomy":"product_tag","embeddable":true,"href":"https:\/\/bigbuy.tupique.com\/es\/wp-json\/wp\/v2\/product_tag?post=18359"}],"curies":[{"name":"wp","href":"https:\/\/api.w.org\/{rel}","templated":true}]}}