{"id":18355,"date":"2026-03-29T15:20:46","date_gmt":"2026-03-29T14:20:46","guid":{"rendered":"https:\/\/bigbuy.tupique.com\/produto\/barcode-reader-socket-mobile-cx3426-1872\/"},"modified":"2026-04-15T00:50:44","modified_gmt":"2026-04-14T23:50:44","slug":"barcode-reader-socket-mobile-cx3426-1872","status":"publish","type":"product","link":"https:\/\/bigbuy.tupique.com\/es\/produto\/barcode-reader-socket-mobile-cx3426-1872\/","title":{"rendered":"Lecteur de Codes Barres Socket Mobile CX3426-1872"},"content":{"rendered":"<p>Si vous \u00eates passionn\u00e9 d&#8217;<b>informatique et d&#8217;\u00e9lectronique<\/b>, si vous \u00eates \u00e0 la pointe de la technologie et qu&#8217;aucun d\u00e9tail ne vous \u00e9chappe, achetez <b>Lecteur de Codes Barres Socket Mobile CX3426-1872<\/b> au meilleur prix.<\/p>\n<ul>\n<li>Classification IP: IP54<\/li>\n<li>Type:\n<ul>\n<li>Sans fil<\/li>\n<li>Lecteur de Codes Barres<\/li>\n<\/ul>\n<\/li>\n<li>Couleur: Gris<\/li>\n<li>Connectivit\u00e9: Bluetooth<\/li>\n<li>Capacit\u00e9 de la batterie: 1400 mAh<\/li>\n<li>Capteur: LED<\/li>\n<li>Autonomie approx.: 16 heures<\/li>\n<\/ul>","protected":false},"excerpt":{"rendered":"<p>Si vous \u00eates passionn\u00e9 d&#8217;informatique et d&#8217;\u00e9lectronique, si vous \u00eates \u00e0 la pointe de la technologie et qu&#8217;aucun d\u00e9tail ne vous \u00e9chappe, achetez Lecteur de Codes Barres Socket Mobile CX3426-1872 au meilleur prix. Classification IP: IP54 Type: Sans fil Lecteur de Codes Barres Couleur: Gris Connectivit\u00e9: Bluetooth Capacit\u00e9 de la batterie: 1400 mAh Capteur: LED [&hellip;]<\/p>\n","protected":false},"featured_media":18354,"comment_status":"open","ping_status":"closed","template":"","meta":[],"product_brand":[981],"product_cat":[65,584,625],"product_tag":[210],"class_list":{"0":"post-18355","1":"product","2":"type-product","3":"status-publish","4":"has-post-thumbnail","6":"product_brand-brandp_8666","7":"product_cat-informatique-electronique","8":"product_cat-informatique-reseaux-et-composants","9":"product_cat-multilecteurs","10":"product_tag-tag_25","12":"first","13":"instock","14":"taxable","15":"shipping-taxable","16":"purchasable","17":"product-type-simple"},"_links":{"self":[{"href":"https:\/\/bigbuy.tupique.com\/es\/wp-json\/wp\/v2\/product\/18355","targetHints":{"allow":["GET"]}}],"collection":[{"href":"https:\/\/bigbuy.tupique.com\/es\/wp-json\/wp\/v2\/product"}],"about":[{"href":"https:\/\/bigbuy.tupique.com\/es\/wp-json\/wp\/v2\/types\/product"}],"replies":[{"embeddable":true,"href":"https:\/\/bigbuy.tupique.com\/es\/wp-json\/wp\/v2\/comments?post=18355"}],"wp:featuredmedia":[{"embeddable":true,"href":"https:\/\/bigbuy.tupique.com\/es\/wp-json\/wp\/v2\/media\/18354"}],"wp:attachment":[{"href":"https:\/\/bigbuy.tupique.com\/es\/wp-json\/wp\/v2\/media?parent=18355"}],"wp:term":[{"taxonomy":"product_brand","embeddable":true,"href":"https:\/\/bigbuy.tupique.com\/es\/wp-json\/wp\/v2\/product_brand?post=18355"},{"taxonomy":"product_cat","embeddable":true,"href":"https:\/\/bigbuy.tupique.com\/es\/wp-json\/wp\/v2\/product_cat?post=18355"},{"taxonomy":"product_tag","embeddable":true,"href":"https:\/\/bigbuy.tupique.com\/es\/wp-json\/wp\/v2\/product_tag?post=18355"}],"curies":[{"name":"wp","href":"https:\/\/api.w.org\/{rel}","templated":true}]}}