{"id":18342,"date":"2026-03-29T15:20:33","date_gmt":"2026-03-29T14:20:33","guid":{"rendered":"https:\/\/bigbuy.tupique.com\/produto\/ticket-printer-epson-tm-t88vii-132\/"},"modified":"2026-04-15T00:50:43","modified_gmt":"2026-04-14T23:50:43","slug":"ticket-printer-epson-tm-t88vii-132","status":"publish","type":"product","link":"https:\/\/bigbuy.tupique.com\/es\/produto\/ticket-printer-epson-tm-t88vii-132\/","title":{"rendered":"Imprimante \u00e0 Billets Epson TM-T88VII (132)"},"content":{"rendered":"<p>Si vous \u00eates passionn\u00e9 d&#8217;<b>informatique et d&#8217;\u00e9lectronique<\/b>, si vous \u00eates \u00e0 la pointe de la technologie et qu&#8217;aucun d\u00e9tail ne vous \u00e9chappe, achetez <b>Imprimante \u00e0 Billets Epson TM-T88VII (132)<\/b> au meilleur prix.<\/p>\n<p>La <b>imprimante de tickets Epson TM-T88VII (132)<\/b> est une solution avanc\u00e9e et fiable con\u00e7ue pour les environnements commerciaux n\u00e9cessitant une impression rapide et de haute qualit\u00e9. Ce mod\u00e8le int\u00e8gre une technologie d\u2019impression <b>thermique<\/b> et offre une r\u00e9solution maximale de <b>180 x 180 dpi<\/b>, garantissant des re\u00e7us nets et parfaitement lisibles, m\u00eame \u00e0 une vitesse remarquable allant jusqu\u2019\u00e0 <b>500 mm\/s<\/b>. Son design compact et son format identique \u00e0 ses pr\u00e9d\u00e9cesseurs facilitent l\u2019int\u00e9gration sur comptoirs ou caisses enregistreuses sans modifier l\u2019infrastructure existante, tout en \u00e9tant enti\u00e8rement compatible avec les logiciels des s\u00e9ries TM-T88V et TM-T88VI, permettant une transition sans co\u00fbts suppl\u00e9mentaires. La connectivit\u00e9 de l\u2019appareil est polyvalente, proposant des <b>options sans fil et filaires<\/b> via des ports USB (Type-A et Type-B), Ethernet LAN et un support optionnel pour LAN sans fil, s\u2019adaptant aux diff\u00e9rentes configurations r\u00e9seau des commerces modernes. Sa construction noire et robuste est optimis\u00e9e pour une faible consommation d\u2019\u00e9nergie, un niveau sonore r\u00e9duit en fonctionnement (<b>52 dB<\/b>) et une alimentation efficace et compacte, renfor\u00e7ant son engagement en faveur de la durabilit\u00e9. Elle supporte \u00e9galement du papier thermique jusqu\u2019\u00e0 <b>80 mm de largeur<\/b> et des rouleaux d\u2019un diam\u00e8tre maximal de <b>8,3 cm<\/b> avec une \u00e9paisseur d\u2019impression comprise entre <b>48 et 80 microns<\/b>, int\u00e9grant des technologies pour utiliser du papier sans ph\u00e9nols, plus respectueux de l\u2019environnement. Avec un temps moyen entre pannes tr\u00e8s \u00e9lev\u00e9, d\u2019environ <b>360 000 heures<\/b>, la TM-T88VII est une imprimante con\u00e7ue pour minimiser les interruptions et maximiser la productivit\u00e9 dans les points de vente \u00e0 fort volume. Sa couleur noire et ses finitions r\u00e9pondent \u00e9galement \u00e0 des crit\u00e8res esth\u00e9tiques fonctionnels pour les espaces professionnels. En r\u00e9sum\u00e9, l\u2019Epson TM-T88VII (132) allie rapidit\u00e9, fiabilit\u00e9 et efficacit\u00e9 \u00e9nerg\u00e9tique avec compatibilit\u00e9 et options flexibles de connectivit\u00e9, s\u2019imposant comme une imprimante thermique professionnelle pour environnements commerciaux exigeants.<\/p>\n<ul>\n<li>Produit \u00e0 brancher: Oui<\/li>\n<li>Type de prise: Prise EU<\/li>\n<li>Connexions: Ethernet LAN<\/li>\n<li>Type:\n<ul>\n<li>Imprimante \u00e0 Billets<\/li>\n<li>Sans fil<\/li>\n<\/ul>\n<\/li>\n<li>Bloc d\u2019Alimentation:\n<ul>\n<li>r\u00e9seau \u00e9lectrique<\/li>\n<li>USB<\/li>\n<\/ul>\n<\/li>\n<li>Couleur: Noir<\/li>\n<li>R\u00e9solution d&#8217;image maximale: 180 x 180 dpi<\/li>\n<li>vitesse: 500 MM\/S<\/li>\n<li>Technologie: Thermique<\/li>\n<\/ul>","protected":false},"excerpt":{"rendered":"<p>Si vous \u00eates passionn\u00e9 d&#8217;informatique et d&#8217;\u00e9lectronique, si vous \u00eates \u00e0 la pointe de la technologie et qu&#8217;aucun d\u00e9tail ne vous \u00e9chappe, achetez Imprimante \u00e0 Billets Epson TM-T88VII (132) au meilleur prix. La imprimante de tickets Epson TM-T88VII (132) est une solution avanc\u00e9e et fiable con\u00e7ue pour les environnements commerciaux n\u00e9cessitant une impression rapide et [&hellip;]<\/p>\n","protected":false},"featured_media":18341,"comment_status":"open","ping_status":"closed","template":"","meta":[],"product_brand":[632],"product_cat":[592,65,581],"product_tag":[210],"class_list":{"0":"post-18342","1":"product","2":"type-product","3":"status-publish","4":"has-post-thumbnail","6":"product_brand-brandp_547","7":"product_cat-imprimantes","8":"product_cat-informatique-electronique","9":"product_cat-informatique-peripheriques-et-consommables","10":"product_tag-tag_25","12":"first","13":"instock","14":"taxable","15":"shipping-taxable","16":"purchasable","17":"product-type-simple"},"_links":{"self":[{"href":"https:\/\/bigbuy.tupique.com\/es\/wp-json\/wp\/v2\/product\/18342","targetHints":{"allow":["GET"]}}],"collection":[{"href":"https:\/\/bigbuy.tupique.com\/es\/wp-json\/wp\/v2\/product"}],"about":[{"href":"https:\/\/bigbuy.tupique.com\/es\/wp-json\/wp\/v2\/types\/product"}],"replies":[{"embeddable":true,"href":"https:\/\/bigbuy.tupique.com\/es\/wp-json\/wp\/v2\/comments?post=18342"}],"wp:featuredmedia":[{"embeddable":true,"href":"https:\/\/bigbuy.tupique.com\/es\/wp-json\/wp\/v2\/media\/18341"}],"wp:attachment":[{"href":"https:\/\/bigbuy.tupique.com\/es\/wp-json\/wp\/v2\/media?parent=18342"}],"wp:term":[{"taxonomy":"product_brand","embeddable":true,"href":"https:\/\/bigbuy.tupique.com\/es\/wp-json\/wp\/v2\/product_brand?post=18342"},{"taxonomy":"product_cat","embeddable":true,"href":"https:\/\/bigbuy.tupique.com\/es\/wp-json\/wp\/v2\/product_cat?post=18342"},{"taxonomy":"product_tag","embeddable":true,"href":"https:\/\/bigbuy.tupique.com\/es\/wp-json\/wp\/v2\/product_tag?post=18342"}],"curies":[{"name":"wp","href":"https:\/\/api.w.org\/{rel}","templated":true}]}}