{"id":183240,"date":"2026-04-14T14:10:49","date_gmt":"2026-04-14T13:10:49","guid":{"rendered":"https:\/\/bigbuy.tupique.com\/produto\/ram-memory-synology-d4es02-8g-8-gb-ddr4\/"},"modified":"2026-05-11T19:59:42","modified_gmt":"2026-05-11T17:59:42","slug":"ram-memory-synology-d4es02-8g-8-gb-ddr4","status":"publish","type":"product","link":"https:\/\/bigbuy.tupique.com\/es\/produto\/ram-memory-synology-d4es02-8g-8-gb-ddr4\/","title":{"rendered":"M\u00e9moire RAM Synology D4ES02-8G 8 GB DDR4"},"content":{"rendered":"<p>Si vous \u00eates passionn\u00e9 d&#8217;<b>informatique et d&#8217;\u00e9lectronique<\/b>, si vous \u00eates \u00e0 la pointe de la technologie et qu&#8217;aucun d\u00e9tail ne vous \u00e9chappe, achetez <b>M\u00e9moire RAM Synology D4ES02-8G 8 GB DDR4<\/b> au meilleur prix.<\/p>\n<ul>\n<li>Capacit\u00e9: 8 GB<\/li>\n<li>Type:\n<ul>\n<li>DDR4<\/li>\n<li>M\u00e9moire (RAM)<\/li>\n<\/ul>\n<\/li>\n<li>Type de m\u00e9moire: DDR4<\/li>\n<li>Facteur de forme: 260-pin SO-DIMM<\/li>\n<li>Format: 1 x 8 GB<\/li>\n<li>M\u00e9moire RAM: 8 GB RAM<\/li>\n<li>Compatible: PC\/Server<\/li>\n<\/ul>","protected":false},"excerpt":{"rendered":"<p>Si vous \u00eates passionn\u00e9 d&#8217;informatique et d&#8217;\u00e9lectronique, si vous \u00eates \u00e0 la pointe de la technologie et qu&#8217;aucun d\u00e9tail ne vous \u00e9chappe, achetez M\u00e9moire RAM Synology D4ES02-8G 8 GB DDR4 au meilleur prix. Capacit\u00e9: 8 GB Type: DDR4 M\u00e9moire (RAM) Type de m\u00e9moire: DDR4 Facteur de forme: 260-pin SO-DIMM Format: 1 x 8 GB M\u00e9moire [&hellip;]<\/p>\n","protected":false},"featured_media":183239,"comment_status":"open","ping_status":"closed","template":"","meta":[],"product_brand":[990],"product_cat":[65,584,593],"product_tag":[106],"class_list":{"0":"post-183240","1":"product","2":"type-product","3":"status-publish","4":"has-post-thumbnail","6":"product_brand-brandp_653","7":"product_cat-informatique-electronique","8":"product_cat-informatique-reseaux-et-composants","9":"product_cat-memoires-ram","10":"product_tag-tag_1295","12":"first","13":"instock","14":"taxable","15":"shipping-taxable","16":"purchasable","17":"product-type-simple"},"_links":{"self":[{"href":"https:\/\/bigbuy.tupique.com\/es\/wp-json\/wp\/v2\/product\/183240","targetHints":{"allow":["GET"]}}],"collection":[{"href":"https:\/\/bigbuy.tupique.com\/es\/wp-json\/wp\/v2\/product"}],"about":[{"href":"https:\/\/bigbuy.tupique.com\/es\/wp-json\/wp\/v2\/types\/product"}],"replies":[{"embeddable":true,"href":"https:\/\/bigbuy.tupique.com\/es\/wp-json\/wp\/v2\/comments?post=183240"}],"wp:featuredmedia":[{"embeddable":true,"href":"https:\/\/bigbuy.tupique.com\/es\/wp-json\/wp\/v2\/media\/183239"}],"wp:attachment":[{"href":"https:\/\/bigbuy.tupique.com\/es\/wp-json\/wp\/v2\/media?parent=183240"}],"wp:term":[{"taxonomy":"product_brand","embeddable":true,"href":"https:\/\/bigbuy.tupique.com\/es\/wp-json\/wp\/v2\/product_brand?post=183240"},{"taxonomy":"product_cat","embeddable":true,"href":"https:\/\/bigbuy.tupique.com\/es\/wp-json\/wp\/v2\/product_cat?post=183240"},{"taxonomy":"product_tag","embeddable":true,"href":"https:\/\/bigbuy.tupique.com\/es\/wp-json\/wp\/v2\/product_tag?post=183240"}],"curies":[{"name":"wp","href":"https:\/\/api.w.org\/{rel}","templated":true}]}}