{"id":18315,"date":"2026-03-29T15:19:53","date_gmt":"2026-03-29T14:19:53","guid":{"rendered":"https:\/\/bigbuy.tupique.com\/produto\/monitor-elo-touch-systems-e877820-17-lcd-50-60-hz\/"},"modified":"2026-05-11T19:58:47","modified_gmt":"2026-05-11T17:58:47","slug":"monitor-elo-touch-systems-e877820-17-lcd-50-60-hz","status":"publish","type":"product","link":"https:\/\/bigbuy.tupique.com\/es\/produto\/monitor-elo-touch-systems-e877820-17-lcd-50-60-hz\/","title":{"rendered":"\u00c9cran Elo Touch Systems E877820 17&#8243; LCD 50-60  Hz"},"content":{"rendered":"<p>Si vous \u00eates passionn\u00e9 d&#8217;<b>informatique et d&#8217;\u00e9lectronique<\/b>, si vous \u00eates \u00e0 la pointe de la technologie et qu&#8217;aucun d\u00e9tail ne vous \u00e9chappe, achetez <b>\u00c9cran Elo Touch Systems E877820 17&#8243; LCD 50-60  Hz<\/b> au meilleur prix.<\/p>\n<ul>\n<li>Produit \u00e0 brancher: Oui<\/li>\n<li>Type de prise: Prise EU<\/li>\n<li>R\u00e9solution (px): 1280 x 1024 px<\/li>\n<li>Diagonale de l&#8217;\u00e9cran (cm): 43,2 cm<\/li>\n<li>Technologie: LCD<\/li>\n<li>Type: \u00c9cran<\/li>\n<li>R\u00e9solution: Full HD<\/li>\n<li>Bloc d\u2019Alimentation: r\u00e9seau \u00e9lectrique<\/li>\n<li>Couleur: Noir<\/li>\n<li>Temps de r\u00e9ponse: 5 ms<\/li>\n<li>VESA: 7,5 x 7,5 cm<\/li>\n<li>Brille: 200 cd\/m\u00b2<\/li>\n<li>Tension: 100-240 V<\/li>\n<li>Ecran: 17&#8243;<\/li>\n<li>Rapport d&#8217;aspect: 5:4<\/li>\n<li>Connexions: VGA D-sub<\/li>\n<li>Caract\u00e9ristiques: Ecran tactile<\/li>\n<li>Fr\u00e9quence: 50-60 Hz<\/li>\n<\/ul>","protected":false},"excerpt":{"rendered":"<p>Si vous \u00eates passionn\u00e9 d&#8217;informatique et d&#8217;\u00e9lectronique, si vous \u00eates \u00e0 la pointe de la technologie et qu&#8217;aucun d\u00e9tail ne vous \u00e9chappe, achetez \u00c9cran Elo Touch Systems E877820 17&#8243; LCD 50-60 Hz au meilleur prix. Produit \u00e0 brancher: Oui Type de prise: Prise EU R\u00e9solution (px): 1280 x 1024 px Diagonale de l&#8217;\u00e9cran (cm): 43,2 [&hellip;]<\/p>\n","protected":false},"featured_media":18314,"comment_status":"open","ping_status":"closed","template":"","meta":[],"product_brand":[980],"product_cat":[65,581,616],"product_tag":[213,106],"class_list":{"0":"post-18315","1":"product","2":"type-product","3":"status-publish","4":"has-post-thumbnail","6":"product_brand-brandp_4775","7":"product_cat-informatique-electronique","8":"product_cat-informatique-peripheriques-et-consommables","9":"product_cat-moniteurs","10":"product_tag-tag_933","11":"product_tag-tag_1295","13":"first","14":"instock","15":"taxable","16":"shipping-taxable","17":"purchasable","18":"product-type-simple"},"_links":{"self":[{"href":"https:\/\/bigbuy.tupique.com\/es\/wp-json\/wp\/v2\/product\/18315","targetHints":{"allow":["GET"]}}],"collection":[{"href":"https:\/\/bigbuy.tupique.com\/es\/wp-json\/wp\/v2\/product"}],"about":[{"href":"https:\/\/bigbuy.tupique.com\/es\/wp-json\/wp\/v2\/types\/product"}],"replies":[{"embeddable":true,"href":"https:\/\/bigbuy.tupique.com\/es\/wp-json\/wp\/v2\/comments?post=18315"}],"wp:featuredmedia":[{"embeddable":true,"href":"https:\/\/bigbuy.tupique.com\/es\/wp-json\/wp\/v2\/media\/18314"}],"wp:attachment":[{"href":"https:\/\/bigbuy.tupique.com\/es\/wp-json\/wp\/v2\/media?parent=18315"}],"wp:term":[{"taxonomy":"product_brand","embeddable":true,"href":"https:\/\/bigbuy.tupique.com\/es\/wp-json\/wp\/v2\/product_brand?post=18315"},{"taxonomy":"product_cat","embeddable":true,"href":"https:\/\/bigbuy.tupique.com\/es\/wp-json\/wp\/v2\/product_cat?post=18315"},{"taxonomy":"product_tag","embeddable":true,"href":"https:\/\/bigbuy.tupique.com\/es\/wp-json\/wp\/v2\/product_tag?post=18315"}],"curies":[{"name":"wp","href":"https:\/\/api.w.org\/{rel}","templated":true}]}}