{"id":182969,"date":"2026-04-14T13:38:35","date_gmt":"2026-04-14T12:38:35","guid":{"rendered":"https:\/\/bigbuy.tupique.com\/produto\/screen-table-support-b-tech-bt8385-sxb-b\/"},"modified":"2026-04-16T05:09:36","modified_gmt":"2026-04-16T04:09:36","slug":"screen-table-support-b-tech-bt8385-sxb-b","status":"publish","type":"product","link":"https:\/\/bigbuy.tupique.com\/es\/produto\/screen-table-support-b-tech-bt8385-sxb-b\/","title":{"rendered":"Support de table d&#8217;\u00e9cran B-Tech BT8385-SXB\/B"},"content":{"rendered":"<p>Si vous \u00eates passionn\u00e9 d&#8217;<b>informatique et d&#8217;\u00e9lectronique<\/b>, si vous \u00eates \u00e0 la pointe de la technologie et qu&#8217;aucun d\u00e9tail ne vous \u00e9chappe, achetez <b>Support de table d&#8217;\u00e9cran B-Tech BT8385-SXB\/B<\/b> au meilleur prix.<\/p>\n<ul>\n<li>Type:\n<ul>\n<li>Support<\/li>\n<li>Support pour le sol<\/li>\n<\/ul>\n<\/li>\n<li>Couleur: Noir<\/li>\n<li>Poids Max. support\u00e9: 70 Kg<\/li>\n<li>Inclut:\n<ul>\n<li>Vis<\/li>\n<li>Manuel de l&#8217;utilisateur<\/li>\n<\/ul>\n<\/li>\n<\/ul>","protected":false},"excerpt":{"rendered":"<p>Si vous \u00eates passionn\u00e9 d&#8217;informatique et d&#8217;\u00e9lectronique, si vous \u00eates \u00e0 la pointe de la technologie et qu&#8217;aucun d\u00e9tail ne vous \u00e9chappe, achetez Support de table d&#8217;\u00e9cran B-Tech BT8385-SXB\/B au meilleur prix. Type: Support Support pour le sol Couleur: Noir Poids Max. support\u00e9: 70 Kg Inclut: Vis Manuel de l&#8217;utilisateur<\/p>","protected":false},"featured_media":184764,"comment_status":"open","ping_status":"closed","template":"","meta":[],"product_brand":[1167],"product_cat":[65,581,586],"product_tag":[106],"class_list":{"0":"post-182969","1":"product","2":"type-product","3":"status-publish","4":"has-post-thumbnail","6":"product_brand-brandp_9681","7":"product_cat-informatique-electronique","8":"product_cat-informatique-peripheriques-et-consommables","9":"product_cat-supports-pour-ecrans","10":"product_tag-tag_1295","12":"first","13":"instock","14":"taxable","15":"shipping-taxable","16":"purchasable","17":"product-type-simple"},"_links":{"self":[{"href":"https:\/\/bigbuy.tupique.com\/es\/wp-json\/wp\/v2\/product\/182969","targetHints":{"allow":["GET"]}}],"collection":[{"href":"https:\/\/bigbuy.tupique.com\/es\/wp-json\/wp\/v2\/product"}],"about":[{"href":"https:\/\/bigbuy.tupique.com\/es\/wp-json\/wp\/v2\/types\/product"}],"replies":[{"embeddable":true,"href":"https:\/\/bigbuy.tupique.com\/es\/wp-json\/wp\/v2\/comments?post=182969"}],"wp:featuredmedia":[{"embeddable":true,"href":"https:\/\/bigbuy.tupique.com\/es\/wp-json\/wp\/v2\/media\/184764"}],"wp:attachment":[{"href":"https:\/\/bigbuy.tupique.com\/es\/wp-json\/wp\/v2\/media?parent=182969"}],"wp:term":[{"taxonomy":"product_brand","embeddable":true,"href":"https:\/\/bigbuy.tupique.com\/es\/wp-json\/wp\/v2\/product_brand?post=182969"},{"taxonomy":"product_cat","embeddable":true,"href":"https:\/\/bigbuy.tupique.com\/es\/wp-json\/wp\/v2\/product_cat?post=182969"},{"taxonomy":"product_tag","embeddable":true,"href":"https:\/\/bigbuy.tupique.com\/es\/wp-json\/wp\/v2\/product_tag?post=182969"}],"curies":[{"name":"wp","href":"https:\/\/api.w.org\/{rel}","templated":true}]}}