{"id":182131,"date":"2026-04-14T10:57:47","date_gmt":"2026-04-14T09:57:47","guid":{"rendered":"https:\/\/bigbuy.tupique.com\/produto\/laser-printer-hp-color-laserjet-pro-4302fdn\/"},"modified":"2026-04-15T00:50:15","modified_gmt":"2026-04-14T23:50:15","slug":"laser-printer-hp-color-laserjet-pro-4302fdn","status":"publish","type":"product","link":"https:\/\/bigbuy.tupique.com\/es\/produto\/laser-printer-hp-color-laserjet-pro-4302fdn\/","title":{"rendered":"Imprimante laser HP Color LaserJet Pro 4302fdn"},"content":{"rendered":"<p>Si vous \u00eates passionn\u00e9 d&#8217;<b>informatique et d&#8217;\u00e9lectronique<\/b>, si vous \u00eates \u00e0 la pointe de la technologie et qu&#8217;aucun d\u00e9tail ne vous \u00e9chappe, achetez <b>Imprimante laser HP Color LaserJet Pro 4302fdn<\/b> au meilleur prix.<\/p>\n<p>La <b>imprimante laser HP mod\u00e8le 4RA84F<\/b> allie efficacit\u00e9 et connectivit\u00e9 avanc\u00e9e pour les environnements de bureau exigeants. Elle pr\u00e9sente un design attrayant avec des <b>couleurs bleu et blanc<\/b> qui apportent une touche moderne et professionnelle \u00e0 l\u2019espace de travail. Cette imprimante se distingue par sa <b>vitesse d\u2019impression de 33 pages par minute (ppm)<\/b>, facilitant l\u2019impression de gros volumes sans retards notables. De plus, elle int\u00e8gre une fonction <b>fax<\/b>, ce qui en fait un appareil multifonction id\u00e9al pour des communications rapides et efficaces. Son interface comprend un <b>\u00e9cran int\u00e9gr\u00e9<\/b> qui simplifie l\u2019utilisation et la configuration directe, offrant un meilleur contr\u00f4le et une grande facilit\u00e9 d\u2019emploi. C\u00f4t\u00e9 connectivit\u00e9, la pr\u00e9sence d\u2019une option <b>ethernet<\/b> permet une connexion stable et s\u00e9curis\u00e9e au sein des r\u00e9seaux d\u2019entreprise, essentielle pour les environnements collaboratifs et multi-utilisateurs. Tout cela fait de cette imprimante une solution polyvalente pour les bureaux recherchant performance, flexibilit\u00e9 et maniabilit\u00e9 intuitive, soutenue par la qualit\u00e9 reconnue et le support technique HP.<\/p>\n<ul>\n<li>Type:\n<ul>\n<li>Imprimante laser<\/li>\n<li>Couleur<\/li>\n<li>Tout en un<\/li>\n<\/ul>\n<\/li>\n<li>Produit \u00e0 brancher: Oui<\/li>\n<li>Type de prise: Prise EU<\/li>\n<li>Bloc d\u2019Alimentation:\n<ul>\n<li>r\u00e9seau \u00e9lectrique<\/li>\n<li>Cordon d&#8217;alimentation CA<\/li>\n<\/ul>\n<\/li>\n<li>Couleur:\n<ul>\n<li>Bleu<\/li>\n<li>Blanc<\/li>\n<\/ul>\n<\/li>\n<li>Caract\u00e9ristiques:\n<ul>\n<li>\u00c9cran integr\u00e9<\/li>\n<li>Scanner Double Face<\/li>\n<li>Garantie<\/li>\n<li>Impression recto verso<\/li>\n<li>Commande tactile<\/li>\n<\/ul>\n<\/li>\n<li>Connexions:\n<ul>\n<li>USB<\/li>\n<li>USB 2.0<\/li>\n<li>Ethernet LAN<\/li>\n<\/ul>\n<\/li>\n<li>R\u00e9solution d&#8217;image maximale:\n<ul>\n<li>600 x 600 dpi<\/li>\n<li>1200 x 1200 dpi<\/li>\n<\/ul>\n<\/li>\n<li>Ecran:\n<ul>\n<li>4,3&#8221;<\/li>\n<li>4,3&#8243;<\/li>\n<\/ul>\n<\/li>\n<li>Technologie: Laser<\/li>\n<li>Fonctions: Rappel automatique<\/li>\n<li>Format: PDF<\/li>\n<li>R\u00e9solution: 600 x 600 dpi<\/li>\n<li>vitesse:\n<ul>\n<li>33 ppm<\/li>\n<li>10\/100\/1000 Mbps<\/li>\n<li>10\/100 Mbps<\/li>\n<\/ul>\n<\/li>\n<li>Impression couleur: Oui<\/li>\n<li>Scanner:\n<ul>\n<li>1200 x 1200 dpi<\/li>\n<li>600 x 600 dpi<\/li>\n<\/ul>\n<\/li>\n<li>Capacit\u00e9: 250 Volets<\/li>\n<li>Compatible: Android, iOS<\/li>\n<li>Papier: A4<\/li>\n<li>Connectivit\u00e9: Ethernet LAN<\/li>\n<li>Impression recto verso: Automatique<\/li>\n<li>Fr\u00e9quence d&#8217;entr\u00e9e AC: 50-60 Hz<\/li>\n<li>Fr\u00e9quence: 1200 Hz<\/li>\n<li>Non Inclus: Wi-Fi<\/li>\n<li>Tension: 220-240 V<\/li>\n<li>Temp\u00e9rature approximative: -20\u00ba \/ 40\u00ba<\/li>\n<li>Utilisation recommand\u00e9e: Entreprise et commerce<\/li>\n<li>Plateau: 2<\/li>\n<li>Inclut: Cartouche<\/li>\n<li>M\u00e9t\u00e9o: 9 s<\/li>\n<\/ul>","protected":false},"excerpt":{"rendered":"<p>Si vous \u00eates passionn\u00e9 d&#8217;informatique et d&#8217;\u00e9lectronique, si vous \u00eates \u00e0 la pointe de la technologie et qu&#8217;aucun d\u00e9tail ne vous \u00e9chappe, achetez Imprimante laser HP Color LaserJet Pro 4302fdn au meilleur prix. La imprimante laser HP mod\u00e8le 4RA84F allie efficacit\u00e9 et connectivit\u00e9 avanc\u00e9e pour les environnements de bureau exigeants. Elle pr\u00e9sente un design attrayant [&hellip;]<\/p>\n","protected":false},"featured_media":182125,"comment_status":"open","ping_status":"closed","template":"","meta":[],"product_brand":[630],"product_cat":[592,65,581],"product_tag":[213,106],"class_list":{"0":"post-182131","1":"product","2":"type-product","3":"status-publish","4":"has-post-thumbnail","6":"product_brand-brandp_909","7":"product_cat-imprimantes","8":"product_cat-informatique-electronique","9":"product_cat-informatique-peripheriques-et-consommables","10":"product_tag-tag_933","11":"product_tag-tag_1295","13":"first","14":"instock","15":"taxable","16":"shipping-taxable","17":"purchasable","18":"product-type-simple"},"_links":{"self":[{"href":"https:\/\/bigbuy.tupique.com\/es\/wp-json\/wp\/v2\/product\/182131","targetHints":{"allow":["GET"]}}],"collection":[{"href":"https:\/\/bigbuy.tupique.com\/es\/wp-json\/wp\/v2\/product"}],"about":[{"href":"https:\/\/bigbuy.tupique.com\/es\/wp-json\/wp\/v2\/types\/product"}],"replies":[{"embeddable":true,"href":"https:\/\/bigbuy.tupique.com\/es\/wp-json\/wp\/v2\/comments?post=182131"}],"wp:featuredmedia":[{"embeddable":true,"href":"https:\/\/bigbuy.tupique.com\/es\/wp-json\/wp\/v2\/media\/182125"}],"wp:attachment":[{"href":"https:\/\/bigbuy.tupique.com\/es\/wp-json\/wp\/v2\/media?parent=182131"}],"wp:term":[{"taxonomy":"product_brand","embeddable":true,"href":"https:\/\/bigbuy.tupique.com\/es\/wp-json\/wp\/v2\/product_brand?post=182131"},{"taxonomy":"product_cat","embeddable":true,"href":"https:\/\/bigbuy.tupique.com\/es\/wp-json\/wp\/v2\/product_cat?post=182131"},{"taxonomy":"product_tag","embeddable":true,"href":"https:\/\/bigbuy.tupique.com\/es\/wp-json\/wp\/v2\/product_tag?post=182131"}],"curies":[{"name":"wp","href":"https:\/\/api.w.org\/{rel}","templated":true}]}}