{"id":18151,"date":"2026-03-29T15:07:18","date_gmt":"2026-03-29T14:07:18","guid":{"rendered":"https:\/\/bigbuy.tupique.com\/produto\/switch-netgear-xsm4316-100nes\/"},"modified":"2026-04-15T00:50:12","modified_gmt":"2026-04-14T23:50:12","slug":"switch-netgear-xsm4316-100nes","status":"publish","type":"product","link":"https:\/\/bigbuy.tupique.com\/es\/produto\/switch-netgear-xsm4316-100nes\/","title":{"rendered":"Switch Netgear XSM4316-100NES"},"content":{"rendered":"<p>Si vous \u00eates passionn\u00e9 d&#8217;<b>informatique et d&#8217;\u00e9lectronique<\/b>, si vous \u00eates \u00e0 la pointe de la technologie et qu&#8217;aucun d\u00e9tail ne vous \u00e9chappe, achetez <b>Switch Netgear XSM4316-100NES<\/b> au meilleur prix.<\/p>\n<p>Le <b>Netgear XSM4316-100NES<\/b> est un <b>switch<\/b> professionnel g\u00e9r\u00e9 de niveau L3 con\u00e7u pour offrir des performances \u00e9lev\u00e9es et une grande fiabilit\u00e9 dans les infrastructures r\u00e9seau avanc\u00e9es. Il pr\u00e9sente une finition \u00e9l\u00e9gante en <b>noir<\/b> et est optimis\u00e9 pour un montage en <b>rack<\/b> avec un format <b>1U<\/b>, facilitant son int\u00e9gration dans les centres de donn\u00e9es ou environnements d\u2019entreprise. Il dispose de <b>8 ports RJ45<\/b> compatibles avec des vitesses Ethernet 10G (100\/1000\/10000 Mbps), offrant une bande passante \u00e9lev\u00e9e et une faible latence, id\u00e9al pour les applications n\u00e9cessitant un transfert de donn\u00e9es intensif et une connectivit\u00e9 stable. Dot\u00e9 de <b>2 Go de m\u00e9moire DDR4 SDRAM<\/b> et d\u2019une capacit\u00e9 multi-support, ce switch prend en charge des op\u00e9rations simultan\u00e9es et une <b>table d\u2019adresses MAC allant jusqu\u2019\u00e0 16 000 entr\u00e9es<\/b>, garantissant une gestion efficace de nombreux appareils sur le r\u00e9seau. Sa <b>capacit\u00e9 de commutation atteint 320 Gbit\/s<\/b>, permettant une transmission fluide de gros volumes de donn\u00e9es et assurant l\u2019\u00e9volutivit\u00e9 pour les futurs besoins r\u00e9seau. L\u2019appareil inclut le <b>full duplex<\/b> pour une communication bidirectionnelle simultan\u00e9e et r\u00e9pond \u00e0 des normes avanc\u00e9es telles que <b>IEEE 802.1D, 802.1Q, 802.1x, 802.3<\/b>, assurant compatibilit\u00e9 et s\u00e9curit\u00e9 dans divers environnements professionnels. Pour l\u2019alimentation, il utilise un <b>connecteur AC-in<\/b> standard et pr\u00e9sente un design robuste de <b>40 cm de profondeur<\/b>, adapt\u00e9 aux installations professionnelles exigeantes. En r\u00e9sum\u00e9, ce mod\u00e8le constitue une solution fiable et efficace pour les r\u00e9seaux hautes performances, offrant flexibilit\u00e9 et gestion avanc\u00e9e pour les PME ou les secteurs TIC sp\u00e9cialis\u00e9s.<\/p>\n<ul>\n<li>Produit \u00e0 brancher: Oui<\/li>\n<li>Type:\n<ul>\n<li>Switch<\/li>\n<li>Empilable<\/li>\n<\/ul>\n<\/li>\n<li>Type de prise: Prise EU<\/li>\n<li>Bloc d\u2019Alimentation:\n<ul>\n<li>r\u00e9seau \u00e9lectrique<\/li>\n<li>Incluses<\/li>\n<\/ul>\n<\/li>\n<li>Couleur: Noir<\/li>\n<li>Connexions:\n<ul>\n<li>RJ45<\/li>\n<li>8<\/li>\n<li>rj45 x 8<\/li>\n<\/ul>\n<\/li>\n<li>Genre: Homme<\/li>\n<li>Support: Multisupport<\/li>\n<li>Profondeur: 40 cm<\/li>\n<li>M\u00e9moire: 512 MB<\/li>\n<li>Caract\u00e9ristiques:\n<ul>\n<li>T\u00e9moin de fonctionnement LED<\/li>\n<li>Protection des donn\u00e9es\/mot de passe<\/li>\n<\/ul>\n<\/li>\n<li>Facteur de forme: 1U<\/li>\n<li>Pr\u00e9cision (humidit\u00e9 relative): 0 % &#8211; 90 %<\/li>\n<li>Temp\u00e9rature approximative: &#8211; 20\u00baC \/ 70\u00b0C<\/li>\n<li>S\u00e9curit\u00e9: IGMP<\/li>\n<li>M\u00e9moire RAM: 2 GB<\/li>\n<\/ul>","protected":false},"excerpt":{"rendered":"<p>Si vous \u00eates passionn\u00e9 d&#8217;informatique et d&#8217;\u00e9lectronique, si vous \u00eates \u00e0 la pointe de la technologie et qu&#8217;aucun d\u00e9tail ne vous \u00e9chappe, achetez Switch Netgear XSM4316-100NES au meilleur prix. Le Netgear XSM4316-100NES est un switch professionnel g\u00e9r\u00e9 de niveau L3 con\u00e7u pour offrir des performances \u00e9lev\u00e9es et une grande fiabilit\u00e9 dans les infrastructures r\u00e9seau avanc\u00e9es. [&hellip;]<\/p>\n","protected":false},"featured_media":18144,"comment_status":"open","ping_status":"closed","template":"","meta":[],"product_brand":[633],"product_cat":[65,584,585],"product_tag":[106],"class_list":{"0":"post-18151","1":"product","2":"type-product","3":"status-publish","4":"has-post-thumbnail","6":"product_brand-brandp_567","7":"product_cat-informatique-electronique","8":"product_cat-informatique-reseaux-et-composants","9":"product_cat-switch","10":"product_tag-tag_1295","12":"first","13":"instock","14":"taxable","15":"shipping-taxable","16":"purchasable","17":"product-type-simple"},"_links":{"self":[{"href":"https:\/\/bigbuy.tupique.com\/es\/wp-json\/wp\/v2\/product\/18151","targetHints":{"allow":["GET"]}}],"collection":[{"href":"https:\/\/bigbuy.tupique.com\/es\/wp-json\/wp\/v2\/product"}],"about":[{"href":"https:\/\/bigbuy.tupique.com\/es\/wp-json\/wp\/v2\/types\/product"}],"replies":[{"embeddable":true,"href":"https:\/\/bigbuy.tupique.com\/es\/wp-json\/wp\/v2\/comments?post=18151"}],"wp:featuredmedia":[{"embeddable":true,"href":"https:\/\/bigbuy.tupique.com\/es\/wp-json\/wp\/v2\/media\/18144"}],"wp:attachment":[{"href":"https:\/\/bigbuy.tupique.com\/es\/wp-json\/wp\/v2\/media?parent=18151"}],"wp:term":[{"taxonomy":"product_brand","embeddable":true,"href":"https:\/\/bigbuy.tupique.com\/es\/wp-json\/wp\/v2\/product_brand?post=18151"},{"taxonomy":"product_cat","embeddable":true,"href":"https:\/\/bigbuy.tupique.com\/es\/wp-json\/wp\/v2\/product_cat?post=18151"},{"taxonomy":"product_tag","embeddable":true,"href":"https:\/\/bigbuy.tupique.com\/es\/wp-json\/wp\/v2\/product_tag?post=18151"}],"curies":[{"name":"wp","href":"https:\/\/api.w.org\/{rel}","templated":true}]}}