{"id":18139,"date":"2026-03-29T15:07:01","date_gmt":"2026-03-29T14:07:01","guid":{"rendered":"https:\/\/bigbuy.tupique.com\/produto\/switch-netgear-xsm4324-100nes\/"},"modified":"2026-04-15T00:50:11","modified_gmt":"2026-04-14T23:50:11","slug":"switch-netgear-xsm4324-100nes","status":"publish","type":"product","link":"https:\/\/bigbuy.tupique.com\/es\/produto\/switch-netgear-xsm4324-100nes\/","title":{"rendered":"Switch Netgear XSM4324-100NES"},"content":{"rendered":"<p>Si vous \u00eates passionn\u00e9 d&#8217;<b>informatique et d&#8217;\u00e9lectronique<\/b>, si vous \u00eates \u00e0 la pointe de la technologie et qu&#8217;aucun d\u00e9tail ne vous \u00e9chappe, achetez <b>Switch Netgear XSM4324-100NES<\/b> au meilleur prix.<\/p>\n<p>Le <b>Netgear XSM4324-100NES<\/b> est un <b>switch manageable<\/b> haute performance con\u00e7u pour les environnements d\u2019entreprise et r\u00e9seaux exigeants, offrant une capacit\u00e9 de commutation de <b>480 Gbit\/s<\/b> pour garantir une transmission rapide et efficace des donn\u00e9es. Cet \u00e9quipement dispose de <b>24 ports RJ45<\/b> supportant des vitesses jusqu\u2019\u00e0 <b>10G Ethernet (100\/1000\/10000 Mbps)<\/b> en mode full duplex, permettant une connectivit\u00e9 double compl\u00e8te et une gestion pr\u00e9cise du trafic r\u00e9seau. Il est \u00e9quip\u00e9 d\u2019une m\u00e9moire DDR4 SDRAM de <b>2 Go<\/b> et d\u2019une m\u00e9moire suppl\u00e9mentaire de <b>512 Mo<\/b>, facilitant une gestion avanc\u00e9e des tables d\u2019adresses MAC, pouvant contenir jusqu\u2019\u00e0 <b>16 000 entr\u00e9es<\/b>, assurant une segmentation et un contr\u00f4le d\u00e9taill\u00e9 du trafic. Son facteur de forme <b>rack 1U<\/b> et sa couleur <b>noire<\/b> permettent une int\u00e9gration ais\u00e9e dans les centres de donn\u00e9es et armoires de t\u00e9l\u00e9communications standards. De plus, le XSM4324-100NES prend en charge plusieurs normes IEEE, notamment <b>802.1D, 802.1Q, 802.1Qav, 802.1s, 802.1w, 802.1x<\/b>, garantissant la compatibilit\u00e9 avec des fonctions avanc\u00e9es de VLAN, qualit\u00e9 de service (QoS), s\u00e9curit\u00e9, ainsi que des protocoles de redondance et spanning tree am\u00e9liorant la fiabilit\u00e9 et la robustesse du r\u00e9seau. Le connecteur \u00e9lectrique est de type <b>AC-in<\/b> et le produit est con\u00e7u pour un montage en rack, offrant ordre et optimisation dans les environnements professionnels. Ce mod\u00e8le repr\u00e9sente une solution avanc\u00e9e de couche 3, id\u00e9ale pour g\u00e9rer efficacement un trafic volumineux, optimiser les performances et garantir la scalabilit\u00e9 dans des infrastructures r\u00e9seau complexes.<\/p>\n<p>Dans l\u2019ensemble, le <b>Netgear XSM4324-100NES<\/b> se positionne comme un switch d\u2019entreprise robuste et polyvalent, adapt\u00e9 \u00e0 ceux qui recherchent une connectivit\u00e9 s\u00e9curis\u00e9e, rapide et pr\u00e9cis\u00e9ment g\u00e9r\u00e9e.<\/p>\n<ul>\n<li>Produit \u00e0 brancher: Oui<\/li>\n<li>Type:\n<ul>\n<li>Switch<\/li>\n<li>Empilable<\/li>\n<\/ul>\n<\/li>\n<li>Type de prise: Prise EU<\/li>\n<li>Bloc d\u2019Alimentation:\n<ul>\n<li>r\u00e9seau \u00e9lectrique<\/li>\n<li>Incluses<\/li>\n<\/ul>\n<\/li>\n<li>Couleur: Noir<\/li>\n<li>Connexions: RJ45<\/li>\n<li>Support: Multisupport<\/li>\n<li>Profondeur: 40 cm<\/li>\n<li>M\u00e9moire: 512 MB<\/li>\n<li>Ports: 24<\/li>\n<li>Caract\u00e9ristiques:\n<ul>\n<li>T\u00e9moin de fonctionnement LED<\/li>\n<li>Protection des donn\u00e9es\/mot de passe<\/li>\n<\/ul>\n<\/li>\n<li>Facteur de forme: 1U<\/li>\n<li>Pr\u00e9cision (humidit\u00e9 relative): 0 % &#8211; 90 %<\/li>\n<li>Temp\u00e9rature approximative: &#8211; 20\u00baC \/ 70\u00b0C<\/li>\n<li>S\u00e9curit\u00e9: IGMP<\/li>\n<li>N\u00b0 de rainures: 12<\/li>\n<li>M\u00e9moire RAM: 2 GB<\/li>\n<\/ul>","protected":false},"excerpt":{"rendered":"<p>Si vous \u00eates passionn\u00e9 d&#8217;informatique et d&#8217;\u00e9lectronique, si vous \u00eates \u00e0 la pointe de la technologie et qu&#8217;aucun d\u00e9tail ne vous \u00e9chappe, achetez Switch Netgear XSM4324-100NES au meilleur prix. Le Netgear XSM4324-100NES est un switch manageable haute performance con\u00e7u pour les environnements d\u2019entreprise et r\u00e9seaux exigeants, offrant une capacit\u00e9 de commutation de 480 Gbit\/s pour [&hellip;]<\/p>\n","protected":false},"featured_media":149900,"comment_status":"open","ping_status":"closed","template":"","meta":[],"product_brand":[633],"product_cat":[65,584,585],"product_tag":[106],"class_list":{"0":"post-18139","1":"product","2":"type-product","3":"status-publish","4":"has-post-thumbnail","6":"product_brand-brandp_567","7":"product_cat-informatique-electronique","8":"product_cat-informatique-reseaux-et-composants","9":"product_cat-switch","10":"product_tag-tag_1295","12":"first","13":"instock","14":"taxable","15":"shipping-taxable","16":"purchasable","17":"product-type-simple"},"_links":{"self":[{"href":"https:\/\/bigbuy.tupique.com\/es\/wp-json\/wp\/v2\/product\/18139","targetHints":{"allow":["GET"]}}],"collection":[{"href":"https:\/\/bigbuy.tupique.com\/es\/wp-json\/wp\/v2\/product"}],"about":[{"href":"https:\/\/bigbuy.tupique.com\/es\/wp-json\/wp\/v2\/types\/product"}],"replies":[{"embeddable":true,"href":"https:\/\/bigbuy.tupique.com\/es\/wp-json\/wp\/v2\/comments?post=18139"}],"wp:featuredmedia":[{"embeddable":true,"href":"https:\/\/bigbuy.tupique.com\/es\/wp-json\/wp\/v2\/media\/149900"}],"wp:attachment":[{"href":"https:\/\/bigbuy.tupique.com\/es\/wp-json\/wp\/v2\/media?parent=18139"}],"wp:term":[{"taxonomy":"product_brand","embeddable":true,"href":"https:\/\/bigbuy.tupique.com\/es\/wp-json\/wp\/v2\/product_brand?post=18139"},{"taxonomy":"product_cat","embeddable":true,"href":"https:\/\/bigbuy.tupique.com\/es\/wp-json\/wp\/v2\/product_cat?post=18139"},{"taxonomy":"product_tag","embeddable":true,"href":"https:\/\/bigbuy.tupique.com\/es\/wp-json\/wp\/v2\/product_tag?post=18139"}],"curies":[{"name":"wp","href":"https:\/\/api.w.org\/{rel}","templated":true}]}}