{"id":18088,"date":"2026-03-29T15:05:50","date_gmt":"2026-03-29T14:05:50","guid":{"rendered":"https:\/\/bigbuy.tupique.com\/produto\/holder-axis-excam-xpt\/"},"modified":"2026-04-15T12:20:42","modified_gmt":"2026-04-15T11:20:42","slug":"holder-axis-excam-xpt","status":"publish","type":"product","link":"https:\/\/bigbuy.tupique.com\/es\/produto\/holder-axis-excam-xpt\/","title":{"rendered":"Support Axis EXCAM XPT"},"content":{"rendered":"<p>Si vous \u00eates passionn\u00e9 d&#8217;<b>informatique et d&#8217;\u00e9lectronique<\/b>, si vous \u00eates \u00e0 la pointe de la technologie et qu&#8217;aucun d\u00e9tail ne vous \u00e9chappe, achetez <b>Support Axis EXCAM XPT<\/b> au meilleur prix.<\/p>\n<ul>\n<li>Couleur: Acier<\/li>\n<li>Caract\u00e9ristiques: Universel<\/li>\n<\/ul>","protected":false},"excerpt":{"rendered":"<p>Si vous \u00eates passionn\u00e9 d&#8217;informatique et d&#8217;\u00e9lectronique, si vous \u00eates \u00e0 la pointe de la technologie et qu&#8217;aucun d\u00e9tail ne vous \u00e9chappe, achetez Support Axis EXCAM XPT au meilleur prix. Couleur: Acier Caract\u00e9ristiques: Universel<\/p>","protected":false},"featured_media":18087,"comment_status":"open","ping_status":"closed","template":"","meta":[],"product_brand":[645],"product_cat":[601,600,65],"product_tag":[571,210],"class_list":{"0":"post-18088","1":"product","2":"type-product","3":"status-publish","4":"has-post-thumbnail","6":"product_brand-brandp_4776","7":"product_cat-accessoires-pour-appareils-photo-et-camescopes","8":"product_cat-electronique-photo-et-video","9":"product_cat-informatique-electronique","10":"product_tag-tag_27","11":"product_tag-tag_25","13":"first","14":"instock","15":"taxable","16":"shipping-taxable","17":"purchasable","18":"product-type-simple"},"_links":{"self":[{"href":"https:\/\/bigbuy.tupique.com\/es\/wp-json\/wp\/v2\/product\/18088","targetHints":{"allow":["GET"]}}],"collection":[{"href":"https:\/\/bigbuy.tupique.com\/es\/wp-json\/wp\/v2\/product"}],"about":[{"href":"https:\/\/bigbuy.tupique.com\/es\/wp-json\/wp\/v2\/types\/product"}],"replies":[{"embeddable":true,"href":"https:\/\/bigbuy.tupique.com\/es\/wp-json\/wp\/v2\/comments?post=18088"}],"wp:featuredmedia":[{"embeddable":true,"href":"https:\/\/bigbuy.tupique.com\/es\/wp-json\/wp\/v2\/media\/18087"}],"wp:attachment":[{"href":"https:\/\/bigbuy.tupique.com\/es\/wp-json\/wp\/v2\/media?parent=18088"}],"wp:term":[{"taxonomy":"product_brand","embeddable":true,"href":"https:\/\/bigbuy.tupique.com\/es\/wp-json\/wp\/v2\/product_brand?post=18088"},{"taxonomy":"product_cat","embeddable":true,"href":"https:\/\/bigbuy.tupique.com\/es\/wp-json\/wp\/v2\/product_cat?post=18088"},{"taxonomy":"product_tag","embeddable":true,"href":"https:\/\/bigbuy.tupique.com\/es\/wp-json\/wp\/v2\/product_tag?post=18088"}],"curies":[{"name":"wp","href":"https:\/\/api.w.org\/{rel}","templated":true}]}}