{"id":18041,"date":"2026-03-29T15:04:50","date_gmt":"2026-03-29T14:04:50","guid":{"rendered":"https:\/\/bigbuy.tupique.com\/produto\/switch-axis-t8504-r\/"},"modified":"2026-04-15T00:49:58","modified_gmt":"2026-04-14T23:49:58","slug":"switch-axis-t8504-r","status":"publish","type":"product","link":"https:\/\/bigbuy.tupique.com\/es\/produto\/switch-axis-t8504-r\/","title":{"rendered":"Switch Axis T8504-R"},"content":{"rendered":"<p>Si vous \u00eates passionn\u00e9 d&#8217;<b>informatique et d&#8217;\u00e9lectronique<\/b>, si vous \u00eates \u00e0 la pointe de la technologie et qu&#8217;aucun d\u00e9tail ne vous \u00e9chappe, achetez <b>Switch Axis T8504-R<\/b> au meilleur prix.<\/p>\n<p>Le <b>switch<\/b> industriel <b>AXIS T8504-R<\/b> de la marque reconnue Axis est con\u00e7u pour des environnements exigeants et des applications professionnelles n\u00e9cessitant haute fiabilit\u00e9 et performance. Il s&#8217;agit d&#8217;un <b>switch manageable<\/b> offrant <b>quatre ports Gigabit Ethernet RJ45<\/b>, dont deux d\u00e9di\u00e9s aux connexions PoE (Power over Ethernet) pour alimenter des appareils compatibles sans c\u00e2bles suppl\u00e9mentaires, et deux ports SFP pour connexions fibre optique, augmentant ainsi la polyvalence et la port\u00e9e du r\u00e9seau. Son bo\u00eetier en <b>aluminium noir<\/b> robuste assure r\u00e9sistance m\u00e9canique et protection contre chocs et vibrations, ce qui, associ\u00e9 \u00e0 une plage de temp\u00e9rature de fonctionnement de <b>-40 \u00b0C \u00e0 75 \u00b0C<\/b>, le rend adapt\u00e9 \u00e0 une installation en conditions climatiques difficiles ou en sites isol\u00e9s comme autoroutes, tunnels ou sites industriels. L\u2019alimentation se fait via une entr\u00e9e courant continu de <b>54 \u00e0 57 V<\/b>, compatible avec des syst\u00e8mes \u00e9lectriques sp\u00e9cialis\u00e9s. Il dispose d\u2019une capacit\u00e9 de commutation de <b>16 Gbps<\/b> et d\u2019une table d\u2019adresses MAC jusqu\u2019\u00e0 <b>8 000 entr\u00e9es<\/b>, offrant de bonnes performances et une gestion efficace du trafic r\u00e9seau. Il supporte des normes r\u00e9seau essentielles telles que <b>IEEE 802.1Q<\/b> (\u00e9tiquetage VLAN) et <b>IEEE 802.1x<\/b> pour le contr\u00f4le d\u2019acc\u00e8s, garantissant s\u00e9curit\u00e9 et segmentation avanc\u00e9e du r\u00e9seau. Il comprend \u00e9galement un port console RJ45 pour configuration et administration directe. Son design compact et renforc\u00e9 permet une int\u00e9gration optimale dans des armoires de surveillance ou racks industriels n\u00e9cessitant robustesse et fonctionnalit\u00e9s avanc\u00e9es. Ce switch est une solution solide et professionnelle pour des infrastructures exigeant des connexions fiables, une gestion avanc\u00e9e et la capacit\u00e9 PoE en environnements s\u00e9v\u00e8res, se positionnant comme un choix id\u00e9al pour projets de r\u00e9seaux industriels et syst\u00e8mes de vid\u00e9osurveillance.<\/p>\n<ul>\n<li>Connexions:\n<ul>\n<li>RJ45<\/li>\n<li>Ethernet LAN<\/li>\n<\/ul>\n<\/li>\n<li>Produit \u00e0 brancher: Oui<\/li>\n<li>Type de prise: Prise EU<\/li>\n<li>Ports: 4<\/li>\n<li>Type: Switch<\/li>\n<li>Bloc d\u2019Alimentation: r\u00e9seau \u00e9lectrique<\/li>\n<li>Couleur: Noir<\/li>\n<li>vitesse: 16 Gbps<\/li>\n<li>Mati\u00e8re: Aluminium<\/li>\n<li>Tension: 220 V<\/li>\n<li>puissance:\n<ul>\n<li>240 W<\/li>\n<li>60 W<\/li>\n<\/ul>\n<\/li>\n<li>Longueur: 13 cm<\/li>\n<li>Caract\u00e9ristiques: Protection des donn\u00e9es\/mot de passe<\/li>\n<\/ul>","protected":false},"excerpt":{"rendered":"<p><span class=\"unit-info\">7946.0769 &euro; \/ 1 m<\/span><\/p>","protected":false},"featured_media":18039,"comment_status":"open","ping_status":"closed","template":"","meta":[],"product_brand":[645],"product_cat":[65,584,585],"product_tag":[106],"class_list":{"0":"post-18041","1":"product","2":"type-product","3":"status-publish","4":"has-post-thumbnail","6":"product_brand-brandp_4776","7":"product_cat-informatique-electronique","8":"product_cat-informatique-reseaux-et-composants","9":"product_cat-switch","10":"product_tag-tag_1295","12":"first","13":"instock","14":"taxable","15":"shipping-taxable","16":"purchasable","17":"product-type-simple"},"_links":{"self":[{"href":"https:\/\/bigbuy.tupique.com\/es\/wp-json\/wp\/v2\/product\/18041","targetHints":{"allow":["GET"]}}],"collection":[{"href":"https:\/\/bigbuy.tupique.com\/es\/wp-json\/wp\/v2\/product"}],"about":[{"href":"https:\/\/bigbuy.tupique.com\/es\/wp-json\/wp\/v2\/types\/product"}],"replies":[{"embeddable":true,"href":"https:\/\/bigbuy.tupique.com\/es\/wp-json\/wp\/v2\/comments?post=18041"}],"wp:featuredmedia":[{"embeddable":true,"href":"https:\/\/bigbuy.tupique.com\/es\/wp-json\/wp\/v2\/media\/18039"}],"wp:attachment":[{"href":"https:\/\/bigbuy.tupique.com\/es\/wp-json\/wp\/v2\/media?parent=18041"}],"wp:term":[{"taxonomy":"product_brand","embeddable":true,"href":"https:\/\/bigbuy.tupique.com\/es\/wp-json\/wp\/v2\/product_brand?post=18041"},{"taxonomy":"product_cat","embeddable":true,"href":"https:\/\/bigbuy.tupique.com\/es\/wp-json\/wp\/v2\/product_cat?post=18041"},{"taxonomy":"product_tag","embeddable":true,"href":"https:\/\/bigbuy.tupique.com\/es\/wp-json\/wp\/v2\/product_tag?post=18041"}],"curies":[{"name":"wp","href":"https:\/\/api.w.org\/{rel}","templated":true}]}}