{"id":17995,"date":"2026-03-29T15:03:49","date_gmt":"2026-03-29T14:03:49","guid":{"rendered":"https:\/\/bigbuy.tupique.com\/produto\/uninterruptible-power-supply-system-interactive-ups-salicru-slc-3000-3000-w\/"},"modified":"2026-04-15T00:49:55","modified_gmt":"2026-04-14T23:49:55","slug":"uninterruptible-power-supply-system-interactive-ups-salicru-slc-3000-3000-w","status":"publish","type":"product","link":"https:\/\/bigbuy.tupique.com\/es\/produto\/uninterruptible-power-supply-system-interactive-ups-salicru-slc-3000-3000-w\/","title":{"rendered":"Syst\u00e8me d&#8217;Alimentation Sans Interruption Interactif Salicru SLC-3000 3000 W"},"content":{"rendered":"<p>Si vous \u00eates passionn\u00e9 d&#8217;<b>informatique et d&#8217;\u00e9lectronique<\/b>, si vous \u00eates \u00e0 la pointe de la technologie et qu&#8217;aucun d\u00e9tail ne vous \u00e9chappe, achetez <b>Syst\u00e8me d&#8217;Alimentation Sans Interruption Interactif Salicru SLC-3000 3000 W<\/b> au meilleur prix.<\/p>\n<p>Le <b>Salicru 6B4AA000004<\/b> est un <b>onduleur interactif<\/b> con\u00e7u pour offrir une protection \u00e9lectrique avanc\u00e9e et une gestion efficace de l\u2019alimentation dans des environnements critiques, aussi bien professionnels que domestiques. Avec une <b>puissance nominale de 3000 VA (3000 W)<\/b>, il se distingue par sa capacit\u00e9 \u00e0 prot\u00e9ger serveurs, stations de travail et \u00e9quipements \u00e9lectroniques sensibles contre les coupures de courant, surtensions et fluctuations du r\u00e9seau. Ce syst\u00e8me adopte un format <b>tour<\/b>, facilitant son installation dans des salles techniques ou des bureaux, et dispose d\u2019une fonctionnalit\u00e9 <b>on line \u00e0 double conversion<\/b>, garantissant une alimentation continue, stable et filtr\u00e9e, essentielle pour pr\u00e9server l\u2019int\u00e9grit\u00e9 des appareils connect\u00e9s face \u00e0 toute irr\u00e9gularit\u00e9 \u00e9lectrique. Sa finition en <b>noir<\/b> lui conf\u00e8re une allure sobre et professionnelle, adapt\u00e9e aux environnements d\u2019entreprise. Il int\u00e8gre des fonctions telles que le <b>d\u00e9marrage \u00e0 froid<\/b>, permettant d\u2019allumer les \u00e9quipements connect\u00e9s m\u00eame sans alimentation pr\u00e9alable, ainsi qu\u2019un <b>chargeur et une batterie int\u00e9gr\u00e9s<\/b> pour assurer la continuit\u00e9 de fonctionnement lors des interruptions de courant. La connectivit\u00e9 via <b>ports USB<\/b> facilite la surveillance et la gestion \u00e0 distance de l\u2019onduleur, en faisant une solution compl\u00e8te et moderne. Ce mod\u00e8le s\u2019adresse aux utilisateurs recherchant fiabilit\u00e9, s\u00e9curit\u00e9 et flexibilit\u00e9 pour la protection \u00e9lectrique de leurs syst\u00e8mes, consolidant Salicru comme une r\u00e9f\u00e9rence en solutions d\u2019alimentation de secours.<\/p>\n<ul>\n<li>puissance:\n<ul>\n<li>3000 W<\/li>\n<li>3000 VA<\/li>\n<\/ul>\n<\/li>\n<li>Produit \u00e0 brancher: Oui<\/li>\n<li>Type de prise: Prise EU<\/li>\n<li>Type:\n<ul>\n<li>Syst\u00e8me d&#8217;Alimentation Sans Interruption Interactif<\/li>\n<li>Tuner<\/li>\n<li>Tour<\/li>\n<\/ul>\n<\/li>\n<li>Temps de charge approx.: 3 heures<\/li>\n<li>Bloc d\u2019Alimentation: r\u00e9seau \u00e9lectrique<\/li>\n<li>Couleur: Noir<\/li>\n<li>Largeur: 438 mm<\/li>\n<li>Connexions:\n<ul>\n<li>USB 2.0<\/li>\n<li>USB<\/li>\n<li>RJ45<\/li>\n<\/ul>\n<\/li>\n<li>Puissance nominale: 3 kVA<\/li>\n<li>Fr\u00e9quence: 50\/60 Hz<\/li>\n<li>Niveau sonore: 46 dB<\/li>\n<li>Caract\u00e9ristiques: D\u00e9marrage \u00e0 froid<\/li>\n<li>Tension de sortie: 240 V<\/li>\n<li>Tension d&#8217;entr\u00e9e AC: 240 V<\/li>\n<li>Fonctions: ECO<\/li>\n<li>Amp\u00e9rage: 5 A<\/li>\n<\/ul>","protected":false},"excerpt":{"rendered":"<p><span class=\"unit-info\">717.9950 &euro; \/ 1 unit<\/span><\/p>","protected":false},"featured_media":17994,"comment_status":"open","ping_status":"closed","template":"","meta":[],"product_brand":[650],"product_cat":[65,581,603],"product_tag":[106],"class_list":{"0":"post-17995","1":"product","2":"type-product","3":"status-publish","4":"has-post-thumbnail","6":"product_brand-brandp_575","7":"product_cat-informatique-electronique","8":"product_cat-informatique-peripheriques-et-consommables","9":"product_cat-ups","10":"product_tag-tag_1295","12":"first","13":"instock","14":"taxable","15":"shipping-taxable","16":"purchasable","17":"product-type-simple"},"_links":{"self":[{"href":"https:\/\/bigbuy.tupique.com\/es\/wp-json\/wp\/v2\/product\/17995","targetHints":{"allow":["GET"]}}],"collection":[{"href":"https:\/\/bigbuy.tupique.com\/es\/wp-json\/wp\/v2\/product"}],"about":[{"href":"https:\/\/bigbuy.tupique.com\/es\/wp-json\/wp\/v2\/types\/product"}],"replies":[{"embeddable":true,"href":"https:\/\/bigbuy.tupique.com\/es\/wp-json\/wp\/v2\/comments?post=17995"}],"wp:featuredmedia":[{"embeddable":true,"href":"https:\/\/bigbuy.tupique.com\/es\/wp-json\/wp\/v2\/media\/17994"}],"wp:attachment":[{"href":"https:\/\/bigbuy.tupique.com\/es\/wp-json\/wp\/v2\/media?parent=17995"}],"wp:term":[{"taxonomy":"product_brand","embeddable":true,"href":"https:\/\/bigbuy.tupique.com\/es\/wp-json\/wp\/v2\/product_brand?post=17995"},{"taxonomy":"product_cat","embeddable":true,"href":"https:\/\/bigbuy.tupique.com\/es\/wp-json\/wp\/v2\/product_cat?post=17995"},{"taxonomy":"product_tag","embeddable":true,"href":"https:\/\/bigbuy.tupique.com\/es\/wp-json\/wp\/v2\/product_tag?post=17995"}],"curies":[{"name":"wp","href":"https:\/\/api.w.org\/{rel}","templated":true}]}}