{"id":17977,"date":"2026-03-29T15:03:22","date_gmt":"2026-03-29T14:03:22","guid":{"rendered":"https:\/\/bigbuy.tupique.com\/produto\/nintendo-switch-lite-nintendo-10002292-55-lcd-32-gb-wifi-turquoise\/"},"modified":"2026-05-11T20:02:36","modified_gmt":"2026-05-11T18:02:36","slug":"nintendo-switch-lite-nintendo-10002292-55-lcd-32-gb-wifi-turquoise","status":"publish","type":"product","link":"https:\/\/bigbuy.tupique.com\/es\/produto\/nintendo-switch-lite-nintendo-10002292-55-lcd-32-gb-wifi-turquoise\/","title":{"rendered":"Nintendo Switch Lite Nintendo 10002292 5,5&#8243; LCD 32 GB WiFi Turquoise"},"content":{"rendered":"<p>Si vous \u00eates passionn\u00e9 d&#8217;<b>informatique et d&#8217;\u00e9lectronique<\/b>, si vous \u00eates \u00e0 la pointe de la technologie et qu&#8217;aucun d\u00e9tail ne vous \u00e9chappe, achetez <b>Nintendo Switch Lite Nintendo 10002292 5,5&#8243; LCD 32 GB WiFi Turquoise<\/b> au meilleur prix.<\/p>\n<p>La <b>Nintendo Switch Lite<\/b> est une console portable qui red\u00e9finit l&#8217;exp\u00e9rience de jeu en d\u00e9placement, offrant une alternative l\u00e9g\u00e8re et compacte au sein de l&#8217;\u00e9cosyst\u00e8me Nintendo. Con\u00e7ue sp\u00e9cifiquement pour une utilisation nomade, ce mod\u00e8le est disponible en finitions \u00e9l\u00e9gantes <b>noir<\/b> et <b>turquoise<\/b>, id\u00e9ale pour ceux qui souhaitent jouer confortablement hors de chez eux. Elle int\u00e8gre un <b>\u00e9cran tactile LCD<\/b> garantissant des images nettes et une r\u00e9activit\u00e9 rapide, permettant de profiter avec pr\u00e9cision aussi bien des titres classiques que des nouveaut\u00e9s du catalogue Nintendo Switch. La connectivit\u00e9 est un de ses atouts, avec un <b>Wi-Fi<\/b> pour acc\u00e9der aux jeux en ligne et aux mises \u00e0 jour logicielles, ainsi qu\u2019un <b>Bluetooth 4.1<\/b> pour les accessoires sans fil et casques compatibles. De plus, elle dispose d\u2019un <b>port USB-C<\/b> facilitant la charge et la connexion d\u2019accessoires, ainsi que d\u2019un pratique <b>lecteur de cartes<\/b> pour \u00e9tendre la biblioth\u00e8que de jeux physiques. Son design l\u00e9ger s\u2019adapte ais\u00e9ment aux longues sessions de jeu et son ergonomie assure un confort optimal m\u00eame en d\u00e9placement. La <b>Nintendo Switch Lite<\/b> repr\u00e9sente la combinaison parfaite entre portabilit\u00e9, simplicit\u00e9 d\u2019utilisation et large compatibilit\u00e9 avec la majorit\u00e9 des titres Nintendo Switch proposant un mode portable, constituant une solution pratique pour le divertissement quotidien et les voyages.<\/p>\n<ul>\n<li>Ecran: 5,2&#8243;<\/li>\n<li>Contr\u00f4leur graphique: Tegra NVIDIA<\/li>\n<li>Connectivit\u00e9:\n<ul>\n<li>Bluetooth 4.1<\/li>\n<li>NFC<\/li>\n<li>Wi-Fi<\/li>\n<li>Bluetooth<\/li>\n<\/ul>\n<\/li>\n<li>Cartes M\u00e9moire Compatibles:\n<ul>\n<li>Micro SD<\/li>\n<li>MicroSD (TransFlash),MicroSDHC,MicroSDXC<\/li>\n<\/ul>\n<\/li>\n<li>Capteurs:\n<ul>\n<li>Acc\u00e9l\u00e9rom\u00e8tre<\/li>\n<li>Gyroscope<\/li>\n<\/ul>\n<\/li>\n<li>Batterie au lithium rechargeable: 3570 mAh<\/li>\n<li>Temps de charge approx.: 3 heures<\/li>\n<li>Dimensions approx.: 20,8 x 9,1 x 1,39 cm<\/li>\n<li>R\u00e9solution (px): 1280 x 720 px<\/li>\n<li>Fonctions: Acc\u00e9l\u00e9rom\u00e8tre<\/li>\n<li>Technologie:\n<ul>\n<li>LCD<\/li>\n<li>Capacitive<\/li>\n<\/ul>\n<\/li>\n<li>Autonomie approx.: 6 heures<\/li>\n<li>Pays \/ r\u00e9gion de fabrication: Espagne<\/li>\n<li>Couleur: Turquoise<\/li>\n<li>Caract\u00e9ristiques:\n<ul>\n<li>\u00c9cran LCD<\/li>\n<li>Ecran tactile<\/li>\n<li>Lecteur de Cartes<\/li>\n<\/ul>\n<\/li>\n<li>Connexions:\n<ul>\n<li>USB<\/li>\n<li>USB-C<\/li>\n<li>Jack 3.5 mm<\/li>\n<\/ul>\n<\/li>\n<li>Rapport d&#8217;aspect: 16:9<\/li>\n<li>Contr\u00f4le: Boutons<\/li>\n<li>Manuel d\u2019utilisation: Italien<\/li>\n<li>Taille maximale de la carte m\u00e9moire: 2 TB<\/li>\n<li>Pr\u00e9cision (humidit\u00e9 relative): 20 % &#8211; 80 %<\/li>\n<li>Type de batterie: Litio Ion<\/li>\n<li>Diagonale de l&#8217;\u00e9cran (cm): 14 cm<\/li>\n<\/ul>","protected":false},"excerpt":{"rendered":"<p>Si vous \u00eates passionn\u00e9 d&#8217;informatique et d&#8217;\u00e9lectronique, si vous \u00eates \u00e0 la pointe de la technologie et qu&#8217;aucun d\u00e9tail ne vous \u00e9chappe, achetez Nintendo Switch Lite Nintendo 10002292 5,5&#8243; LCD 32 GB WiFi Turquoise au meilleur prix. La Nintendo Switch Lite est une console portable qui red\u00e9finit l&#8217;exp\u00e9rience de jeu en d\u00e9placement, offrant une alternative [&hellip;]<\/p>\n","protected":false},"featured_media":17976,"comment_status":"open","ping_status":"closed","template":"","meta":[],"product_brand":[805],"product_cat":[746,609,65],"product_tag":[59,572],"class_list":{"0":"post-17977","1":"product","2":"type-product","3":"status-publish","4":"has-post-thumbnail","6":"product_brand-brandp_1156","7":"product_cat-consoles","8":"product_cat-electronique-jouets-electroniques","9":"product_cat-informatique-electronique","10":"product_tag-tag_1304","11":"product_tag-tag_29","13":"first","14":"instock","15":"taxable","16":"shipping-taxable","17":"purchasable","18":"product-type-simple"},"_links":{"self":[{"href":"https:\/\/bigbuy.tupique.com\/es\/wp-json\/wp\/v2\/product\/17977","targetHints":{"allow":["GET"]}}],"collection":[{"href":"https:\/\/bigbuy.tupique.com\/es\/wp-json\/wp\/v2\/product"}],"about":[{"href":"https:\/\/bigbuy.tupique.com\/es\/wp-json\/wp\/v2\/types\/product"}],"replies":[{"embeddable":true,"href":"https:\/\/bigbuy.tupique.com\/es\/wp-json\/wp\/v2\/comments?post=17977"}],"wp:featuredmedia":[{"embeddable":true,"href":"https:\/\/bigbuy.tupique.com\/es\/wp-json\/wp\/v2\/media\/17976"}],"wp:attachment":[{"href":"https:\/\/bigbuy.tupique.com\/es\/wp-json\/wp\/v2\/media?parent=17977"}],"wp:term":[{"taxonomy":"product_brand","embeddable":true,"href":"https:\/\/bigbuy.tupique.com\/es\/wp-json\/wp\/v2\/product_brand?post=17977"},{"taxonomy":"product_cat","embeddable":true,"href":"https:\/\/bigbuy.tupique.com\/es\/wp-json\/wp\/v2\/product_cat?post=17977"},{"taxonomy":"product_tag","embeddable":true,"href":"https:\/\/bigbuy.tupique.com\/es\/wp-json\/wp\/v2\/product_tag?post=17977"}],"curies":[{"name":"wp","href":"https:\/\/api.w.org\/{rel}","templated":true}]}}