{"id":17895,"date":"2026-03-29T14:52:37","date_gmt":"2026-03-29T13:52:37","guid":{"rendered":"https:\/\/bigbuy.tupique.com\/produto\/monitor-msi-g32c4x-va\/"},"modified":"2026-04-16T20:05:21","modified_gmt":"2026-04-16T19:05:21","slug":"monitor-msi-g32c4x-va","status":"publish","type":"product","link":"https:\/\/bigbuy.tupique.com\/es\/produto\/monitor-msi-g32c4x-va\/","title":{"rendered":"\u00c9cran MSI G32C4X VA"},"content":{"rendered":"<p>Si vous \u00eates passionn\u00e9 d&#8217;<b>informatique et d&#8217;\u00e9lectronique<\/b>, si vous \u00eates \u00e0 la pointe de la technologie et qu&#8217;aucun d\u00e9tail ne vous \u00e9chappe, achetez <b>\u00c9cran MSI G32C4X VA<\/b> au meilleur prix.<\/p>\n<p>Le <b>MSI Optix G32C4X<\/b> est un <b>moniteur<\/b> sp\u00e9cialement con\u00e7u pour le gaming, offrant une exp\u00e9rience visuelle immersive et de haute qualit\u00e9 gr\u00e2ce \u00e0 son \u00e9cran incurv\u00e9 de <b>31,5 pouces<\/b> avec technologie <b>VA<\/b>, garantissant des couleurs profondes et un bon contraste pour profiter d\u2019images nettes en r\u00e9solution <b>Full HD<\/b>. Ce moniteur se distingue par sa fr\u00e9quence de rafra\u00eechissement de <b>250 Hz<\/b>, assurant une fluidit\u00e9 exceptionnelle dans les jeux rapides, r\u00e9duisant le flou de mouvement et am\u00e9liorant la r\u00e9activit\u00e9. Il dispose \u00e9galement d\u2019un temps de r\u00e9ponse de seulement <b>1 ms<\/b>, id\u00e9al pour \u00e9viter les retards et latences, favorisant des performances optimales dans les titres comp\u00e9titifs. Son design noir int\u00e8gre des fonctionnalit\u00e9s pratiques comme l\u2019interrupteur marche\/arr\u00eat et la possibilit\u00e9 d\u2019ajuster l\u2019inclinaison, permettant d\u2019adapter l\u2019affichage \u00e0 la posture de l\u2019utilisateur pour des sessions prolong\u00e9es plus confortables. C\u00f4t\u00e9 connectivit\u00e9, il comprend deux ports <b>HDMI 2.0<\/b> et un port <b>DisplayPort 1.2a<\/b>, facilitant la connexion \u00e0 divers appareils et configurations multi-\u00e9crans, tandis que le connecteur DC assure une alimentation stable. Le support de l\u2019espace colorim\u00e9trique <b>sRGB<\/b> garantit une reproduction pr\u00e9cise des couleurs, important pour ceux qui recherchent une colorim\u00e9trie fid\u00e8le, m\u00eame si ce moniteur est principalement destin\u00e9 au gaming. En r\u00e9sum\u00e9, le MSI Optix G32C4X combine un grand \u00e9cran, une haute fr\u00e9quence de rafra\u00eechissement, une r\u00e9ponse rapide et une connectivit\u00e9 polyvalente pour r\u00e9pondre aux exigences des joueurs en qu\u00eate de performance et de qualit\u00e9 visuelle dans un produit robuste et fonctionnel. Ce moniteur s\u2019impose comme une option solide pour les utilisateurs qui privil\u00e9gient une image fluide et d\u00e9taill\u00e9e lors de leurs parties.<\/p>\n<ul>\n<li>Connexions:\n<ul>\n<li>DisplayPort x 1<\/li>\n<li>HDMI<\/li>\n<li>DisplayPort<\/li>\n<li>2<\/li>\n<li>HDMI 2.0<\/li>\n<li>HDMI x 2<\/li>\n<\/ul>\n<\/li>\n<li>R\u00e9solution (px): 1920 x 1080 px<\/li>\n<li>Temps de r\u00e9ponse: 1 ms<\/li>\n<li>Produit \u00e0 brancher: Oui<\/li>\n<li>Couleur:\n<ul>\n<li>sRGB<\/li>\n<li>Noir<\/li>\n<\/ul>\n<\/li>\n<li>Angle: 178\u00ba<\/li>\n<li>Ecran tactile: Non<\/li>\n<li>3D: Non<\/li>\n<li>Brille:\n<ul>\n<li>300 cd\/m\u00b2<\/li>\n<li>300 lm ANSI<\/li>\n<\/ul>\n<\/li>\n<li>Ecran: 31,5&#8243;<\/li>\n<li>Classification \u00e9nerg\u00e9tique: F<\/li>\n<li>R\u00e9solution:\n<ul>\n<li>Full HD<\/li>\n<li>Full HD 1080p<\/li>\n<\/ul>\n<\/li>\n<li>Rapport d&#8217;aspect: 16:9<\/li>\n<li>Caract\u00e9ristiques:\n<ul>\n<li>T\u00e9moin LED<\/li>\n<li>Interrupteur marche\/arr\u00eat<\/li>\n<li>Inclinaison r\u00e9glable<\/li>\n<li>T\u00e9moin de fonctionnement LED<\/li>\n<\/ul>\n<\/li>\n<li>Type:\n<ul>\n<li>Courbe<\/li>\n<li>\u00c9cran<\/li>\n<li>Jeux<\/li>\n<\/ul>\n<\/li>\n<li>Type de prise: Prise EU<\/li>\n<li>Diagonale de l&#8217;\u00e9cran (cm):\n<ul>\n<li>80 cm<\/li>\n<li>81,3 cm<\/li>\n<\/ul>\n<\/li>\n<li>Bloc d\u2019Alimentation:\n<ul>\n<li>r\u00e9seau \u00e9lectrique<\/li>\n<li>Cordon d&#8217;alimentation CA<\/li>\n<\/ul>\n<\/li>\n<li>Largeur: 97 cm<\/li>\n<li>Technologie: VA<\/li>\n<li>Fr\u00e9quence:\n<ul>\n<li>240 Hz<\/li>\n<li>50 &#8211; 60 Hz<\/li>\n<\/ul>\n<\/li>\n<li>Connectivit\u00e9: Bluetooth<\/li>\n<li>Tension:\n<ul>\n<li>20 V<\/li>\n<li>100 &#8211; 240 V<\/li>\n<\/ul>\n<\/li>\n<li>Rapport de contraste: 3000:1<\/li>\n<li>Tension de sortie: 20 V<\/li>\n<li>Compatible: VESA<\/li>\n<li>Design: Courbe<\/li>\n<li>VESA: 10 x 10 cm<\/li>\n<li>Utilisation recommand\u00e9e: Jeux<\/li>\n<li>Connecteurs: Kensington<\/li>\n<li>Inclinaison: -5\u00ba \/ 20\u00ba<\/li>\n<li>Montage: VESA<\/li>\n<\/ul>","protected":false},"excerpt":{"rendered":"<p>Si vous \u00eates passionn\u00e9 d&#8217;informatique et d&#8217;\u00e9lectronique, si vous \u00eates \u00e0 la pointe de la technologie et qu&#8217;aucun d\u00e9tail ne vous \u00e9chappe, achetez \u00c9cran MSI G32C4X VA au meilleur prix. Le MSI Optix G32C4X est un moniteur sp\u00e9cialement con\u00e7u pour le gaming, offrant une exp\u00e9rience visuelle immersive et de haute qualit\u00e9 gr\u00e2ce \u00e0 son \u00e9cran [&hellip;]<\/p>\n","protected":false},"featured_media":17892,"comment_status":"open","ping_status":"closed","template":"","meta":[],"product_brand":[975],"product_cat":[65,581,616],"product_tag":[213,59,106],"class_list":{"0":"post-17895","1":"product","2":"type-product","3":"status-publish","4":"has-post-thumbnail","6":"product_brand-brandp_565","7":"product_cat-informatique-electronique","8":"product_cat-informatique-peripheriques-et-consommables","9":"product_cat-moniteurs","10":"product_tag-tag_933","11":"product_tag-tag_1304","12":"product_tag-tag_1295","14":"first","15":"instock","16":"taxable","17":"shipping-taxable","18":"purchasable","19":"product-type-simple"},"_links":{"self":[{"href":"https:\/\/bigbuy.tupique.com\/es\/wp-json\/wp\/v2\/product\/17895","targetHints":{"allow":["GET"]}}],"collection":[{"href":"https:\/\/bigbuy.tupique.com\/es\/wp-json\/wp\/v2\/product"}],"about":[{"href":"https:\/\/bigbuy.tupique.com\/es\/wp-json\/wp\/v2\/types\/product"}],"replies":[{"embeddable":true,"href":"https:\/\/bigbuy.tupique.com\/es\/wp-json\/wp\/v2\/comments?post=17895"}],"wp:featuredmedia":[{"embeddable":true,"href":"https:\/\/bigbuy.tupique.com\/es\/wp-json\/wp\/v2\/media\/17892"}],"wp:attachment":[{"href":"https:\/\/bigbuy.tupique.com\/es\/wp-json\/wp\/v2\/media?parent=17895"}],"wp:term":[{"taxonomy":"product_brand","embeddable":true,"href":"https:\/\/bigbuy.tupique.com\/es\/wp-json\/wp\/v2\/product_brand?post=17895"},{"taxonomy":"product_cat","embeddable":true,"href":"https:\/\/bigbuy.tupique.com\/es\/wp-json\/wp\/v2\/product_cat?post=17895"},{"taxonomy":"product_tag","embeddable":true,"href":"https:\/\/bigbuy.tupique.com\/es\/wp-json\/wp\/v2\/product_tag?post=17895"}],"curies":[{"name":"wp","href":"https:\/\/api.w.org\/{rel}","templated":true}]}}