{"id":177595,"date":"2026-04-13T07:53:49","date_gmt":"2026-04-13T06:53:49","guid":{"rendered":"https:\/\/bigbuy.tupique.com\/produto\/access-point-hpe-s1t18a-white\/"},"modified":"2026-04-15T02:19:58","modified_gmt":"2026-04-15T01:19:58","slug":"access-point-hpe-s1t18a-white","status":"publish","type":"product","link":"https:\/\/bigbuy.tupique.com\/es\/produto\/access-point-hpe-s1t18a-white\/","title":{"rendered":"Point d&#8217;Acc\u00e8s HPE S1T18A Blanc"},"content":{"rendered":"<p>Si vous \u00eates passionn\u00e9 d&#8217;<b>informatique et d&#8217;\u00e9lectronique<\/b>, si vous \u00eates \u00e0 la pointe de la technologie et qu&#8217;aucun d\u00e9tail ne vous \u00e9chappe, achetez <b>Point d&#8217;Acc\u00e8s HPE S1T18A Blanc<\/b> au meilleur prix.<\/p>\n<p>Le <b>point d\u2019acc\u00e8s<\/b> <b>HPE S1T18A<\/b> de la marque reconnue HPE est un appareil con\u00e7u pour offrir une connectivit\u00e9 sans fil efficace et moderne dans des espaces int\u00e9rieurs de petite taille. Ce mod\u00e8le, de couleur <b>blanche<\/b> et au design compact d\u2019environ <b>145 mm<\/b>, int\u00e8gre la technologie Wi-Fi CERTIFIED\u2122 6, garantissant des performances adapt\u00e9es \u00e0 des environnements avec jusqu\u2019\u00e0 <b>50 appareils connect\u00e9s simultan\u00e9ment<\/b>. Sa configuration radio double bande fonctionne sur les fr\u00e9quences <b>2,4 GHz et 5 GHz<\/b>, atteignant une vitesse maximale combin\u00e9e de <b>1200 Mbit\/s<\/b>, permettant une exp\u00e9rience stable et fluide dans des contextes \u00e0 besoins mod\u00e9r\u00e9s en transfert de donn\u00e9es. De plus, le HPE S1T18A prend en charge les normes de s\u00e9curit\u00e9 les plus r\u00e9centes, notamment <b>WPA2 et WPA3<\/b>, pour prot\u00e9ger le r\u00e9seau contre les acc\u00e8s non autoris\u00e9s. Pour faciliter son installation et sa maintenance, il inclut un port <b>RJ45 avec alimentation PoE (Power over Ethernet)<\/b> simplifiant la connexion \u00e9lectrique et r\u00e9duisant le c\u00e2blage n\u00e9cessaire, compatible avec une prise de type europ\u00e9en. Sa capacit\u00e9 d\u2019int\u00e9gration avec la technologie <b>Smart Mesh<\/b> permet d\u2019\u00e9tendre facilement la couverture sans fil en travaillant avec d\u2019autres points d\u2019acc\u00e8s de la s\u00e9rie Instant On, facilitant la cr\u00e9ation de r\u00e9seaux plus larges sans installations complexes suppl\u00e9mentaires. Cet appareil est particuli\u00e8rement recommand\u00e9 pour les bureaux \u00e0 domicile, salles de r\u00e9union et environnements \u00e0 faible densit\u00e9, o\u00f9 une couverture fiable et des performances ad\u00e9quates sont n\u00e9cessaires sans d\u00e9passer le budget. Avec une consommation maximale de <b>10,9 W<\/b>, ce point d\u2019acc\u00e8s allie efficacit\u00e9 \u00e9nerg\u00e9tique et fonctionnalit\u00e9s avanc\u00e9es. En r\u00e9sum\u00e9, le HPE S1T18A est une solution compacte et polyvalente offrant une connexion Wi-Fi robuste et s\u00e9curis\u00e9e dans de petits espaces, apportant flexibilit\u00e9 et compatibilit\u00e9 au sein des r\u00e9seaux professionnels et institutionnels.<\/p>\n<ul>\n<li>Produit \u00e0 brancher: Oui<\/li>\n<li>Type: Point d&#8217;Acc\u00e8s<\/li>\n<li>Type de prise: Prise EU<\/li>\n<li>Bloc d\u2019Alimentation: r\u00e9seau \u00e9lectrique<\/li>\n<li>Couleur: Blanc<\/li>\n<li>Connexions:\n<ul>\n<li>RJ45<\/li>\n<li>PoE x 1<\/li>\n<\/ul>\n<\/li>\n<li>vitesse: 1200 Mbit\/s<\/li>\n<\/ul>","protected":false},"excerpt":{"rendered":"<p>Si vous \u00eates passionn\u00e9 d&#8217;informatique et d&#8217;\u00e9lectronique, si vous \u00eates \u00e0 la pointe de la technologie et qu&#8217;aucun d\u00e9tail ne vous \u00e9chappe, achetez Point d&#8217;Acc\u00e8s HPE S1T18A Blanc au meilleur prix. Le point d\u2019acc\u00e8s HPE S1T18A de la marque reconnue HPE est un appareil con\u00e7u pour offrir une connectivit\u00e9 sans fil efficace et moderne dans [&hellip;]<\/p>\n","protected":false},"featured_media":177591,"comment_status":"open","ping_status":"closed","template":"","meta":[],"product_brand":[644],"product_cat":[65,584,591],"product_tag":[106],"class_list":{"0":"post-177595","1":"product","2":"type-product","3":"status-publish","4":"has-post-thumbnail","6":"product_brand-brandp_662","7":"product_cat-informatique-electronique","8":"product_cat-informatique-reseaux-et-composants","9":"product_cat-points-d-acces","10":"product_tag-tag_1295","12":"first","13":"instock","14":"taxable","15":"shipping-taxable","16":"purchasable","17":"product-type-simple"},"_links":{"self":[{"href":"https:\/\/bigbuy.tupique.com\/es\/wp-json\/wp\/v2\/product\/177595","targetHints":{"allow":["GET"]}}],"collection":[{"href":"https:\/\/bigbuy.tupique.com\/es\/wp-json\/wp\/v2\/product"}],"about":[{"href":"https:\/\/bigbuy.tupique.com\/es\/wp-json\/wp\/v2\/types\/product"}],"replies":[{"embeddable":true,"href":"https:\/\/bigbuy.tupique.com\/es\/wp-json\/wp\/v2\/comments?post=177595"}],"wp:featuredmedia":[{"embeddable":true,"href":"https:\/\/bigbuy.tupique.com\/es\/wp-json\/wp\/v2\/media\/177591"}],"wp:attachment":[{"href":"https:\/\/bigbuy.tupique.com\/es\/wp-json\/wp\/v2\/media?parent=177595"}],"wp:term":[{"taxonomy":"product_brand","embeddable":true,"href":"https:\/\/bigbuy.tupique.com\/es\/wp-json\/wp\/v2\/product_brand?post=177595"},{"taxonomy":"product_cat","embeddable":true,"href":"https:\/\/bigbuy.tupique.com\/es\/wp-json\/wp\/v2\/product_cat?post=177595"},{"taxonomy":"product_tag","embeddable":true,"href":"https:\/\/bigbuy.tupique.com\/es\/wp-json\/wp\/v2\/product_tag?post=177595"}],"curies":[{"name":"wp","href":"https:\/\/api.w.org\/{rel}","templated":true}]}}