{"id":17665,"date":"2026-03-29T14:48:43","date_gmt":"2026-03-29T13:48:43","guid":{"rendered":"https:\/\/bigbuy.tupique.com\/produto\/driver-drill-bosch-gsb-18v-45-82-pieces-45-nm\/"},"modified":"2026-04-16T16:41:20","modified_gmt":"2026-04-16T15:41:20","slug":"driver-drill-bosch-gsb-18v-45-82-pieces-45-nm","status":"publish","type":"product","link":"https:\/\/bigbuy.tupique.com\/es\/produto\/driver-drill-bosch-gsb-18v-45-82-pieces-45-nm\/","title":{"rendered":"Perceuse \u00e0 Percussion BOSCH GSB 18V-45 82 Pi\u00e8ces 45 Nm"},"content":{"rendered":"<p>Si vous aimez prendre soin de chaque d\u00e9tail de votre maison et d&#8217;\u00eatre \u00e0 la derni\u00e8re mode en mati\u00e8re de produits qui vous rendront la vie plus facile, achetez <b>Perceuse \u00e0 Percussion BOSCH GSB 18V-45 82 Pi\u00e8ces 45 Nm<\/b> au meilleur prix.<\/p>\n<ul>\n<li>Produit \u00e0 brancher: Oui<\/li>\n<li>Type de prise: Prise EU<\/li>\n<li>Nombre de pi\u00e8ces: 82 Pi\u00e8ces<\/li>\n<li>Inclut:\n<ul>\n<li>Porte documents<\/li>\n<li>Chargeur de batterie<\/li>\n<li>Batterie au lithium rechargeable x 2<\/li>\n<li>pointes interchangeables<\/li>\n<li>Batterie au lithium rechargeable<\/li>\n<\/ul>\n<\/li>\n<li>Caract\u00e9ristiques:\n<ul>\n<li>Clip de ceinture<\/li>\n<li>Verrou de s\u00e9curit\u00e9<\/li>\n<\/ul>\n<\/li>\n<li>Tension: 18 V<\/li>\n<li>Capacit\u00e9 de la batterie: 2 Ah<\/li>\n<li>Couleur:\n<ul>\n<li>Bleu<\/li>\n<li>Noir<\/li>\n<\/ul>\n<\/li>\n<li>Bloc d\u2019Alimentation:\n<ul>\n<li>r\u00e9seau \u00e9lectrique<\/li>\n<li>Batterie<\/li>\n<\/ul>\n<\/li>\n<li>Type: Perceuse \u00e0 Percussion<\/li>\n<li>vitesse: 1900 rpm<\/li>\n<li>Type de batterie: Litio Ion<\/li>\n<li>Couple de serrage: 45 Nm<\/li>\n<\/ul>","protected":false},"excerpt":{"rendered":"<p>Si vous aimez prendre soin de chaque d\u00e9tail de votre maison et d&#8217;\u00eatre \u00e0 la derni\u00e8re mode en mati\u00e8re de produits qui vous rendront la vie plus facile, achetez Perceuse \u00e0 Percussion BOSCH GSB 18V-45 82 Pi\u00e8ces 45 Nm au meilleur prix. Produit \u00e0 brancher: Oui Type de prise: Prise EU Nombre de pi\u00e8ces: 82 [&hellip;]<\/p>\n","protected":false},"featured_media":17661,"comment_status":"open","ping_status":"closed","template":"","meta":[],"product_brand":[162],"product_cat":[613,239],"product_tag":[59,210],"class_list":{"0":"post-17665","1":"product","2":"type-product","3":"status-publish","4":"has-post-thumbnail","6":"product_brand-brandp_959","7":"product_cat-bricolage-et-materiel","8":"product_cat-maison-jardin","9":"product_tag-tag_1304","10":"product_tag-tag_25","12":"first","13":"instock","14":"taxable","15":"shipping-taxable","16":"purchasable","17":"product-type-simple"},"_links":{"self":[{"href":"https:\/\/bigbuy.tupique.com\/es\/wp-json\/wp\/v2\/product\/17665","targetHints":{"allow":["GET"]}}],"collection":[{"href":"https:\/\/bigbuy.tupique.com\/es\/wp-json\/wp\/v2\/product"}],"about":[{"href":"https:\/\/bigbuy.tupique.com\/es\/wp-json\/wp\/v2\/types\/product"}],"replies":[{"embeddable":true,"href":"https:\/\/bigbuy.tupique.com\/es\/wp-json\/wp\/v2\/comments?post=17665"}],"wp:featuredmedia":[{"embeddable":true,"href":"https:\/\/bigbuy.tupique.com\/es\/wp-json\/wp\/v2\/media\/17661"}],"wp:attachment":[{"href":"https:\/\/bigbuy.tupique.com\/es\/wp-json\/wp\/v2\/media?parent=17665"}],"wp:term":[{"taxonomy":"product_brand","embeddable":true,"href":"https:\/\/bigbuy.tupique.com\/es\/wp-json\/wp\/v2\/product_brand?post=17665"},{"taxonomy":"product_cat","embeddable":true,"href":"https:\/\/bigbuy.tupique.com\/es\/wp-json\/wp\/v2\/product_cat?post=17665"},{"taxonomy":"product_tag","embeddable":true,"href":"https:\/\/bigbuy.tupique.com\/es\/wp-json\/wp\/v2\/product_tag?post=17665"}],"curies":[{"name":"wp","href":"https:\/\/api.w.org\/{rel}","templated":true}]}}