{"id":17628,"date":"2026-03-29T14:47:52","date_gmt":"2026-03-29T13:47:52","guid":{"rendered":"https:\/\/bigbuy.tupique.com\/produto\/electric-planer-bosch-gho-12v-20-18-v\/"},"modified":"2026-05-11T20:02:45","modified_gmt":"2026-05-11T18:02:45","slug":"electric-planer-bosch-gho-12v-20-18-v","status":"publish","type":"product","link":"https:\/\/bigbuy.tupique.com\/es\/produto\/electric-planer-bosch-gho-12v-20-18-v\/","title":{"rendered":"Rabot de charpente \u00e9lectrique BOSCH GHO 12V-20 18 V"},"content":{"rendered":"<p>Si vous aimez prendre soin de chaque d\u00e9tail de votre maison et d&#8217;\u00eatre \u00e0 la derni\u00e8re mode en mati\u00e8re de produits qui vous rendront la vie plus facile, achetez <b>Rabot de charpente \u00e9lectrique BOSCH GHO 12V-20 18 V<\/b> au meilleur prix.<\/p>\n<p>Le <b>GHO 12V-20<\/b> de <b>BOSCH<\/b> est un <b>rabot sans fil<\/b> con\u00e7u pour offrir polyvalence et mobilit\u00e9 dans les travaux de menuiserie et de finition, sans la contrainte des c\u00e2bles, puisqu\u2019il fonctionne avec une <b>batterie 12 V<\/b>. Son m\u00e9canisme haute efficacit\u00e9 fournit une <b>vitesse de rotation de 14 500 tr\/min<\/b>, permettant un rabotage pr\u00e9cis et uniforme sur diff\u00e9rents types de bois, facilitant l\u2019\u00e9limination de mati\u00e8re et l\u2019obtention de surfaces lisses et professionnelles. Ce mod\u00e8le se pr\u00e9sente dans un coloris caract\u00e9ristique <b>bleu<\/b>, typique de la gamme BOSCH, et affiche un poids l\u00e9ger d\u2019environ <b>1,5 kg<\/b>, contribuant \u00e0 une prise en main confortable et \u00e0 une r\u00e9duction de la fatigue lors d\u2019une utilisation prolong\u00e9e. Le rabot est livr\u00e9 en format L-BOXX, facilitant son rangement et son transport s\u00e9curis\u00e9, bien qu\u2019il soit fourni sans batterie ni chargeur, permettant aux utilisateurs poss\u00e9dant d\u00e9j\u00e0 des outils BOSCH de cette tension d\u2019utiliser leurs \u00e9quipements existants. De plus, il respecte les normes de s\u00e9curit\u00e9 impos\u00e9es par la certification CE, garantissant la qualit\u00e9 et la fiabilit\u00e9 du produit. Le <b>GHO 12V-20<\/b> constitue une option adapt\u00e9e aux amateurs comme aux professionnels recherchant un outil compact, performant et mobile pour les travaux de rabotage sur bois, int\u00e9grant la technologie reconnue Bosch dans un design ergonomique et fonctionnel.<\/p>\n<ul>\n<li>Type: Pinceau de banc<\/li>\n<li>vitesse: 14500 rpm<\/li>\n<li>Tension:\n<ul>\n<li>12 V<\/li>\n<li>18 V<\/li>\n<\/ul>\n<\/li>\n<li>Couleur: Bleu<\/li>\n<li>Poids: 1,5 Kg<\/li>\n<li>Bloc d\u2019Alimentation: Batterie<\/li>\n<li>Certificat: CE<\/li>\n<li>Capacit\u00e9: 1,5 Kg<\/li>\n<li>Caract\u00e9ristiques: Adh\u00e9sion douce<\/li>\n<li>Inclut: Housse de transport<\/li>\n<\/ul>","protected":false},"excerpt":{"rendered":"<p>Si vous aimez prendre soin de chaque d\u00e9tail de votre maison et d&#8217;\u00eatre \u00e0 la derni\u00e8re mode en mati\u00e8re de produits qui vous rendront la vie plus facile, achetez Rabot de charpente \u00e9lectrique BOSCH GHO 12V-20 18 V au meilleur prix. Le GHO 12V-20 de BOSCH est un rabot sans fil con\u00e7u pour offrir polyvalence [&hellip;]<\/p>\n","protected":false},"featured_media":17625,"comment_status":"open","ping_status":"closed","template":"","meta":[],"product_brand":[162],"product_cat":[613,239],"product_tag":[59,210],"class_list":{"0":"post-17628","1":"product","2":"type-product","3":"status-publish","4":"has-post-thumbnail","6":"product_brand-brandp_959","7":"product_cat-bricolage-et-materiel","8":"product_cat-maison-jardin","9":"product_tag-tag_1304","10":"product_tag-tag_25","12":"first","13":"instock","14":"taxable","15":"shipping-taxable","16":"purchasable","17":"product-type-simple"},"_links":{"self":[{"href":"https:\/\/bigbuy.tupique.com\/es\/wp-json\/wp\/v2\/product\/17628","targetHints":{"allow":["GET"]}}],"collection":[{"href":"https:\/\/bigbuy.tupique.com\/es\/wp-json\/wp\/v2\/product"}],"about":[{"href":"https:\/\/bigbuy.tupique.com\/es\/wp-json\/wp\/v2\/types\/product"}],"replies":[{"embeddable":true,"href":"https:\/\/bigbuy.tupique.com\/es\/wp-json\/wp\/v2\/comments?post=17628"}],"wp:featuredmedia":[{"embeddable":true,"href":"https:\/\/bigbuy.tupique.com\/es\/wp-json\/wp\/v2\/media\/17625"}],"wp:attachment":[{"href":"https:\/\/bigbuy.tupique.com\/es\/wp-json\/wp\/v2\/media?parent=17628"}],"wp:term":[{"taxonomy":"product_brand","embeddable":true,"href":"https:\/\/bigbuy.tupique.com\/es\/wp-json\/wp\/v2\/product_brand?post=17628"},{"taxonomy":"product_cat","embeddable":true,"href":"https:\/\/bigbuy.tupique.com\/es\/wp-json\/wp\/v2\/product_cat?post=17628"},{"taxonomy":"product_tag","embeddable":true,"href":"https:\/\/bigbuy.tupique.com\/es\/wp-json\/wp\/v2\/product_tag?post=17628"}],"curies":[{"name":"wp","href":"https:\/\/api.w.org\/{rel}","templated":true}]}}