{"id":17592,"date":"2026-03-29T14:47:05","date_gmt":"2026-03-29T13:47:05","guid":{"rendered":"https:\/\/bigbuy.tupique.com\/produto\/superautomatic-coffee-maker-delonghi-magnifica-evo-14-l-black\/"},"modified":"2026-04-16T17:21:19","modified_gmt":"2026-04-16T16:21:19","slug":"superautomatic-coffee-maker-delonghi-magnifica-evo-14-l-black","status":"publish","type":"product","link":"https:\/\/bigbuy.tupique.com\/es\/produto\/superautomatic-coffee-maker-delonghi-magnifica-evo-14-l-black\/","title":{"rendered":"Cafeti\u00e8re superautomatique DeLonghi MAGNIFICA EVO 1,4 L Noir"},"content":{"rendered":"<p>Si vous recherchez des \u00e9lectrom\u00e9nagers pour votre maison aux meilleurs prix, ne manquez pas <b>Cafeti\u00e8re superautomatique DeLonghi MAGNIFICA EVO 1,4 L Noir<\/b> et une large s\u00e9lection de petits \u00e9lectrom\u00e9nagers de qualit\u00e9 !<\/p>\n<p>La <b>cafeti\u00e8re super-automatique<\/b> <b>DeLonghi ECAM 290.61.B<\/b> est une excellente option pour ceux qui recherchent un maximum de confort et de qualit\u00e9 dans la pr\u00e9paration du caf\u00e9 \u00e0 la maison. Ce mod\u00e8le, finition <b>noir<\/b> avec \u00e9l\u00e9gants d\u00e9tails en <b>acier inoxydable<\/b>, pr\u00e9sente un design moderne et compact qui s\u2019adapte parfaitement \u00e0 toute cuisine. Parmi ses caract\u00e9ristiques principales figure un <b>moulin int\u00e9gr\u00e9<\/b>, permettant de moudre les grains juste avant l\u2019extraction pour obtenir un caf\u00e9 frais et aromatique \u00e0 chaque tasse. Son <b>r\u00e9servoir d\u2019eau de 1,8 litre<\/b> et le <b>r\u00e9servoir \u00e0 grains de 250 grammes<\/b> offrent une capacit\u00e9 suffisante pour pr\u00e9parer plusieurs doses sans recharges fr\u00e9quentes, tandis que la pr\u00e9sence d\u2019un <b>r\u00e9servoir \u00e0 lait<\/b> facilite la cr\u00e9ation de sp\u00e9cialit\u00e9s comme cappuccinos, lattes et macchiatos en appuyant simplement sur un bouton. L\u2019<b>\u00e9cran int\u00e9gr\u00e9<\/b> et les commandes par boutons rendent la s\u00e9lection des boissons et la personnalisation des param\u00e8tres tels que l\u2019intensit\u00e9, la temp\u00e9rature et le volume intuitives et accessibles m\u00eame aux utilisateurs peu exp\u00e9riment\u00e9s. En tant que <b>machine \u00e0 espresso<\/b> super-automatique, elle automatise tout le processus, de la mouture \u00e0 l\u2019extraction et la gestion du lait, garantissant des r\u00e9sultats constants avec une qualit\u00e9 professionnelle \u00e0 chaque pr\u00e9paration. Gr\u00e2ce \u00e0 son syst\u00e8me efficace et facile d\u2019entretien, elle est id\u00e9ale tant pour les amateurs exigeants de caf\u00e9 que pour les familles souhaitant profiter d\u2019une large vari\u00e9t\u00e9 de boissons sans complication. Le mod\u00e8le ECAM 290.61.B de DeLonghi se distingue comme une solution compl\u00e8te et fiable pour ceux qui valorisent l\u2019excellence, la praticit\u00e9 et la personnalisation dans leur routine caf\u00e9 quotidienne.<\/p>\n<ul>\n<li>Type: Cafeti\u00e8re superautomatique<\/li>\n<li>Mati\u00e8re: Acier inoxydable<\/li>\n<li>Capacit\u00e9:\n<ul>\n<li>1,4 L<\/li>\n<li>150 g<\/li>\n<\/ul>\n<\/li>\n<li>Produit \u00e0 brancher: Oui<\/li>\n<li>Bloc d\u2019Alimentation: r\u00e9seau \u00e9lectrique<\/li>\n<li>Couleur: Noir<\/li>\n<li>Largeur: 24 cm<\/li>\n<li>puissance:\n<ul>\n<li>1450 W<\/li>\n<li>1250 W<\/li>\n<\/ul>\n<\/li>\n<li>\u00c9lev\u00e9: 36 cm<\/li>\n<li>Long: 44 cm<\/li>\n<li>Pression: 15 bar<\/li>\n<li>Caract\u00e9ristiques: Commande par boutons<\/li>\n<\/ul>","protected":false},"excerpt":{"rendered":"<p><span class=\"unit-info\">364.6600 &euro; \/ 100 gr<\/span><\/p>","protected":false},"featured_media":189364,"comment_status":"open","ping_status":"closed","template":"","meta":[],"product_brand":[299],"product_cat":[725,60,77],"product_tag":[59,56],"class_list":{"0":"post-17592","1":"product","2":"type-product","3":"status-publish","4":"has-post-thumbnail","6":"product_brand-brandp_5487","7":"product_cat-cafetieres","8":"product_cat-cuisine-gourmet","9":"product_cat-petit-electromenager","10":"product_tag-tag_1304","11":"product_tag-tag_930","13":"first","14":"instock","15":"taxable","16":"shipping-taxable","17":"purchasable","18":"product-type-simple"},"_links":{"self":[{"href":"https:\/\/bigbuy.tupique.com\/es\/wp-json\/wp\/v2\/product\/17592","targetHints":{"allow":["GET"]}}],"collection":[{"href":"https:\/\/bigbuy.tupique.com\/es\/wp-json\/wp\/v2\/product"}],"about":[{"href":"https:\/\/bigbuy.tupique.com\/es\/wp-json\/wp\/v2\/types\/product"}],"replies":[{"embeddable":true,"href":"https:\/\/bigbuy.tupique.com\/es\/wp-json\/wp\/v2\/comments?post=17592"}],"wp:featuredmedia":[{"embeddable":true,"href":"https:\/\/bigbuy.tupique.com\/es\/wp-json\/wp\/v2\/media\/189364"}],"wp:attachment":[{"href":"https:\/\/bigbuy.tupique.com\/es\/wp-json\/wp\/v2\/media?parent=17592"}],"wp:term":[{"taxonomy":"product_brand","embeddable":true,"href":"https:\/\/bigbuy.tupique.com\/es\/wp-json\/wp\/v2\/product_brand?post=17592"},{"taxonomy":"product_cat","embeddable":true,"href":"https:\/\/bigbuy.tupique.com\/es\/wp-json\/wp\/v2\/product_cat?post=17592"},{"taxonomy":"product_tag","embeddable":true,"href":"https:\/\/bigbuy.tupique.com\/es\/wp-json\/wp\/v2\/product_tag?post=17592"}],"curies":[{"name":"wp","href":"https:\/\/api.w.org\/{rel}","templated":true}]}}