{"id":175635,"date":"2026-04-11T19:29:39","date_gmt":"2026-04-11T18:29:39","guid":{"rendered":"https:\/\/bigbuy.tupique.com\/produto\/external-hard-drive-seagate-stkp12000400-black-12-tb\/"},"modified":"2026-04-15T09:10:57","modified_gmt":"2026-04-15T08:10:57","slug":"external-hard-drive-seagate-stkp12000400-black-12-tb","status":"publish","type":"product","link":"https:\/\/bigbuy.tupique.com\/es\/produto\/external-hard-drive-seagate-stkp12000400-black-12-tb\/","title":{"rendered":"Disque Dur Externe Seagate STKP12000400 Noir 12 TB"},"content":{"rendered":"<p>Si vous \u00eates passionn\u00e9 d&#8217;<b>informatique et d&#8217;\u00e9lectronique<\/b>, si vous \u00eates \u00e0 la pointe de la technologie et qu&#8217;aucun d\u00e9tail ne vous \u00e9chappe, achetez <b>Disque Dur Externe Seagate STKP12000400 Noir 12 TB<\/b> au meilleur prix.<\/p>\n<p>Le <b>disque dur externe<\/b> <b>Seagate Expansion STKP12000400<\/b> offre une solution de stockage haute capacit\u00e9 et simple d\u2019utilisation, id\u00e9ale pour les sauvegardes, les biblioth\u00e8ques multim\u00e9dia et l\u2019extension de l\u2019espace sur PC de bureau gr\u00e2ce \u00e0 ses <b>12 To<\/b> de capacit\u00e9 au format <b>HDD 3,5&#8243;<\/b>. Il int\u00e8gre une interface <b>USB 3.2 Gen 1 (3.1 Gen 1)<\/b>, compatible avec les ports USB standards, qui permet des vitesses de transfert \u00e9lev\u00e9es tout en restant r\u00e9trocompatible avec les versions USB pr\u00e9c\u00e9dentes ; de plus, l\u2019appareil dispose de <b>trois ports USB (USB x 3)<\/b>, tr\u00e8s pratiques pour connecter et alimenter des p\u00e9riph\u00e9riques suppl\u00e9mentaires directement depuis le dispositif. Son design <b>noir<\/b>, avec des dimensions de 41,9 mm de largeur, 125 mm de profondeur et 178,8 mm de hauteur pour un poids de <b>1,18 kg<\/b>, est pens\u00e9 pour une utilisation fixe sur bureau, avec <b>alimentation externe 12 V<\/b> (et non via le bus USB), ce qui contribue \u00e0 un fonctionnement stable du disque interne 3,5&#8243;. Bien qu\u2019il ne dispose pas de <b>WiFi<\/b>, de <b>Bluetooth<\/b> ni de <b>Thunderbolt<\/b>, il assure une connectivit\u00e9 directe, simple et fiable via le c\u00e2ble USB inclus, sans configuration r\u00e9seau suppl\u00e9mentaire. Il est compatible avec <b>Windows 10<\/b> et avec plusieurs syst\u00e8mes <b>macOS<\/b> (macOS 10.12 Sierra, 10.13 High Sierra, 10.14 Mojave et 10.15 Catalina, y compris la version 10.15.3), ce qui facilite son int\u00e9gration aussi bien dans des environnements domestiques que professionnels mixtes. Le pack inclut un <b>c\u00e2ble USB<\/b> et un <b>manuel d\u2019utilisateur<\/b>, permettant une mise en service rapide gr\u00e2ce \u00e0 la connexion plug-and-play, sans installation logicielle complexe. Gr\u00e2ce \u00e0 sa grande capacit\u00e9 de plus de 6 To et \u00e0 son interface USB 3.2, ce mod\u00e8le s\u2019impose comme une option robuste et efficace pour le stockage externe de bureau de grande capacit\u00e9.<\/p>\n<ul>\n<li>Type:\n<ul>\n<li>Disque Dur Externe<\/li>\n<li>HDD<\/li>\n<\/ul>\n<\/li>\n<li>Technologie: HDD<\/li>\n<li>Inclut: C\u00e2ble USB<\/li>\n<li>Ethernet: Non<\/li>\n<li>Profondeur: 125 mm<\/li>\n<li>Poids: 1,18 kg<\/li>\n<li>Connexions:\n<ul>\n<li>USB 3.0<\/li>\n<li>USB<\/li>\n<li>USB 3.2<\/li>\n<li>USB x 3<\/li>\n<\/ul>\n<\/li>\n<li>Couleur: Noir<\/li>\n<li>Connectivit\u00e9: Bluetooth<\/li>\n<li>Syst\u00e8me d&#8217;exploitation: Windows 10<\/li>\n<li>Tension: 12 V<\/li>\n<li>Taille:\n<ul>\n<li>3,5&#8243;<\/li>\n<li>2,5&#8243;<\/li>\n<\/ul>\n<\/li>\n<li>Non Inclus: Wi-Fi<\/li>\n<li>Disque dur: 12 TB<\/li>\n<\/ul>","protected":false},"excerpt":{"rendered":"<p>Si vous \u00eates passionn\u00e9 d&#8217;informatique et d&#8217;\u00e9lectronique, si vous \u00eates \u00e0 la pointe de la technologie et qu&#8217;aucun d\u00e9tail ne vous \u00e9chappe, achetez Disque Dur Externe Seagate STKP12000400 Noir 12 TB au meilleur prix. Le disque dur externe Seagate Expansion STKP12000400 offre une solution de stockage haute capacit\u00e9 et simple d\u2019utilisation, id\u00e9ale pour les sauvegardes, [&hellip;]<\/p>\n","protected":false},"featured_media":176007,"comment_status":"open","ping_status":"closed","template":"","meta":[],"product_brand":[641],"product_cat":[588,65,584],"product_tag":[106],"class_list":{"0":"post-175635","1":"product","2":"type-product","3":"status-publish","4":"has-post-thumbnail","6":"product_brand-brandp_578","7":"product_cat-disques-durs","8":"product_cat-informatique-electronique","9":"product_cat-informatique-reseaux-et-composants","10":"product_tag-tag_1295","12":"first","13":"instock","14":"taxable","15":"shipping-taxable","16":"purchasable","17":"product-type-simple"},"_links":{"self":[{"href":"https:\/\/bigbuy.tupique.com\/es\/wp-json\/wp\/v2\/product\/175635","targetHints":{"allow":["GET"]}}],"collection":[{"href":"https:\/\/bigbuy.tupique.com\/es\/wp-json\/wp\/v2\/product"}],"about":[{"href":"https:\/\/bigbuy.tupique.com\/es\/wp-json\/wp\/v2\/types\/product"}],"replies":[{"embeddable":true,"href":"https:\/\/bigbuy.tupique.com\/es\/wp-json\/wp\/v2\/comments?post=175635"}],"wp:featuredmedia":[{"embeddable":true,"href":"https:\/\/bigbuy.tupique.com\/es\/wp-json\/wp\/v2\/media\/176007"}],"wp:attachment":[{"href":"https:\/\/bigbuy.tupique.com\/es\/wp-json\/wp\/v2\/media?parent=175635"}],"wp:term":[{"taxonomy":"product_brand","embeddable":true,"href":"https:\/\/bigbuy.tupique.com\/es\/wp-json\/wp\/v2\/product_brand?post=175635"},{"taxonomy":"product_cat","embeddable":true,"href":"https:\/\/bigbuy.tupique.com\/es\/wp-json\/wp\/v2\/product_cat?post=175635"},{"taxonomy":"product_tag","embeddable":true,"href":"https:\/\/bigbuy.tupique.com\/es\/wp-json\/wp\/v2\/product_tag?post=175635"}],"curies":[{"name":"wp","href":"https:\/\/api.w.org\/{rel}","templated":true}]}}