{"id":17549,"date":"2026-03-29T14:39:59","date_gmt":"2026-03-29T13:39:59","guid":{"rendered":"https:\/\/bigbuy.tupique.com\/produto\/heater-inverter-7748-72-l-4650-w\/"},"modified":"2026-05-11T20:02:28","modified_gmt":"2026-05-11T18:02:28","slug":"heater-inverter-7748-72-l-4650-w","status":"publish","type":"product","link":"https:\/\/bigbuy.tupique.com\/es\/produto\/heater-inverter-7748-72-l-4650-w\/","title":{"rendered":"Chauffage Inverter 7748 7,2 L 4650 W"},"content":{"rendered":"<p>Si vous aimez prendre soin de chaque d\u00e9tail de votre maison et d&#8217;\u00eatre \u00e0 la derni\u00e8re mode en mati\u00e8re de produits qui vous rendront la vie plus facile, achetez <b>Chauffage Inverter 7748 7,2 L 4650 W<\/b> au meilleur prix.<\/p>\n<p>Le <b>chauffage Inverter mod\u00e8le 7748<\/b> est un po\u00eale \u00e9lectronique \u00e0 k\u00e9ros\u00e8ne con\u00e7u pour offrir une performance efficace et s\u00fbre dans le chauffage des espaces. Il dispose d\u2019une <b>puissance de 4650 W<\/b>, permettant un chauffage rapide et continu, id\u00e9al pour garantir le confort dans les environnements froids. Son <b>r\u00e9servoir de 7,2 litres<\/b> offre une autonomie remarquable, permettant une utilisation prolong\u00e9e sans recharge fr\u00e9quente. Ce chauffage pr\u00e9sente un design robuste et fonctionnel en couleurs <b>noir et gris<\/b>, avec une structure en acier assurant durabilit\u00e9 et r\u00e9sistance, ainsi qu\u2019une hauteur d\u2019environ <b>43 cm<\/b>, dimensions adapt\u00e9es \u00e0 diff\u00e9rents espaces domestiques ou professionnels. Parmi ses caract\u00e9ristiques techniques, la <b>programmation hebdomadaire<\/b> permet de configurer et d\u2019optimiser facilement les horaires de fonctionnement, contribuant \u00e0 l\u2019\u00e9conomie d\u2019\u00e9nergie et au confort de l\u2019utilisateur. Le syst\u00e8me \u00e9lectronique int\u00e9gr\u00e9 facilite un contr\u00f4le pr\u00e9cis de la chaleur et la s\u00e9curit\u00e9 lors de son utilisation. Avec plus de 3 ans de garantie, l\u2019Inverter 7748 allie fonctionnalit\u00e9, qualit\u00e9 des mat\u00e9riaux et performances techniques pour r\u00e9pondre aux besoins de chauffage avec fiabilit\u00e9 et simplicit\u00e9 d\u2019usage. En r\u00e9sum\u00e9, il s\u2019agit d\u2019un chauffage au k\u00e9ros\u00e8ne solide et polyvalent, particuli\u00e8rement adapt\u00e9 \u00e0 ceux qui recherchent un appareil avec une bonne capacit\u00e9, puissance et options de programmation avanc\u00e9e.<\/p>\n<ul>\n<li>Capacit\u00e9: 7,2 L<\/li>\n<li>puissance: 4650 W<\/li>\n<li>Type: Chauffage<\/li>\n<li>\u00c2ge recommand\u00e9: + 3 ans<\/li>\n<\/ul>","protected":false},"excerpt":{"rendered":"<p><span class=\"unit-info\">1295.9800 &euro; \/ 1 m<\/span><\/p>","protected":false},"featured_media":17548,"comment_status":"open","ping_status":"closed","template":"","meta":[],"product_brand":[866],"product_cat":[613,239],"product_tag":[59,210],"class_list":{"0":"post-17549","1":"product","2":"type-product","3":"status-publish","4":"has-post-thumbnail","6":"product_brand-brandp_8485","7":"product_cat-bricolage-et-materiel","8":"product_cat-maison-jardin","9":"product_tag-tag_1304","10":"product_tag-tag_25","12":"first","13":"instock","14":"taxable","15":"shipping-taxable","16":"purchasable","17":"product-type-simple"},"_links":{"self":[{"href":"https:\/\/bigbuy.tupique.com\/es\/wp-json\/wp\/v2\/product\/17549","targetHints":{"allow":["GET"]}}],"collection":[{"href":"https:\/\/bigbuy.tupique.com\/es\/wp-json\/wp\/v2\/product"}],"about":[{"href":"https:\/\/bigbuy.tupique.com\/es\/wp-json\/wp\/v2\/types\/product"}],"replies":[{"embeddable":true,"href":"https:\/\/bigbuy.tupique.com\/es\/wp-json\/wp\/v2\/comments?post=17549"}],"wp:featuredmedia":[{"embeddable":true,"href":"https:\/\/bigbuy.tupique.com\/es\/wp-json\/wp\/v2\/media\/17548"}],"wp:attachment":[{"href":"https:\/\/bigbuy.tupique.com\/es\/wp-json\/wp\/v2\/media?parent=17549"}],"wp:term":[{"taxonomy":"product_brand","embeddable":true,"href":"https:\/\/bigbuy.tupique.com\/es\/wp-json\/wp\/v2\/product_brand?post=17549"},{"taxonomy":"product_cat","embeddable":true,"href":"https:\/\/bigbuy.tupique.com\/es\/wp-json\/wp\/v2\/product_cat?post=17549"},{"taxonomy":"product_tag","embeddable":true,"href":"https:\/\/bigbuy.tupique.com\/es\/wp-json\/wp\/v2\/product_tag?post=17549"}],"curies":[{"name":"wp","href":"https:\/\/api.w.org\/{rel}","templated":true}]}}