{"id":175461,"date":"2026-04-11T19:16:13","date_gmt":"2026-04-11T18:16:13","guid":{"rendered":"https:\/\/bigbuy.tupique.com\/produto\/gaming-control-thrustmaster-black-grey\/"},"modified":"2026-04-16T21:43:35","modified_gmt":"2026-04-16T20:43:35","slug":"gaming-control-thrustmaster-black-grey","status":"publish","type":"product","link":"https:\/\/bigbuy.tupique.com\/es\/produto\/gaming-control-thrustmaster-black-grey\/","title":{"rendered":"Contr\u00f4le des jeux Thrustmaster Noir Gris"},"content":{"rendered":"<p>Si vous \u00eates passionn\u00e9 d&#8217;<b>informatique et d&#8217;\u00e9lectronique<\/b>, si vous \u00eates \u00e0 la pointe de la technologie et qu&#8217;aucun d\u00e9tail ne vous \u00e9chappe, achetez <b>Contr\u00f4le des jeux Thrustmaster Noir Gris<\/b> au meilleur prix.<\/p>\n<p>Le <b>Thrustmaster T128 X Shifter Pack<\/b> est un ensemble de haute qualit\u00e9 con\u00e7u pour les passionn\u00e9s de simulateurs de course souhaitant am\u00e9liorer leur exp\u00e9rience de conduite sur <b>PC<\/b> et <b>Xbox Series X|S et Xbox One<\/b>, compatible \u00e9galement avec des syst\u00e8mes multiplateformes. Ce pack comprend un volant et un jeu de <b>p\u00e9dales<\/b> reconnus pour leur robustesse et pr\u00e9cision, avec un design en <b>noir et rouge<\/b> alliant \u00e9l\u00e9gance et sportivit\u00e9. Le volant se connecte via <b>USB et USB-C<\/b>, assurant une installation rapide et une communication stable avec l\u2019appareil. Son ergonomie est pens\u00e9e pour un confort optimal lors de longues sessions de jeu, tandis que les p\u00e9dales offrent une r\u00e9ponse r\u00e9aliste simulant la pression et le toucher de l\u2019acc\u00e9l\u00e9rateur et du frein d\u2019une voiture r\u00e9elle, garantissant un contr\u00f4le naturel et pr\u00e9cis \u00e0 chaque virage et freinage. De plus, une garantie accompagne ce produit, assurant sa durabilit\u00e9 et sa qualit\u00e9. Ce pack se positionne comme une solution interm\u00e9diaire et accessible pour les joueurs souhaitant d\u00e9buter ou perfectionner leur exp\u00e9rience de conduite virtuelle, alliant fonctionnalit\u00e9, compatibilit\u00e9 et construction solide pour renforcer sensiblement le r\u00e9alisme et l\u2019immersion en jeu.<\/p>\n<ul>\n<li>Plate-forme: PC<\/li>\n<li>Couleur:\n<ul>\n<li>Noir<\/li>\n<li>Gris<\/li>\n<\/ul>\n<\/li>\n<li>Caract\u00e9ristiques: Garantie<\/li>\n<li>Connexions:\n<ul>\n<li>USB<\/li>\n<li>USB-C<\/li>\n<\/ul>\n<\/li>\n<li>Composition: Coton<\/li>\n<li>Bloc d\u2019Alimentation: Avec fil<\/li>\n<li>Entr\u00e9e AC: 100-240 V<\/li>\n<li>Inclut: Manuel de l&#8217;utilisateur<\/li>\n<\/ul>","protected":false},"excerpt":{"rendered":"<p>Si vous \u00eates passionn\u00e9 d&#8217;informatique et d&#8217;\u00e9lectronique, si vous \u00eates \u00e0 la pointe de la technologie et qu&#8217;aucun d\u00e9tail ne vous \u00e9chappe, achetez Contr\u00f4le des jeux Thrustmaster Noir Gris au meilleur prix. Le Thrustmaster T128 X Shifter Pack est un ensemble de haute qualit\u00e9 con\u00e7u pour les passionn\u00e9s de simulateurs de course souhaitant am\u00e9liorer leur [&hellip;]<\/p>\n","protected":false},"featured_media":175455,"comment_status":"open","ping_status":"closed","template":"","meta":[],"product_brand":[789],"product_cat":[730,609,65],"product_tag":[59,572],"class_list":{"0":"post-175461","1":"product","2":"type-product","3":"status-publish","4":"has-post-thumbnail","6":"product_brand-brandp_651","7":"product_cat-accessoires-pour-consoles","8":"product_cat-electronique-jouets-electroniques","9":"product_cat-informatique-electronique","10":"product_tag-tag_1304","11":"product_tag-tag_29","13":"first","14":"instock","15":"taxable","16":"shipping-taxable","17":"purchasable","18":"product-type-simple"},"_links":{"self":[{"href":"https:\/\/bigbuy.tupique.com\/es\/wp-json\/wp\/v2\/product\/175461","targetHints":{"allow":["GET"]}}],"collection":[{"href":"https:\/\/bigbuy.tupique.com\/es\/wp-json\/wp\/v2\/product"}],"about":[{"href":"https:\/\/bigbuy.tupique.com\/es\/wp-json\/wp\/v2\/types\/product"}],"replies":[{"embeddable":true,"href":"https:\/\/bigbuy.tupique.com\/es\/wp-json\/wp\/v2\/comments?post=175461"}],"wp:featuredmedia":[{"embeddable":true,"href":"https:\/\/bigbuy.tupique.com\/es\/wp-json\/wp\/v2\/media\/175455"}],"wp:attachment":[{"href":"https:\/\/bigbuy.tupique.com\/es\/wp-json\/wp\/v2\/media?parent=175461"}],"wp:term":[{"taxonomy":"product_brand","embeddable":true,"href":"https:\/\/bigbuy.tupique.com\/es\/wp-json\/wp\/v2\/product_brand?post=175461"},{"taxonomy":"product_cat","embeddable":true,"href":"https:\/\/bigbuy.tupique.com\/es\/wp-json\/wp\/v2\/product_cat?post=175461"},{"taxonomy":"product_tag","embeddable":true,"href":"https:\/\/bigbuy.tupique.com\/es\/wp-json\/wp\/v2\/product_tag?post=175461"}],"curies":[{"name":"wp","href":"https:\/\/api.w.org\/{rel}","templated":true}]}}