{"id":17504,"date":"2026-03-29T14:38:54","date_gmt":"2026-03-29T13:38:54","guid":{"rendered":"https:\/\/bigbuy.tupique.com\/produto\/crusher-sfa-toilet\/"},"modified":"2026-05-11T20:02:24","modified_gmt":"2026-05-11T18:02:24","slug":"crusher-sfa-toilet","status":"publish","type":"product","link":"https:\/\/bigbuy.tupique.com\/es\/produto\/crusher-sfa-toilet\/","title":{"rendered":"D\u00e9chiqueteuse SFA   Sans odeur"},"content":{"rendered":"<p>Si vous aimez prendre soin de chaque d\u00e9tail de votre maison et d&#8217;\u00eatre \u00e0 la derni\u00e8re mode en mati\u00e8re de produits qui vous rendront la vie plus facile, achetez <b>D\u00e9chiqueteuse SFA   Sans odeur<\/b> au meilleur prix.<\/p>\n<p>Le <b>broyeur SFA Sanibroyeur Plus Silence<\/b> est un appareil con\u00e7u pour faciliter l\u2019\u00e9vacuation des d\u00e9chets dans les installations sanitaires o\u00f9 les raccordements de plomberie classiques sont compliqu\u00e9s ou impossibles. Ce <b>broyeur<\/b> se distingue par sa capacit\u00e9 \u00e0 traiter non seulement les toilettes, mais aussi le lavabo, la douche et le bidet, gr\u00e2ce \u00e0 un <b>r\u00e9servoir de grande capacit\u00e9<\/b> assurant une \u00e9vacuation efficace et continue. Son design compact avec des dimensions de <b>512 x 181 x 270 mm<\/b> facilite son installation dans des espaces restreints sans perdre en fonctionnalit\u00e9. Le moteur puissant de <b>400 W<\/b> fournit la force n\u00e9cessaire pour broyer les d\u00e9chets et les pomper via un flux vertical allant jusqu\u2019\u00e0 <b>5 m\u00e8tres<\/b> et un parcours horizontal pouvant atteindre <b>50 m\u00e8tres<\/b>, ce qui \u00e9largit consid\u00e9rablement les possibilit\u00e9s d\u2019emplacement des sanitaires par rapport aux r\u00e9seaux d\u2019\u00e9vacuation. Il fonctionne avec une alimentation \u00e9lectrique de <b>220 V<\/b> et pr\u00e9sente une finition en <b>blanc<\/b>, une couleur neutre adapt\u00e9e \u00e0 diverses d\u00e9corations de salle de bain. Son niveau sonore est optimis\u00e9 pour r\u00e9duire les nuisances, fid\u00e8le \u00e0 la r\u00e9f\u00e9rence \u00ab Silence \u00bb dans son nom. La polyvalence de ce broyeur en fait une solution pratique pour les r\u00e9novations ou les nouvelles installations o\u00f9 le syst\u00e8me d\u2019\u00e9vacuation traditionnel n\u2019est pas disponible ou difficile \u00e0 adapter. Ainsi, le <b>Sanibroyeur Plus Silence<\/b> se positionne comme un outil technique fiable et efficace pour compl\u00e9ter les installations sanitaires avec protection, ordre et adaptabilit\u00e9 dans les environnements domestiques ou commerciaux.<\/p>\n<ul>\n<li>Type: Sans odeur<\/li>\n<li>Couleur: Blanc<\/li>\n<li>Tension: 220 V<\/li>\n<li>puissance: 400 W<\/li>\n<\/ul>","protected":false},"excerpt":{"rendered":"<p>Si vous aimez prendre soin de chaque d\u00e9tail de votre maison et d&#8217;\u00eatre \u00e0 la derni\u00e8re mode en mati\u00e8re de produits qui vous rendront la vie plus facile, achetez D\u00e9chiqueteuse SFA Sans odeur au meilleur prix. Le broyeur SFA Sanibroyeur Plus Silence est un appareil con\u00e7u pour faciliter l\u2019\u00e9vacuation des d\u00e9chets dans les installations sanitaires [&hellip;]<\/p>\n","protected":false},"featured_media":17500,"comment_status":"open","ping_status":"closed","template":"","meta":[],"product_brand":[405],"product_cat":[613,239],"product_tag":[59,210],"class_list":{"0":"post-17504","1":"product","2":"type-product","3":"status-publish","4":"has-post-thumbnail","6":"product_brand-brandp_8511","7":"product_cat-bricolage-et-materiel","8":"product_cat-maison-jardin","9":"product_tag-tag_1304","10":"product_tag-tag_25","12":"first","13":"instock","14":"taxable","15":"shipping-taxable","16":"purchasable","17":"product-type-simple"},"_links":{"self":[{"href":"https:\/\/bigbuy.tupique.com\/es\/wp-json\/wp\/v2\/product\/17504","targetHints":{"allow":["GET"]}}],"collection":[{"href":"https:\/\/bigbuy.tupique.com\/es\/wp-json\/wp\/v2\/product"}],"about":[{"href":"https:\/\/bigbuy.tupique.com\/es\/wp-json\/wp\/v2\/types\/product"}],"replies":[{"embeddable":true,"href":"https:\/\/bigbuy.tupique.com\/es\/wp-json\/wp\/v2\/comments?post=17504"}],"wp:featuredmedia":[{"embeddable":true,"href":"https:\/\/bigbuy.tupique.com\/es\/wp-json\/wp\/v2\/media\/17500"}],"wp:attachment":[{"href":"https:\/\/bigbuy.tupique.com\/es\/wp-json\/wp\/v2\/media?parent=17504"}],"wp:term":[{"taxonomy":"product_brand","embeddable":true,"href":"https:\/\/bigbuy.tupique.com\/es\/wp-json\/wp\/v2\/product_brand?post=17504"},{"taxonomy":"product_cat","embeddable":true,"href":"https:\/\/bigbuy.tupique.com\/es\/wp-json\/wp\/v2\/product_cat?post=17504"},{"taxonomy":"product_tag","embeddable":true,"href":"https:\/\/bigbuy.tupique.com\/es\/wp-json\/wp\/v2\/product_tag?post=17504"}],"curies":[{"name":"wp","href":"https:\/\/api.w.org\/{rel}","templated":true}]}}