{"id":174907,"date":"2026-04-11T17:42:08","date_gmt":"2026-04-11T16:42:08","guid":{"rendered":"https:\/\/bigbuy.tupique.com\/produto\/tv-mount-vogels-7352050-65-43-86\/"},"modified":"2026-04-15T09:10:48","modified_gmt":"2026-04-15T08:10:48","slug":"tv-mount-vogels-7352050-65-43-86","status":"publish","type":"product","link":"https:\/\/bigbuy.tupique.com\/es\/produto\/tv-mount-vogels-7352050-65-43-86\/","title":{"rendered":"Support de TV Vogel&#8217;s 7352050 65&#8243; 43&#8243; 86&#8243;"},"content":{"rendered":"<p>Si vous \u00eates passionn\u00e9 d&#8217;<b>informatique et d&#8217;\u00e9lectronique<\/b>, si vous \u00eates \u00e0 la pointe de la technologie et qu&#8217;aucun d\u00e9tail ne vous \u00e9chappe, achetez <b>Support de TV Vogel&#8217;s 7352050 65&#8243; 43&#8243; 86&#8243;<\/b> au meilleur prix.<\/p>\n<p>Le <b>support TV Vogel&#8217;s mod\u00e8le 7352050<\/b> est une solution robuste et polyvalente con\u00e7ue sp\u00e9cifiquement pour fixer facilement et en toute s\u00e9curit\u00e9 des \u00e9crans de grande taille. Adapt\u00e9 aux t\u00e9l\u00e9viseurs et moniteurs de type vid\u00e9owall, ce support convient \u00e0 une plage de tailles allant de <b>65&#8243; \u00e0 86&#8243;<\/b>, offrant une compatibilit\u00e9 avec une large gamme d\u2019appareils grand format. Sa finition en <b>noir<\/b> apporte un design discret et \u00e9l\u00e9gant qui s\u2019int\u00e8gre parfaitement dans tout environnement, qu\u2019il soit domestique, commercial ou professionnel. Fabriqu\u00e9 par Vogel&#8217;s, une marque reconnue pour la qualit\u00e9 et la fiabilit\u00e9 de ses syst\u00e8mes de montage audiovisuel, ce support garantit une installation stable et durable, optimisant l\u2019espace et facilitant la gestion visuelle dans les vid\u00e9owalls ou configurations multi-\u00e9crans. Sa configuration permet de fixer en toute s\u00e9curit\u00e9 aussi bien des t\u00e9l\u00e9viseurs plats que des moniteurs sp\u00e9cialis\u00e9s, ce qui en fait un choix privil\u00e9gi\u00e9 pour les utilisateurs recherchant un support solide, adaptable et esth\u00e9tiquement neutre pour leurs appareils grand format. En r\u00e9sum\u00e9, le mod\u00e8le 7352050 repr\u00e9sente une solution technique efficace et polyvalente pour ceux qui ont besoin de monter des \u00e9crans grand format avec confiance et qualit\u00e9.<\/p>\n<ul>\n<li>Couleur: Noir<\/li>\n<li>Caract\u00e9ristiques:\n<ul>\n<li>Motoris\u00e9<\/li>\n<li>4 roues pour facilit\u00e9 son d\u00e9placement<\/li>\n<li>Hauteur r\u00e9glable<\/li>\n<\/ul>\n<\/li>\n<li>Pouces:\n<ul>\n<li>65&#8243;<\/li>\n<li>86&#8243;<\/li>\n<\/ul>\n<\/li>\n<li>Type:\n<ul>\n<li>Support de TV<\/li>\n<li>Moniteur Videowall<\/li>\n<li>Support pour le sol<\/li>\n<\/ul>\n<\/li>\n<li>Inclut: Vis<\/li>\n<li>Ecran:\n<ul>\n<li>65&#8243;<\/li>\n<li>43&#8243;<\/li>\n<li>86&#8243;<\/li>\n<\/ul>\n<\/li>\n<li>Montage: Ind\u00e9pendant<\/li>\n<li>VESA:\n<ul>\n<li>30 x 30 cm<\/li>\n<li>80 x 60 cm<\/li>\n<\/ul>\n<\/li>\n<li>Compatible: VESA 800 x 600<\/li>\n<li>M\u00e9moire RAM: 8 GB RAM<\/li>\n<li>Syst\u00e8me d&#8217;exploitation: Windows 10 Pro<\/li>\n<li>Diagonale de l&#8217;\u00e9cran (cm): 39,6 cm<\/li>\n<li>Connexions: USB 2.0 x 2<\/li>\n<\/ul>","protected":false},"excerpt":{"rendered":"<p>Si vous \u00eates passionn\u00e9 d&#8217;informatique et d&#8217;\u00e9lectronique, si vous \u00eates \u00e0 la pointe de la technologie et qu&#8217;aucun d\u00e9tail ne vous \u00e9chappe, achetez Support de TV Vogel&#8217;s 7352050 65&#8243; 43&#8243; 86&#8243; au meilleur prix. Le support TV Vogel&#8217;s mod\u00e8le 7352050 est une solution robuste et polyvalente con\u00e7ue sp\u00e9cifiquement pour fixer facilement et en toute s\u00e9curit\u00e9 [&hellip;]<\/p>\n","protected":false},"featured_media":174906,"comment_status":"open","ping_status":"closed","template":"","meta":[],"product_brand":[643],"product_cat":[589,65,590],"product_tag":[210],"class_list":{"0":"post-174907","1":"product","2":"type-product","3":"status-publish","4":"has-post-thumbnail","6":"product_brand-brandp_920","7":"product_cat-electronique-television","8":"product_cat-informatique-electronique","9":"product_cat-supports-de-television","10":"product_tag-tag_25","12":"first","13":"instock","14":"taxable","15":"shipping-taxable","16":"purchasable","17":"product-type-simple"},"_links":{"self":[{"href":"https:\/\/bigbuy.tupique.com\/es\/wp-json\/wp\/v2\/product\/174907","targetHints":{"allow":["GET"]}}],"collection":[{"href":"https:\/\/bigbuy.tupique.com\/es\/wp-json\/wp\/v2\/product"}],"about":[{"href":"https:\/\/bigbuy.tupique.com\/es\/wp-json\/wp\/v2\/types\/product"}],"replies":[{"embeddable":true,"href":"https:\/\/bigbuy.tupique.com\/es\/wp-json\/wp\/v2\/comments?post=174907"}],"wp:featuredmedia":[{"embeddable":true,"href":"https:\/\/bigbuy.tupique.com\/es\/wp-json\/wp\/v2\/media\/174906"}],"wp:attachment":[{"href":"https:\/\/bigbuy.tupique.com\/es\/wp-json\/wp\/v2\/media?parent=174907"}],"wp:term":[{"taxonomy":"product_brand","embeddable":true,"href":"https:\/\/bigbuy.tupique.com\/es\/wp-json\/wp\/v2\/product_brand?post=174907"},{"taxonomy":"product_cat","embeddable":true,"href":"https:\/\/bigbuy.tupique.com\/es\/wp-json\/wp\/v2\/product_cat?post=174907"},{"taxonomy":"product_tag","embeddable":true,"href":"https:\/\/bigbuy.tupique.com\/es\/wp-json\/wp\/v2\/product_tag?post=174907"}],"curies":[{"name":"wp","href":"https:\/\/api.w.org\/{rel}","templated":true}]}}