{"id":174905,"date":"2026-04-11T17:42:02","date_gmt":"2026-04-11T16:42:02","guid":{"rendered":"https:\/\/bigbuy.tupique.com\/produto\/3-port-usb-hub-startech-dk30c2dppdue\/"},"modified":"2026-05-11T19:58:42","modified_gmt":"2026-05-11T17:58:42","slug":"3-port-usb-hub-startech-dk30c2dppdue","status":"publish","type":"product","link":"https:\/\/bigbuy.tupique.com\/es\/produto\/3-port-usb-hub-startech-dk30c2dppdue\/","title":{"rendered":"Hub USB 3 Ports Startech DK30C2DPPDUE"},"content":{"rendered":"<p>Si vous \u00eates passionn\u00e9 d&#8217;<b>informatique et d&#8217;\u00e9lectronique<\/b>, si vous \u00eates \u00e0 la pointe de la technologie et qu&#8217;aucun d\u00e9tail ne vous \u00e9chappe, achetez <b>Hub USB 3 Ports Startech DK30C2DPPDUE        <\/b> au meilleur prix.<\/p>\n<ul>\n<li>Type: Avec fil<\/li>\n<li>Connexions:\n<ul>\n<li>USB-C<\/li>\n<li>USB-A 3.2<\/li>\n<li>Ethernet LAN<\/li>\n<li>RJ45<\/li>\n<li>2 x HDMI<\/li>\n<\/ul>\n<\/li>\n<li>Couleur:\n<ul>\n<li>Gris<\/li>\n<li>Noir<\/li>\n<\/ul>\n<\/li>\n<li>puissance: 60 W<\/li>\n<li>vitesse: 5 Gbit\/s<\/li>\n<li>Tension:\n<ul>\n<li>100-240 V<\/li>\n<li>20 V<\/li>\n<\/ul>\n<\/li>\n<li>Tension de sortie: 20 V<\/li>\n<\/ul>","protected":false},"excerpt":{"rendered":"<p>Si vous \u00eates passionn\u00e9 d&#8217;informatique et d&#8217;\u00e9lectronique, si vous \u00eates \u00e0 la pointe de la technologie et qu&#8217;aucun d\u00e9tail ne vous \u00e9chappe, achetez Hub USB 3 Ports Startech DK30C2DPPDUE au meilleur prix. Type: Avec fil Connexions: USB-C USB-A 3.2 Ethernet LAN RJ45 2 x HDMI Couleur: Gris Noir puissance: 60 W vitesse: 5 Gbit\/s Tension: [&hellip;]<\/p>\n","protected":false},"featured_media":174903,"comment_status":"open","ping_status":"closed","template":"","meta":[],"product_brand":[634],"product_cat":[611,65,584],"product_tag":[106],"class_list":{"0":"post-174905","1":"product","2":"type-product","3":"status-publish","4":"has-post-thumbnail","6":"product_brand-brandp_4771","7":"product_cat-hub-usb","8":"product_cat-informatique-electronique","9":"product_cat-informatique-reseaux-et-composants","10":"product_tag-tag_1295","12":"first","13":"instock","14":"taxable","15":"shipping-taxable","16":"purchasable","17":"product-type-simple"},"_links":{"self":[{"href":"https:\/\/bigbuy.tupique.com\/es\/wp-json\/wp\/v2\/product\/174905","targetHints":{"allow":["GET"]}}],"collection":[{"href":"https:\/\/bigbuy.tupique.com\/es\/wp-json\/wp\/v2\/product"}],"about":[{"href":"https:\/\/bigbuy.tupique.com\/es\/wp-json\/wp\/v2\/types\/product"}],"replies":[{"embeddable":true,"href":"https:\/\/bigbuy.tupique.com\/es\/wp-json\/wp\/v2\/comments?post=174905"}],"wp:featuredmedia":[{"embeddable":true,"href":"https:\/\/bigbuy.tupique.com\/es\/wp-json\/wp\/v2\/media\/174903"}],"wp:attachment":[{"href":"https:\/\/bigbuy.tupique.com\/es\/wp-json\/wp\/v2\/media?parent=174905"}],"wp:term":[{"taxonomy":"product_brand","embeddable":true,"href":"https:\/\/bigbuy.tupique.com\/es\/wp-json\/wp\/v2\/product_brand?post=174905"},{"taxonomy":"product_cat","embeddable":true,"href":"https:\/\/bigbuy.tupique.com\/es\/wp-json\/wp\/v2\/product_cat?post=174905"},{"taxonomy":"product_tag","embeddable":true,"href":"https:\/\/bigbuy.tupique.com\/es\/wp-json\/wp\/v2\/product_tag?post=174905"}],"curies":[{"name":"wp","href":"https:\/\/api.w.org\/{rel}","templated":true}]}}